{"id":12,"date":"2011-04-18T14:47:49","date_gmt":"2011-04-18T17:47:49","guid":{"rendered":"http:\/\/www.ifbaiano.edu.br\/portal\/discente20112\/?page_id=12"},"modified":"2015-02-23T23:39:44","modified_gmt":"2015-02-23T23:39:44","slug":"coluna1","status":"publish","type":"page","link":"https:\/\/concurso.ifbaiano.edu.br\/portal\/tutores20151\/pagina-inicial\/coluna1\/","title":{"rendered":"Coluna 1 &#8211; O Processo Seletivo"},"content":{"rendered":"<p class=\"inicial-titulo\" style=\"text-align: left\">O Processo Seletivo<\/p>\n<p style=\"text-align: justify\">O Reitor do Instituto Federal de Educa\u00e7\u00e3o, Ci\u00eancia e Tecnologia Baiano (IF BAIANO), no uso de suas atribui\u00e7\u00f5es, faz saber aos interessados que estar\u00e3o abertas as inscri\u00e7\u00f5es para o Processo Seletivo Simplificado, com vistas \u00e0 forma\u00e7\u00e3o de cadastro de reserva para TUTORES PRESENCIAIS e TUTORES A DIST\u00c2NCIA p a r a o s Cursos T\u00e9cnicos de N\u00edvel M\u00e9dio do Programa Profuncion\u00e1rio (Secretaria Escolar, Multimeios Did\u00e1ticos, Infraestrutura Escolar e Alimenta\u00e7\u00e3o Escolar), na forma subsequente, modalidade a dist\u00e2ncia.<\/p>\n<p class=\"inicial-titulo\">Inscri\u00e7\u00f5es<\/p>\n<p style=\"text-align: justify\">A inscri\u00e7\u00e3o neste Processo Seletivo dar-se-\u00e1 exclusivamente via email enviado para o endere\u00e7o profuncionario2015@ead.ifbaiano.edu.br at\u00e9 o dia 13 de mar\u00e7o de 2015.<strong><br \/>\n<\/strong><\/p>\n","protected":false},"excerpt":{"rendered":"<p>O Processo Seletivo O Reitor do Instituto Federal de Educa\u00e7\u00e3o, Ci\u00eancia e Tecnologia Baiano (IF BAIANO), no uso de suas atribui\u00e7\u00f5es, faz saber aos interessados que estar\u00e3o abertas as inscri\u00e7\u00f5es para o Processo Seletivo Simplificado, com vistas \u00e0 forma\u00e7\u00e3o de &hellip; <a href=\"https:\/\/concurso.ifbaiano.edu.br\/portal\/tutores20151\/pagina-inicial\/coluna1\/\">Continue lendo <span class=\"meta-nav\">&rarr;<\/span><\/a><\/p>\n","protected":false},"author":5,"featured_media":0,"parent":8,"menu_order":1,"comment_status":"closed","ping_status":"closed","template":"","meta":[],"_links":{"self":[{"href":"https:\/\/concurso.ifbaiano.edu.br\/portal\/tutores20151\/wp-json\/wp\/v2\/pages\/12"}],"collection":[{"href":"https:\/\/concurso.ifbaiano.edu.br\/portal\/tutores20151\/wp-json\/wp\/v2\/pages"}],"about":[{"href":"https:\/\/concurso.ifbaiano.edu.br\/portal\/tutores20151\/wp-json\/wp\/v2\/types\/page"}],"author":[{"embeddable":true,"href":"https:\/\/concurso.ifbaiano.edu.br\/portal\/tutores20151\/wp-json\/wp\/v2\/users\/5"}],"replies":[{"embeddable":true,"href":"https:\/\/concurso.ifbaiano.edu.br\/portal\/tutores20151\/wp-json\/wp\/v2\/comments?post=12"}],"version-history":[{"count":4,"href":"https:\/\/concurso.ifbaiano.edu.br\/portal\/tutores20151\/wp-json\/wp\/v2\/pages\/12\/revisions"}],"predecessor-version":[{"id":429,"href":"https:\/\/concurso.ifbaiano.edu.br\/portal\/tutores20151\/wp-json\/wp\/v2\/pages\/12\/revisions\/429"}],"up":[{"embeddable":true,"href":"https:\/\/concurso.ifbaiano.edu.br\/portal\/tutores20151\/wp-json\/wp\/v2\/pages\/8"}],"wp:attachment":[{"href":"https:\/\/concurso.ifbaiano.edu.br\/portal\/tutores20151\/wp-json\/wp\/v2\/media?parent=12"}],"curies":[{"name":"wp","href":"https:\/\/api.w.org\/{rel}","templated":true}]}}