{"id":9,"date":"2011-04-18T14:47:01","date_gmt":"2011-04-18T17:47:01","guid":{"rendered":"http:\/\/www.ifbaiano.edu.br\/portal\/discente20112\/?page_id=9"},"modified":"2014-04-07T10:06:02","modified_gmt":"2014-04-07T13:06:02","slug":"coluna2","status":"publish","type":"page","link":"https:\/\/concurso.ifbaiano.edu.br\/portal\/tutores20141\/pagina-inicial\/coluna2\/","title":{"rendered":"Coluna 2 &#8211; Informa\u00e7\u00f5es"},"content":{"rendered":"<p>07\/04\/2014<strong> <span style=\"text-decoration: underline\"><a href=\"http:\/\/concurso.ifbaiano.edu.br\/portal\/tutores20141\/wp-content\/uploads\/sites\/8\/2014\/04\/RESULTADO-FINAL-Edital-05-2014-Prosel-tutor-Itacar\u00e9-e-Jaguarari.odt.pdf\" target=\"_blank\">RESULTADO FINAL<\/a><\/span><\/strong> <span style=\"color: #ff0000\"><strong>NOVO!<\/strong><\/span><\/br><\/p>\n<p>28\/03\/2014<strong> <span style=\"text-decoration: underline\"><a href=\"http:\/\/concurso.ifbaiano.edu.br\/portal\/tutores20141\/wp-content\/uploads\/sites\/8\/2014\/03\/LISTA-DE-CLASSIFICADOS-Edital-05-2014-Prosel-tutor-Itacar\u00e9-e-Jaguarari.pdf\" target=\"_blank\">CLASSIFICADOS<\/a><\/span><\/strong><\/br><\/p>\n<p>20\/03\/2014<strong> <span style=\"text-decoration: underline\"><a href=\"http:\/\/concurso.ifbaiano.edu.br\/portal\/tutores20141\/wp-content\/uploads\/sites\/8\/2014\/03\/HOMOLOGA\u00c7\u00c3O-DAS-INSCRI\u00c7\u00d5ES-Edital-05-2014-Prosel-tutor-Itacar\u00e9-e-Jaguarari.pdf\" target=\"_blank\">INSCRI\u00c7\u00d5ES HOMOLOGADAS<\/a><\/span><\/strong><\/br><\/p>\n<p>24\/02\/2014<strong>\u00a0<span style=\"text-decoration: underline\"><a href=\"http:\/\/concurso.ifbaiano.edu.br\/portal\/tutores20141\/wp-content\/uploads\/sites\/8\/2014\/02\/Edital-05-2014-Itacar\u00e9-e-Jaguarari-assinado.pdf\" target=\"_blank\">Edital 05\/2014<\/a><\/span><\/strong><\/p>\n","protected":false},"excerpt":{"rendered":"<p>07\/04\/2014 RESULTADO FINAL NOVO! 28\/03\/2014 CLASSIFICADOS 20\/03\/2014 INSCRI\u00c7\u00d5ES HOMOLOGADAS 24\/02\/2014\u00a0Edital 05\/2014<\/p>\n","protected":false},"author":1,"featured_media":0,"parent":8,"menu_order":2,"comment_status":"closed","ping_status":"closed","template":"","meta":[],"_links":{"self":[{"href":"https:\/\/concurso.ifbaiano.edu.br\/portal\/tutores20141\/wp-json\/wp\/v2\/pages\/9"}],"collection":[{"href":"https:\/\/concurso.ifbaiano.edu.br\/portal\/tutores20141\/wp-json\/wp\/v2\/pages"}],"about":[{"href":"https:\/\/concurso.ifbaiano.edu.br\/portal\/tutores20141\/wp-json\/wp\/v2\/types\/page"}],"author":[{"embeddable":true,"href":"https:\/\/concurso.ifbaiano.edu.br\/portal\/tutores20141\/wp-json\/wp\/v2\/users\/1"}],"replies":[{"embeddable":true,"href":"https:\/\/concurso.ifbaiano.edu.br\/portal\/tutores20141\/wp-json\/wp\/v2\/comments?post=9"}],"version-history":[{"count":10,"href":"https:\/\/concurso.ifbaiano.edu.br\/portal\/tutores20141\/wp-json\/wp\/v2\/pages\/9\/revisions"}],"predecessor-version":[{"id":394,"href":"https:\/\/concurso.ifbaiano.edu.br\/portal\/tutores20141\/wp-json\/wp\/v2\/pages\/9\/revisions\/394"}],"up":[{"embeddable":true,"href":"https:\/\/concurso.ifbaiano.edu.br\/portal\/tutores20141\/wp-json\/wp\/v2\/pages\/8"}],"wp:attachment":[{"href":"https:\/\/concurso.ifbaiano.edu.br\/portal\/tutores20141\/wp-json\/wp\/v2\/media?parent=9"}],"curies":[{"name":"wp","href":"https:\/\/api.w.org\/{rel}","templated":true}]}}