{"id":12,"date":"2011-04-18T14:47:49","date_gmt":"2011-04-18T17:47:49","guid":{"rendered":"http:\/\/www.ifbaiano.edu.br\/portal\/discente20112\/?page_id=12"},"modified":"2014-02-24T17:21:03","modified_gmt":"2014-02-24T20:21:03","slug":"coluna1","status":"publish","type":"page","link":"https:\/\/concurso.ifbaiano.edu.br\/portal\/tutores20141\/pagina-inicial\/coluna1\/","title":{"rendered":"Coluna 1 &#8211; O Processo Seletivo"},"content":{"rendered":"<p class=\"inicial-titulo\" style=\"text-align: left\">O Processo Seletivo<\/p>\n<p style=\"text-align: justify\">O REITOR SUBSTITUTO DO INSTITUTO FEDERAL DE EDUCA\u00c7\u00c3O, CI\u00caNCIA E TECNOLOGIA BAIANO, no uso de suas atribui\u00e7\u00f5es legais, torna p\u00fablica a abertura das inscri\u00e7\u00f5es para cadastro reserva, no per\u00edodo de 24 de fevereiro de 2014 a 16 de mar\u00e7o de 2014, do Processo de Sele\u00e7\u00e3o para Tutores Presenciais dos Cursos da Educa\u00e7\u00e3o Profissional T\u00e9cnica de N\u00edvel M\u00e9dio Subsequente, na modalidade a dist\u00e2ncia, nos polos: Itacar\u00e9 e Jaguarari \/ Pilar.<\/p>\n<p class=\"inicial-titulo\">Inscri\u00e7\u00f5es<\/p>\n<p style=\"text-align: justify\">A inscri\u00e7\u00e3o neste Processo Seletivo dar-se-\u00e1 exclusivamente via email enviado para o endere\u00e7o prosel.ead@ifbaiano.edu.br, conforme item 7.2 do Edital.<strong><br \/>\n<\/strong><\/p>\n","protected":false},"excerpt":{"rendered":"<p>O Processo Seletivo O REITOR SUBSTITUTO DO INSTITUTO FEDERAL DE EDUCA\u00c7\u00c3O, CI\u00caNCIA E TECNOLOGIA BAIANO, no uso de suas atribui\u00e7\u00f5es legais, torna p\u00fablica a abertura das inscri\u00e7\u00f5es para cadastro reserva, no per\u00edodo de 24 de fevereiro de 2014 a 16 &hellip; <a href=\"https:\/\/concurso.ifbaiano.edu.br\/portal\/tutores20141\/pagina-inicial\/coluna1\/\">Continue lendo <span class=\"meta-nav\">&rarr;<\/span><\/a><\/p>\n","protected":false},"author":1,"featured_media":0,"parent":8,"menu_order":1,"comment_status":"closed","ping_status":"closed","template":"","meta":[],"_links":{"self":[{"href":"https:\/\/concurso.ifbaiano.edu.br\/portal\/tutores20141\/wp-json\/wp\/v2\/pages\/12"}],"collection":[{"href":"https:\/\/concurso.ifbaiano.edu.br\/portal\/tutores20141\/wp-json\/wp\/v2\/pages"}],"about":[{"href":"https:\/\/concurso.ifbaiano.edu.br\/portal\/tutores20141\/wp-json\/wp\/v2\/types\/page"}],"author":[{"embeddable":true,"href":"https:\/\/concurso.ifbaiano.edu.br\/portal\/tutores20141\/wp-json\/wp\/v2\/users\/1"}],"replies":[{"embeddable":true,"href":"https:\/\/concurso.ifbaiano.edu.br\/portal\/tutores20141\/wp-json\/wp\/v2\/comments?post=12"}],"version-history":[{"count":3,"href":"https:\/\/concurso.ifbaiano.edu.br\/portal\/tutores20141\/wp-json\/wp\/v2\/pages\/12\/revisions"}],"predecessor-version":[{"id":391,"href":"https:\/\/concurso.ifbaiano.edu.br\/portal\/tutores20141\/wp-json\/wp\/v2\/pages\/12\/revisions\/391"}],"up":[{"embeddable":true,"href":"https:\/\/concurso.ifbaiano.edu.br\/portal\/tutores20141\/wp-json\/wp\/v2\/pages\/8"}],"wp:attachment":[{"href":"https:\/\/concurso.ifbaiano.edu.br\/portal\/tutores20141\/wp-json\/wp\/v2\/media?parent=12"}],"curies":[{"name":"wp","href":"https:\/\/api.w.org\/{rel}","templated":true}]}}