{"id":10,"date":"2011-04-18T14:47:01","date_gmt":"2011-04-18T17:47:01","guid":{"rendered":"http:\/\/www.ifbaiano.edu.br\/portal\/discente20112\/?page_id=9"},"modified":"2016-03-09T02:08:44","modified_gmt":"2016-03-09T02:08:44","slug":"coluna2","status":"publish","type":"page","link":"https:\/\/concurso.ifbaiano.edu.br\/portal\/substituto2016bjl\/pagina-inicial\/coluna2\/","title":{"rendered":"Coluna 2 &#8211; Informa\u00e7\u00f5es"},"content":{"rendered":"<p>Editais, Retifica\u00e7\u00f5es e Notas Informativas<\/p>\n<p style=\"padding-left: 30px\"><span style=\"font-size: 10px\">28\/01\/2016 &#8211;\u00a0<\/span><a title=\"Edital N\u00ba 06, de 26 de janeiro de 2016\" href=\"http:\/\/concurso.ifbaiano.edu.br\/portal\/substituto2016bjl\/wp-content\/uploads\/sites\/31\/2016\/01\/Edital-do-Processo-Seletivo.pdf\" target=\"_blank\"> Edital N\u00ba 06\/2016<\/a><\/p>\n<p style=\"padding-left: 30px\"><span style=\"font-size: 10px\">11\/02\/2016 &#8211;\u00a0<\/span><a title=\"Homologa\u00e7\u00e3o de inscri\u00e7\u00f5es\" href=\"http:\/\/concurso.ifbaiano.edu.br\/portal\/substituto2016bjl\/wp-content\/uploads\/sites\/31\/2016\/02\/homologacao-substitutos.pdf\" target=\"_blank\">Homologa\u00e7\u00e3o de inscri\u00e7\u00f5es<\/a><\/p>\n<p style=\"padding-left: 30px\">03\/03\/2016 &#8211; <a href=\"http:\/\/concurso.ifbaiano.edu.br\/portal\/substituto2016bjl\/wp-content\/uploads\/sites\/31\/2011\/04\/resultado-preliminar.pdf\">Resultado Preliminar<\/a><\/p>\n<p style=\"padding-left: 30px\">08\/08\/2016 &#8211; <a href=\"http:\/\/concurso.ifbaiano.edu.br\/portal\/substituto2016bjl\/wp-content\/uploads\/sites\/31\/2011\/04\/Resultado-FINAL.pdf\">Resultado Final<\/a><\/p>\n<p style=\"padding-left: 30px\">\n","protected":false},"excerpt":{"rendered":"<p>Editais, Retifica\u00e7\u00f5es e Notas Informativas 28\/01\/2016 &#8211;\u00a0 Edital N\u00ba 06\/2016 11\/02\/2016 &#8211;\u00a0Homologa\u00e7\u00e3o de inscri\u00e7\u00f5es 03\/03\/2016 &#8211; Resultado Preliminar 08\/08\/2016 &#8211; Resultado Final<\/p>\n","protected":false},"author":5,"featured_media":0,"parent":9,"menu_order":2,"comment_status":"closed","ping_status":"closed","template":"","meta":[],"_links":{"self":[{"href":"https:\/\/concurso.ifbaiano.edu.br\/portal\/substituto2016bjl\/wp-json\/wp\/v2\/pages\/10"}],"collection":[{"href":"https:\/\/concurso.ifbaiano.edu.br\/portal\/substituto2016bjl\/wp-json\/wp\/v2\/pages"}],"about":[{"href":"https:\/\/concurso.ifbaiano.edu.br\/portal\/substituto2016bjl\/wp-json\/wp\/v2\/types\/page"}],"author":[{"embeddable":true,"href":"https:\/\/concurso.ifbaiano.edu.br\/portal\/substituto2016bjl\/wp-json\/wp\/v2\/users\/5"}],"replies":[{"embeddable":true,"href":"https:\/\/concurso.ifbaiano.edu.br\/portal\/substituto2016bjl\/wp-json\/wp\/v2\/comments?post=10"}],"version-history":[{"count":33,"href":"https:\/\/concurso.ifbaiano.edu.br\/portal\/substituto2016bjl\/wp-json\/wp\/v2\/pages\/10\/revisions"}],"predecessor-version":[{"id":394,"href":"https:\/\/concurso.ifbaiano.edu.br\/portal\/substituto2016bjl\/wp-json\/wp\/v2\/pages\/10\/revisions\/394"}],"up":[{"embeddable":true,"href":"https:\/\/concurso.ifbaiano.edu.br\/portal\/substituto2016bjl\/wp-json\/wp\/v2\/pages\/9"}],"wp:attachment":[{"href":"https:\/\/concurso.ifbaiano.edu.br\/portal\/substituto2016bjl\/wp-json\/wp\/v2\/media?parent=10"}],"curies":[{"name":"wp","href":"https:\/\/api.w.org\/{rel}","templated":true}]}}