{"id":8,"date":"2016-12-27T15:56:36","date_gmt":"2016-12-27T17:56:36","guid":{"rendered":"http:\/\/concurso.ifbaiano.edu.br\/portal\/substituto-itapetinga-2016\/?page_id=8"},"modified":"2017-01-24T11:40:06","modified_gmt":"2017-01-24T13:40:06","slug":"homologacoes","status":"publish","type":"page","link":"https:\/\/concurso.ifbaiano.edu.br\/portal\/substituto-itapetinga-2016\/pagina-inicial\/homologacoes\/","title":{"rendered":"Homologa\u00e7\u00f5es"},"content":{"rendered":"<p class=\"inicial-titulo\" style=\"text-align: left\">Processo Seletivo<\/p>\n<p style=\"text-align: justify\">O REITOR DO INSTITUTO FEDERAL DE EDUCA\u00c7\u00c3O, CI\u00caNCIA E TECNOLOGIA BAIANO, no uso de suas atribui\u00e7\u00f5es legais, torna p\u00fablica a realiza\u00e7\u00e3o de Processo Seletivo Simplificado, dirigido \u00e0 contrata\u00e7\u00e3o, por tempo determinado, de Professor Substituto para o cargo de Professor do Ensino B\u00e1sico, T\u00e9cnico e Tecnol\u00f3gico, para o <i>Campus<\/i> Itapetinga, nos termos dos citados diplomas legais, cujas vagas, ora divulgadas, ser\u00e3o preenchidas a partir do surgimento de necessidade, em fun\u00e7\u00e3o da ocorr\u00eancia prevista na legisla\u00e7\u00e3o que rege a mat\u00e9ria.<\/p>\n<p style=\"text-align: justify\">\n","protected":false},"excerpt":{"rendered":"<p>Processo Seletivo O REITOR DO INSTITUTO FEDERAL DE EDUCA\u00c7\u00c3O, CI\u00caNCIA E TECNOLOGIA BAIANO, no uso de suas atribui\u00e7\u00f5es legais, torna p\u00fablica a realiza\u00e7\u00e3o de Processo Seletivo Simplificado, dirigido \u00e0 contrata\u00e7\u00e3o, por tempo determinado, de Professor Substituto para o cargo de &hellip; <a href=\"https:\/\/concurso.ifbaiano.edu.br\/portal\/substituto-itapetinga-2016\/pagina-inicial\/homologacoes\/\">Continue lendo <span class=\"meta-nav\">&rarr;<\/span><\/a><\/p>\n","protected":false},"author":43,"featured_media":0,"parent":5,"menu_order":0,"comment_status":"closed","ping_status":"closed","template":"","meta":[],"_links":{"self":[{"href":"https:\/\/concurso.ifbaiano.edu.br\/portal\/substituto-itapetinga-2016\/wp-json\/wp\/v2\/pages\/8"}],"collection":[{"href":"https:\/\/concurso.ifbaiano.edu.br\/portal\/substituto-itapetinga-2016\/wp-json\/wp\/v2\/pages"}],"about":[{"href":"https:\/\/concurso.ifbaiano.edu.br\/portal\/substituto-itapetinga-2016\/wp-json\/wp\/v2\/types\/page"}],"author":[{"embeddable":true,"href":"https:\/\/concurso.ifbaiano.edu.br\/portal\/substituto-itapetinga-2016\/wp-json\/wp\/v2\/users\/43"}],"replies":[{"embeddable":true,"href":"https:\/\/concurso.ifbaiano.edu.br\/portal\/substituto-itapetinga-2016\/wp-json\/wp\/v2\/comments?post=8"}],"version-history":[{"count":9,"href":"https:\/\/concurso.ifbaiano.edu.br\/portal\/substituto-itapetinga-2016\/wp-json\/wp\/v2\/pages\/8\/revisions"}],"predecessor-version":[{"id":50,"href":"https:\/\/concurso.ifbaiano.edu.br\/portal\/substituto-itapetinga-2016\/wp-json\/wp\/v2\/pages\/8\/revisions\/50"}],"up":[{"embeddable":true,"href":"https:\/\/concurso.ifbaiano.edu.br\/portal\/substituto-itapetinga-2016\/wp-json\/wp\/v2\/pages\/5"}],"wp:attachment":[{"href":"https:\/\/concurso.ifbaiano.edu.br\/portal\/substituto-itapetinga-2016\/wp-json\/wp\/v2\/media?parent=8"}],"curies":[{"name":"wp","href":"https:\/\/api.w.org\/{rel}","templated":true}]}}