{"id":10,"date":"2016-12-27T15:56:52","date_gmt":"2016-12-27T17:56:52","guid":{"rendered":"http:\/\/concurso.ifbaiano.edu.br\/portal\/substituto-itapetinga-2016\/?page_id=10"},"modified":"2017-02-10T09:25:36","modified_gmt":"2017-02-10T11:25:36","slug":"editais","status":"publish","type":"page","link":"https:\/\/concurso.ifbaiano.edu.br\/portal\/substituto-itapetinga-2016\/pagina-inicial\/editais\/","title":{"rendered":"Editais"},"content":{"rendered":"<p class=\"inicial-titulo\" style=\"text-align: left\">Editais<\/p>\n<p class=\"inicial-titulo\" style=\"text-align: left\">27\/12\/2016 &#8211; <a href=\"http:\/\/concurso.ifbaiano.edu.br\/portal\/substituto-itapetinga-2016\/wp-content\/uploads\/sites\/59\/2016\/12\/EDITAL-N\u00ba-106-2016-Professor-Substituto-ok-1.pdf\">Edital 106\/2016<\/a><\/p>\n<p class=\"inicial-titulo\" style=\"text-align: left\">24\/01\/2017 &#8211; <a href=\"http:\/\/concurso.ifbaiano.edu.br\/portal\/substituto-itapetinga-2016\/wp-content\/uploads\/sites\/59\/2016\/12\/Relacao_de_Inscritos_Prof_Substituto.pdf\">Rela\u00e7\u00e3o de Inscri\u00e7\u00f5es Homologadas<\/a><\/p>\n<p class=\"inicial-titulo\" style=\"text-align: left\">25\/01\/2017 &#8211;\u00a0<a href=\"http:\/\/concurso.ifbaiano.edu.br\/portal\/substituto-itapetinga-2016\/wp-content\/uploads\/sites\/59\/2016\/12\/Relacao_de_Inscritos_Pos_Recurso.pdf\">Rela\u00e7ao de Inscri\u00e7\u00f5es Homologadas P\u00f3s-Recurso<\/a><\/p>\n<p class=\"inicial-titulo\" style=\"text-align: left\">31\/01\/2017 &#8211; <a href=\"http:\/\/concurso.ifbaiano.edu.br\/portal\/substituto-itapetinga-2016\/wp-content\/uploads\/sites\/59\/2016\/12\/Comunicado_01.pdf\">Comunicado_01<\/a><\/p>\n<p class=\"inicial-titulo\" style=\"text-align: left\">01\/02\/2017 &#8211;\u00a0<a href=\"http:\/\/concurso.ifbaiano.edu.br\/portal\/substituto-itapetinga-2016\/wp-content\/uploads\/sites\/59\/2016\/12\/Comunicado-02.pdf\">Comunicado 02<\/a><\/p>\n<p class=\"inicial-titulo\" style=\"text-align: left\">07\/02\/2017 &#8211;\u00a0<a href=\"http:\/\/concurso.ifbaiano.edu.br\/portal\/substituto-itapetinga-2016\/wp-content\/uploads\/sites\/59\/2016\/12\/Resultado-Final.pdf\">Resultado Final<\/a><\/p>\n<p class=\"inicial-titulo\" style=\"text-align: left\">10\/02\/2017 &#8211;\u00a0<a href=\"http:\/\/concurso.ifbaiano.edu.br\/portal\/substituto-itapetinga-2016\/wp-content\/uploads\/sites\/59\/2016\/12\/An\u00e1lise-Recursos.pdf\">An\u00e1lise Recursos<\/a>\u00a0(Novo)<\/p>\n<p class=\"inicial-titulo\" style=\"text-align: left\">10\/02\/2017 &#8211;\u00a0<a href=\"http:\/\/concurso.ifbaiano.edu.br\/portal\/substituto-itapetinga-2016\/wp-content\/uploads\/sites\/59\/2016\/12\/Resultado-Final-P\u00f3s-Recursos.pdf\">Resultado Final (P\u00f3s Recursos)<\/a>\u00a0(Novo)<\/p>\n","protected":false},"excerpt":{"rendered":"<p>Editais 27\/12\/2016 &#8211; Edital 106\/2016 24\/01\/2017 &#8211; Rela\u00e7\u00e3o de Inscri\u00e7\u00f5es Homologadas 25\/01\/2017 &#8211;\u00a0Rela\u00e7ao de Inscri\u00e7\u00f5es Homologadas P\u00f3s-Recurso 31\/01\/2017 &#8211; Comunicado_01 01\/02\/2017 &#8211;\u00a0Comunicado 02 07\/02\/2017 &#8211;\u00a0Resultado Final 10\/02\/2017 &#8211;\u00a0An\u00e1lise Recursos\u00a0(Novo) 10\/02\/2017 &#8211;\u00a0Resultado Final (P\u00f3s Recursos)\u00a0(Novo)<\/p>\n","protected":false},"author":43,"featured_media":0,"parent":5,"menu_order":0,"comment_status":"closed","ping_status":"closed","template":"","meta":[],"_links":{"self":[{"href":"https:\/\/concurso.ifbaiano.edu.br\/portal\/substituto-itapetinga-2016\/wp-json\/wp\/v2\/pages\/10"}],"collection":[{"href":"https:\/\/concurso.ifbaiano.edu.br\/portal\/substituto-itapetinga-2016\/wp-json\/wp\/v2\/pages"}],"about":[{"href":"https:\/\/concurso.ifbaiano.edu.br\/portal\/substituto-itapetinga-2016\/wp-json\/wp\/v2\/types\/page"}],"author":[{"embeddable":true,"href":"https:\/\/concurso.ifbaiano.edu.br\/portal\/substituto-itapetinga-2016\/wp-json\/wp\/v2\/users\/43"}],"replies":[{"embeddable":true,"href":"https:\/\/concurso.ifbaiano.edu.br\/portal\/substituto-itapetinga-2016\/wp-json\/wp\/v2\/comments?post=10"}],"version-history":[{"count":23,"href":"https:\/\/concurso.ifbaiano.edu.br\/portal\/substituto-itapetinga-2016\/wp-json\/wp\/v2\/pages\/10\/revisions"}],"predecessor-version":[{"id":81,"href":"https:\/\/concurso.ifbaiano.edu.br\/portal\/substituto-itapetinga-2016\/wp-json\/wp\/v2\/pages\/10\/revisions\/81"}],"up":[{"embeddable":true,"href":"https:\/\/concurso.ifbaiano.edu.br\/portal\/substituto-itapetinga-2016\/wp-json\/wp\/v2\/pages\/5"}],"wp:attachment":[{"href":"https:\/\/concurso.ifbaiano.edu.br\/portal\/substituto-itapetinga-2016\/wp-json\/wp\/v2\/media?parent=10"}],"curies":[{"name":"wp","href":"https:\/\/api.w.org\/{rel}","templated":true}]}}