{"id":9,"date":"2017-03-10T14:06:43","date_gmt":"2017-03-10T17:06:43","guid":{"rendered":"http:\/\/concurso.ifbaiano.edu.br\/portal\/substituto-historia-e-libras-bonfim-2017\/?page_id=9"},"modified":"2017-05-02T14:54:18","modified_gmt":"2017-05-02T17:54:18","slug":"editais","status":"publish","type":"page","link":"https:\/\/concurso.ifbaiano.edu.br\/portal\/substituto-historia-e-libras-bonfim-2017\/pagina-inicial\/editais\/","title":{"rendered":"Editais"},"content":{"rendered":"<h3>Editais<\/h3>\n<p>08\/03\/2017 &#8211;\u00a0<a href=\"http:\/\/concurso.ifbaiano.edu.br\/portal\/substituto-historia-e-libras-bonfim-2017\/wp-content\/uploads\/sites\/69\/2017\/03\/Edital-23-2017-Historia-Libras.pdf\" target=\"_blank\">Edital n\u00ba 23 de 2017 08 de mar\u00e7o de 2017<\/a><\/p>\n<p>08\/03\/2017-\u00a0<a href=\"http:\/\/concurso.ifbaiano.edu.br\/portal\/substituto-historia-e-libras-bonfim-2017\/wp-content\/uploads\/sites\/69\/2017\/03\/Edital-Hist\u00f3ria-Libras-Retificado.pdf\">Edital n\u00b023 de 2017\u00a0&#8211; Retificado<\/a><\/p>\n<p>20\/03\/2017- \u00a0<a href=\"http:\/\/concurso.ifbaiano.edu.br\/portal\/substituto-historia-e-libras-bonfim-2017\/wp-content\/uploads\/sites\/69\/2017\/03\/Edital-23.2017-Prorroga\u00e7\u00e3o-das-inscri\u00e7\u00f5es.pdf\">Edital 23.2017 &#8211; Prorroga\u00e7\u00e3o das inscri\u00e7\u00f5es<\/a><\/p>\n<p>30\/03\/2017-\u00a0<a href=\"http:\/\/concurso.ifbaiano.edu.br\/portal\/substituto-historia-e-libras-bonfim-2017\/wp-content\/uploads\/sites\/69\/2017\/03\/Novo-Cronograma.pdf\">NOVO CRONOGRAMA- Edital 23\/2017<\/a><\/p>\n<p>30\/03\/2017-\u00a0<a href=\"http:\/\/concurso.ifbaiano.edu.br\/portal\/substituto-historia-e-libras-bonfim-2017\/wp-content\/uploads\/sites\/69\/2017\/03\/Recurso-Hist\u00f3ria-1.pdf\">Resultado de Recurso &#8211; Hist\u00f3ria <\/a><\/p>\n<p>30\/03\/2017-\u00a0<a href=\"http:\/\/concurso.ifbaiano.edu.br\/portal\/substituto-historia-e-libras-bonfim-2017\/wp-content\/uploads\/sites\/69\/2017\/03\/Rela\u00e7\u00e3o-das-Inscricoes-HOMOLOGA\u00c7\u00c3O-Hist\u00f3ria.pdf\">INSCRITOS\/CRONOGRAMA DO SORTEIO DE TEMAS PARA REALIZA\u00c7\u00c3O DA PROVA DE DESEMPENHO DID\u00c1TICO-PDD<\/a><\/p>\n<p>18\/04\/2017-\u00a0<a href=\"http:\/\/concurso.ifbaiano.edu.br\/portal\/substituto-historia-e-libras-bonfim-2017\/wp-content\/uploads\/sites\/69\/2017\/03\/Resultado-Preliminar-PPD.pdf\">RESULTADO PRELIMINAR DA PROVA DE DESEMPENHO DID\u00c1TICO- PDD<\/a><\/p>\n<p>20\/04\/2017-\u00a0<a href=\"http:\/\/concurso.ifbaiano.edu.br\/portal\/substituto-historia-e-libras-bonfim-2017\/wp-content\/uploads\/sites\/69\/2017\/03\/Resultado-Definitivo-PPD.pdf\">RESULTADO DEFINITIVO &#8211; PPD<\/a><\/p>\n<p>25\/04\/2017-\u00a0<a href=\"http:\/\/concurso.ifbaiano.edu.br\/portal\/substituto-historia-e-libras-bonfim-2017\/wp-content\/uploads\/sites\/69\/2017\/03\/Resultado-Preliminar-Prova-t\u00edtulos.pdf\">RESULTADO PRELIMINAR- PROVA DE T\u00cdTULOS<\/a><\/p>\n<p>26\/04\/2017-\u00a0<a href=\"http:\/\/concurso.ifbaiano.edu.br\/portal\/substituto-historia-e-libras-bonfim-2017\/wp-content\/uploads\/sites\/69\/2017\/03\/Resultado-Preliminar-Prova-t\u00edtulos-Retificado.pdf\">RESULTADO PRELIMINAR &#8211; PROVA T\u00cdTULOS &#8211; Retificado<\/a><\/p>\n<p>27\/04\/2017-\u00a0<a href=\"http:\/\/concurso.ifbaiano.edu.br\/portal\/substituto-historia-e-libras-bonfim-2017\/wp-content\/uploads\/sites\/69\/2017\/03\/Resultado-definitivo-Prova-t\u00edtulos.pdf\">RESULTADO DEFINITIVO &#8211; Prova t\u00edtulos<\/a><\/p>\n<p>02\/05\/2017-\u00a0<a href=\"http:\/\/concurso.ifbaiano.edu.br\/portal\/substituto-historia-e-libras-bonfim-2017\/wp-content\/uploads\/sites\/69\/2017\/03\/Resultado-Final.pdf\">RESULTADO FINAL<\/a><\/p>\n","protected":false},"excerpt":{"rendered":"<p>Editais 08\/03\/2017 &#8211;\u00a0Edital n\u00ba 23 de 2017 08 de mar\u00e7o de 2017 08\/03\/2017-\u00a0Edital n\u00b023 de 2017\u00a0&#8211; Retificado 20\/03\/2017- \u00a0Edital 23.2017 &#8211; Prorroga\u00e7\u00e3o das inscri\u00e7\u00f5es 30\/03\/2017-\u00a0NOVO CRONOGRAMA- Edital 23\/2017 30\/03\/2017-\u00a0Resultado de Recurso &#8211; Hist\u00f3ria 30\/03\/2017-\u00a0INSCRITOS\/CRONOGRAMA DO SORTEIO DE TEMAS PARA REALIZA\u00c7\u00c3O &hellip; <a href=\"https:\/\/concurso.ifbaiano.edu.br\/portal\/substituto-historia-e-libras-bonfim-2017\/pagina-inicial\/editais\/\">Continue lendo <span class=\"meta-nav\">&rarr;<\/span><\/a><\/p>\n","protected":false},"author":30,"featured_media":0,"parent":4,"menu_order":2,"comment_status":"closed","ping_status":"closed","template":"","meta":[],"_links":{"self":[{"href":"https:\/\/concurso.ifbaiano.edu.br\/portal\/substituto-historia-e-libras-bonfim-2017\/wp-json\/wp\/v2\/pages\/9"}],"collection":[{"href":"https:\/\/concurso.ifbaiano.edu.br\/portal\/substituto-historia-e-libras-bonfim-2017\/wp-json\/wp\/v2\/pages"}],"about":[{"href":"https:\/\/concurso.ifbaiano.edu.br\/portal\/substituto-historia-e-libras-bonfim-2017\/wp-json\/wp\/v2\/types\/page"}],"author":[{"embeddable":true,"href":"https:\/\/concurso.ifbaiano.edu.br\/portal\/substituto-historia-e-libras-bonfim-2017\/wp-json\/wp\/v2\/users\/30"}],"replies":[{"embeddable":true,"href":"https:\/\/concurso.ifbaiano.edu.br\/portal\/substituto-historia-e-libras-bonfim-2017\/wp-json\/wp\/v2\/comments?post=9"}],"version-history":[{"count":18,"href":"https:\/\/concurso.ifbaiano.edu.br\/portal\/substituto-historia-e-libras-bonfim-2017\/wp-json\/wp\/v2\/pages\/9\/revisions"}],"predecessor-version":[{"id":67,"href":"https:\/\/concurso.ifbaiano.edu.br\/portal\/substituto-historia-e-libras-bonfim-2017\/wp-json\/wp\/v2\/pages\/9\/revisions\/67"}],"up":[{"embeddable":true,"href":"https:\/\/concurso.ifbaiano.edu.br\/portal\/substituto-historia-e-libras-bonfim-2017\/wp-json\/wp\/v2\/pages\/4"}],"wp:attachment":[{"href":"https:\/\/concurso.ifbaiano.edu.br\/portal\/substituto-historia-e-libras-bonfim-2017\/wp-json\/wp\/v2\/media?parent=9"}],"curies":[{"name":"wp","href":"https:\/\/api.w.org\/{rel}","templated":true}]}}