{"id":6,"date":"2017-03-10T14:02:43","date_gmt":"2017-03-10T17:02:43","guid":{"rendered":"http:\/\/concurso.ifbaiano.edu.br\/portal\/substituto-historia-e-libras-bonfim-2017\/?page_id=6"},"modified":"2017-04-18T09:17:41","modified_gmt":"2017-04-18T12:17:41","slug":"homologacao","status":"publish","type":"page","link":"https:\/\/concurso.ifbaiano.edu.br\/portal\/substituto-historia-e-libras-bonfim-2017\/pagina-inicial\/homologacao\/","title":{"rendered":"Homologa\u00e7\u00e3o"},"content":{"rendered":"<h3>Processo Seletivo<\/h3>\n<p>O Reitor do Instituto Federal de Educa\u00e7\u00e3o, Ci\u00eancia e Tecnologia Baiano, no uso de suas atribui\u00e7\u00f5es legais, e de acordo com o disposto no artigo 37, inciso IX da Constitui\u00e7\u00e3o Federal, dos preceitos espec\u00edficos da Lei n\u00ba 8.745, de 09.12.93 (DOU de 10\/12\/93) com suas altera\u00e7\u00f5es posteriores e do disposto no artigo 07, inciso II do Decreto n\u00ba 7.312, de 22.09.10 (DOU de 23\/09\/10) e para atender a necessidade tempor\u00e1ria de interesse do Campus Senhor do Bonfim, torna p\u00fablica a realiza\u00e7\u00e3o de Processo Seletivo Simplificado, objetivando a contrata\u00e7\u00e3o de Professor Substituto, Processo n\u00ba 23333.0000\/2017-14, conforme condi\u00e7\u00f5es estabelecidas neste Edital.<\/p>\n<p><a href=\"http:\/\/concurso.ifbaiano.edu.br\/portal\/substituto-historia-e-libras-bonfim-2017\/wp-content\/uploads\/sites\/69\/2017\/03\/Rela\u00e7\u00e3o-das-Inscricoes-HOMOLOGA\u00c7\u00c3O-Hist\u00f3ria.pdf\">Rela\u00e7\u00e3o das Inscricoes &#8211; Homologadas &#8211; Hist\u00f3ria\/Libras<\/a><\/p>\n<p>28\/03\/2017-\u00a0<a href=\"http:\/\/concurso.ifbaiano.edu.br\/portal\/substituto-historia-e-libras-bonfim-2017\/wp-content\/uploads\/sites\/69\/2017\/03\/Rela\u00e7\u00e3o-de-Inscritos-Hist\u00f3ria.pdf\">Rela\u00e7\u00e3o de Candidatos Inscritos &#8211; Hist\u00f3ria<\/a><\/p>\n<p>28\/03\/2017-\u00a0<a href=\"http:\/\/concurso.ifbaiano.edu.br\/portal\/substituto-historia-e-libras-bonfim-2017\/wp-content\/uploads\/sites\/69\/2017\/03\/Rela\u00e7\u00e3o-de-Inscritos-Libras.pdf\">Rela\u00e7\u00e3o de Candidatos Inscritos &#8211; Libras<\/a><\/p>\n","protected":false},"excerpt":{"rendered":"<p>Processo Seletivo O Reitor do Instituto Federal de Educa\u00e7\u00e3o, Ci\u00eancia e Tecnologia Baiano, no uso de suas atribui\u00e7\u00f5es legais, e de acordo com o disposto no artigo 37, inciso IX da Constitui\u00e7\u00e3o Federal, dos preceitos espec\u00edficos da Lei n\u00ba 8.745, &hellip; <a href=\"https:\/\/concurso.ifbaiano.edu.br\/portal\/substituto-historia-e-libras-bonfim-2017\/pagina-inicial\/homologacao\/\">Continue lendo <span class=\"meta-nav\">&rarr;<\/span><\/a><\/p>\n","protected":false},"author":30,"featured_media":0,"parent":4,"menu_order":1,"comment_status":"closed","ping_status":"closed","template":"","meta":[],"_links":{"self":[{"href":"https:\/\/concurso.ifbaiano.edu.br\/portal\/substituto-historia-e-libras-bonfim-2017\/wp-json\/wp\/v2\/pages\/6"}],"collection":[{"href":"https:\/\/concurso.ifbaiano.edu.br\/portal\/substituto-historia-e-libras-bonfim-2017\/wp-json\/wp\/v2\/pages"}],"about":[{"href":"https:\/\/concurso.ifbaiano.edu.br\/portal\/substituto-historia-e-libras-bonfim-2017\/wp-json\/wp\/v2\/types\/page"}],"author":[{"embeddable":true,"href":"https:\/\/concurso.ifbaiano.edu.br\/portal\/substituto-historia-e-libras-bonfim-2017\/wp-json\/wp\/v2\/users\/30"}],"replies":[{"embeddable":true,"href":"https:\/\/concurso.ifbaiano.edu.br\/portal\/substituto-historia-e-libras-bonfim-2017\/wp-json\/wp\/v2\/comments?post=6"}],"version-history":[{"count":4,"href":"https:\/\/concurso.ifbaiano.edu.br\/portal\/substituto-historia-e-libras-bonfim-2017\/wp-json\/wp\/v2\/pages\/6\/revisions"}],"predecessor-version":[{"id":49,"href":"https:\/\/concurso.ifbaiano.edu.br\/portal\/substituto-historia-e-libras-bonfim-2017\/wp-json\/wp\/v2\/pages\/6\/revisions\/49"}],"up":[{"embeddable":true,"href":"https:\/\/concurso.ifbaiano.edu.br\/portal\/substituto-historia-e-libras-bonfim-2017\/wp-json\/wp\/v2\/pages\/4"}],"wp:attachment":[{"href":"https:\/\/concurso.ifbaiano.edu.br\/portal\/substituto-historia-e-libras-bonfim-2017\/wp-json\/wp\/v2\/media?parent=6"}],"curies":[{"name":"wp","href":"https:\/\/api.w.org\/{rel}","templated":true}]}}