{"id":4,"date":"2017-03-10T14:01:14","date_gmt":"2017-03-10T17:01:14","guid":{"rendered":"http:\/\/concurso.ifbaiano.edu.br\/portal\/substituto-historia-e-libras-bonfim-2017\/?page_id=4"},"modified":"2017-03-10T14:01:14","modified_gmt":"2017-03-10T17:01:14","slug":"pagina-inicial","status":"publish","type":"page","link":"https:\/\/concurso.ifbaiano.edu.br\/portal\/substituto-historia-e-libras-bonfim-2017\/","title":{"rendered":"P\u00e1gina inicial"},"content":{"rendered":"<div class=\"child_pages child_pages-thumbnail\">\n<div id=\"child_page-6\" class=\"child_page\" style=\"width:50%;max-width:100%;\"><div class=\"child_page-container\"><div class=\"post_thumb\"><a href=\"https:\/\/concurso.ifbaiano.edu.br\/portal\/substituto-historia-e-libras-bonfim-2017\/pagina-inicial\/homologacao\/\"><\/a><\/div><div class=\"post_content\"><h4><a href=\"https:\/\/concurso.ifbaiano.edu.br\/portal\/substituto-historia-e-libras-bonfim-2017\/pagina-inicial\/homologacao\/\">Homologa\u00e7\u00e3o<\/a><\/h4><div class=\"post_excerpt\">Processo Seletivo O Reitor do Instituto Federal de Educa\u00e7\u00e3o, Ci\u00eancia e Tecnologia Baiano, no uso de suas atribui\u00e7\u00f5es legais, e de acordo com o disposto no artigo 37, inciso IX da Constitui\u00e7\u00e3o Federal, dos preceitos espec\u00edficos da Lei n\u00ba 8.745, &hellip; <a href=\"https:\/\/concurso.ifbaiano.edu.br\/portal\/substituto-historia-e-libras-bonfim-2017\/pagina-inicial\/homologacao\/\">Continue lendo <span class=\"meta-nav\">&rarr;<\/span><\/a><\/div><\/div><!-- .post_content  --><\/div><!-- .child_page-container --><\/div><!-- #child_page-6\" -->\n\n<div id=\"child_page-9\" class=\"child_page\" style=\"width:50%;max-width:100%;\"><div class=\"child_page-container\"><div class=\"post_thumb\"><a href=\"https:\/\/concurso.ifbaiano.edu.br\/portal\/substituto-historia-e-libras-bonfim-2017\/pagina-inicial\/editais\/\"><\/a><\/div><div class=\"post_content\"><h4><a href=\"https:\/\/concurso.ifbaiano.edu.br\/portal\/substituto-historia-e-libras-bonfim-2017\/pagina-inicial\/editais\/\">Editais<\/a><\/h4><div class=\"post_excerpt\">Editais 08\/03\/2017 &#8211;\u00a0Edital n\u00ba 23 de 2017 08 de mar\u00e7o de 2017 08\/03\/2017-\u00a0Edital n\u00b023 de 2017\u00a0&#8211; Retificado 20\/03\/2017- \u00a0Edital 23.2017 &#8211; Prorroga\u00e7\u00e3o das inscri\u00e7\u00f5es 30\/03\/2017-\u00a0NOVO CRONOGRAMA- Edital 23\/2017 30\/03\/2017-\u00a0Resultado de Recurso &#8211; Hist\u00f3ria 30\/03\/2017-\u00a0INSCRITOS\/CRONOGRAMA DO SORTEIO DE TEMAS PARA REALIZA\u00c7\u00c3O &hellip; <a href=\"https:\/\/concurso.ifbaiano.edu.br\/portal\/substituto-historia-e-libras-bonfim-2017\/pagina-inicial\/editais\/\">Continue lendo <span class=\"meta-nav\">&rarr;<\/span><\/a><\/div><\/div><!-- .post_content  --><\/div><!-- .child_page-container --><\/div><!-- #child_page-9\" -->\n<\/div>\n","protected":false},"excerpt":{"rendered":"","protected":false},"author":30,"featured_media":0,"parent":0,"menu_order":0,"comment_status":"closed","ping_status":"closed","template":"","meta":[],"_links":{"self":[{"href":"https:\/\/concurso.ifbaiano.edu.br\/portal\/substituto-historia-e-libras-bonfim-2017\/wp-json\/wp\/v2\/pages\/4"}],"collection":[{"href":"https:\/\/concurso.ifbaiano.edu.br\/portal\/substituto-historia-e-libras-bonfim-2017\/wp-json\/wp\/v2\/pages"}],"about":[{"href":"https:\/\/concurso.ifbaiano.edu.br\/portal\/substituto-historia-e-libras-bonfim-2017\/wp-json\/wp\/v2\/types\/page"}],"author":[{"embeddable":true,"href":"https:\/\/concurso.ifbaiano.edu.br\/portal\/substituto-historia-e-libras-bonfim-2017\/wp-json\/wp\/v2\/users\/30"}],"replies":[{"embeddable":true,"href":"https:\/\/concurso.ifbaiano.edu.br\/portal\/substituto-historia-e-libras-bonfim-2017\/wp-json\/wp\/v2\/comments?post=4"}],"version-history":[{"count":1,"href":"https:\/\/concurso.ifbaiano.edu.br\/portal\/substituto-historia-e-libras-bonfim-2017\/wp-json\/wp\/v2\/pages\/4\/revisions"}],"predecessor-version":[{"id":5,"href":"https:\/\/concurso.ifbaiano.edu.br\/portal\/substituto-historia-e-libras-bonfim-2017\/wp-json\/wp\/v2\/pages\/4\/revisions\/5"}],"wp:attachment":[{"href":"https:\/\/concurso.ifbaiano.edu.br\/portal\/substituto-historia-e-libras-bonfim-2017\/wp-json\/wp\/v2\/media?parent=4"}],"curies":[{"name":"wp","href":"https:\/\/api.w.org\/{rel}","templated":true}]}}