{"id":60,"date":"2016-08-02T20:04:38","date_gmt":"2016-08-02T20:04:38","guid":{"rendered":"http:\/\/concurso.ifbaiano.edu.br\/portal\/substituto-guanambi-2016\/?page_id=60"},"modified":"2016-09-12T23:36:54","modified_gmt":"2016-09-12T23:36:54","slug":"editais-retificacoes-e-notas-informativas-2","status":"publish","type":"page","link":"https:\/\/concurso.ifbaiano.edu.br\/portal\/substituto-guanambi-2016\/processo-seletivo-simplificado-para-contratacao-de-professor-substituto\/editais-retificacoes-e-notas-informativas-2\/","title":{"rendered":"P\u00e1gina de editais"},"content":{"rendered":"<p class=\"inicial-titulo\" style=\"text-align: left\">Editais, Retifica\u00e7\u00f5es e Notas Informativas<\/p>\n<p>02\/08\/2016 &#8211; <a href=\"http:\/\/concurso.ifbaiano.edu.br\/portal\/substituto-guanambi-2016\/wp-content\/uploads\/sites\/40\/2016\/08\/Edital-n-57-de-01-agosto-de-2016-Processo-Seletivo-professor-substituto-final.pdf\" target=\"_blank\">Edital 57\/2016<br \/>\n<\/a><\/p>\n<p>05\/08\/2016 &#8211; <a href=\"http:\/\/concurso.ifbaiano.edu.br\/portal\/substituto-guanambi-2016\/wp-content\/uploads\/sites\/40\/2016\/08\/Edital-57-2016-professor-substituto-ERRATA-N.-01.pdf\">Retifica\u00e7\u00e3o N. 01<\/a>\u00a0&#8211; Edital 57\/2016<\/p>\n<p>29\/08\/2016 &#8211; <a href=\"http:\/\/concurso.ifbaiano.edu.br\/portal\/substituto-guanambi-2016\/wp-content\/uploads\/sites\/40\/2016\/08\/Homologa\u00e7\u00e3o-Pr\u00e9liminar-das-Inscri\u00e7oes-29-08-16.pdf\">Homologa\u00e7\u00e3o Preliminar das Inscri\u00e7\u00f5es <\/a><\/p>\n<p>31\/08\/2016 &#8211; <a title=\"Homologa\u00e7\u00e3o Final\" href=\"http:\/\/concurso.ifbaiano.edu.br\/portal\/substituto-guanambi-2016\/wp-content\/uploads\/sites\/40\/2016\/08\/Homologacao-Final-das-Inscri\u00e7oes-31-08-16.pdf\" target=\"_blank\">Homologa\u00e7\u00e3o Final &#8211; p\u00f3s recursos<\/a><\/p>\n<p>06\/09\/2016 &#8211; <a href=\"http:\/\/concurso.ifbaiano.edu.br\/portal\/substituto-guanambi-2016\/wp-content\/uploads\/sites\/40\/2016\/09\/Errata-n.o-02-Edital-57-2016.pdf\">Retifica\u00e7\u00e3o N. 02<\/a> &#8211; Edital 57\/2016<\/p>\n<p>06\/09\/2016 &#8211; <a href=\"http:\/\/concurso.ifbaiano.edu.br\/portal\/substituto-guanambi-2016\/wp-content\/uploads\/sites\/40\/2016\/09\/Resultdo-Final-Preliminar-06-09-2016.pdf\">Resultado Preliminar<\/a>\u00a0&#8211; Edital 57\/2016<\/p>\n<p>12\/09\/2016 &#8211; <a href=\"http:\/\/concurso.ifbaiano.edu.br\/portal\/substituto-guanambi-2016\/wp-content\/uploads\/sites\/40\/2016\/09\/Resultdo-dos-Recursos-12-09-2016.pdf\">Resultado dos Recursos<\/a><\/p>\n<p>12\/09\/2016 &#8211; <a href=\"http:\/\/concurso.ifbaiano.edu.br\/portal\/substituto-guanambi-2016\/wp-content\/uploads\/sites\/40\/2016\/09\/Resultdo-Final-Pos-Recursos-12-09-2016.pdf\">Resultado Final &#8211; p\u00f3s Recursos<\/a><\/p>\n","protected":false},"excerpt":{"rendered":"<p>Editais, Retifica\u00e7\u00f5es e Notas Informativas 02\/08\/2016 &#8211; Edital 57\/2016 05\/08\/2016 &#8211; Retifica\u00e7\u00e3o N. 01\u00a0&#8211; Edital 57\/2016 29\/08\/2016 &#8211; Homologa\u00e7\u00e3o Preliminar das Inscri\u00e7\u00f5es 31\/08\/2016 &#8211; Homologa\u00e7\u00e3o Final &#8211; p\u00f3s recursos 06\/09\/2016 &#8211; Retifica\u00e7\u00e3o N. 02 &#8211; Edital 57\/2016 06\/09\/2016 &#8211; Resultado &hellip; <a href=\"https:\/\/concurso.ifbaiano.edu.br\/portal\/substituto-guanambi-2016\/processo-seletivo-simplificado-para-contratacao-de-professor-substituto\/editais-retificacoes-e-notas-informativas-2\/\">Continue lendo <span class=\"meta-nav\">&rarr;<\/span><\/a><\/p>\n","protected":false},"author":36,"featured_media":0,"parent":41,"menu_order":2,"comment_status":"closed","ping_status":"closed","template":"","meta":[],"_links":{"self":[{"href":"https:\/\/concurso.ifbaiano.edu.br\/portal\/substituto-guanambi-2016\/wp-json\/wp\/v2\/pages\/60"}],"collection":[{"href":"https:\/\/concurso.ifbaiano.edu.br\/portal\/substituto-guanambi-2016\/wp-json\/wp\/v2\/pages"}],"about":[{"href":"https:\/\/concurso.ifbaiano.edu.br\/portal\/substituto-guanambi-2016\/wp-json\/wp\/v2\/types\/page"}],"author":[{"embeddable":true,"href":"https:\/\/concurso.ifbaiano.edu.br\/portal\/substituto-guanambi-2016\/wp-json\/wp\/v2\/users\/36"}],"replies":[{"embeddable":true,"href":"https:\/\/concurso.ifbaiano.edu.br\/portal\/substituto-guanambi-2016\/wp-json\/wp\/v2\/comments?post=60"}],"version-history":[{"count":47,"href":"https:\/\/concurso.ifbaiano.edu.br\/portal\/substituto-guanambi-2016\/wp-json\/wp\/v2\/pages\/60\/revisions"}],"predecessor-version":[{"id":151,"href":"https:\/\/concurso.ifbaiano.edu.br\/portal\/substituto-guanambi-2016\/wp-json\/wp\/v2\/pages\/60\/revisions\/151"}],"up":[{"embeddable":true,"href":"https:\/\/concurso.ifbaiano.edu.br\/portal\/substituto-guanambi-2016\/wp-json\/wp\/v2\/pages\/41"}],"wp:attachment":[{"href":"https:\/\/concurso.ifbaiano.edu.br\/portal\/substituto-guanambi-2016\/wp-json\/wp\/v2\/media?parent=60"}],"curies":[{"name":"wp","href":"https:\/\/api.w.org\/{rel}","templated":true}]}}