{"id":57,"date":"2016-08-02T19:58:55","date_gmt":"2016-08-02T19:58:55","guid":{"rendered":"http:\/\/concurso.ifbaiano.edu.br\/portal\/substituto-guanambi-2016\/?page_id=57"},"modified":"2016-08-03T18:56:12","modified_gmt":"2016-08-03T18:56:12","slug":"57-2","status":"publish","type":"page","link":"https:\/\/concurso.ifbaiano.edu.br\/portal\/substituto-guanambi-2016\/processo-seletivo-simplificado-para-contratacao-de-professor-substituto\/57-2\/","title":{"rendered":"P\u00e1gina sobre o processo"},"content":{"rendered":"<p style=\"text-align: justify;\">O Reitor do Instituto Federal de Educa\u00e7\u00e3o, Ci\u00eancia e Tecnologia Baiano, no uso de suas atribui\u00e7\u00f5es legais, e de acordo com o disposto no artigo 37, inciso IX da Constitui\u00e7\u00e3o Federal, dos preceitos espec\u00edficos da Lei n\u00ba 8.745, de 09.12.93 (DOU de 10\/12\/93) com suas altera\u00e7\u00f5es posteriores e do disposto no artigo 07, inciso II do Decreto n\u00ba 7.312, de 22.09.10 (DOU de 23\/09\/10), torna p\u00fablica a abertura de inscri\u00e7\u00f5es destinada a viabilizar a realiza\u00e7\u00e3o de Processo Seletivo Simplificado, dirigido \u00e0 contrata\u00e7\u00e3o, por tempo determinado, de Professor Substituto para o cargo de Professor do Ensino B\u00e1sico, T\u00e9cnico e Tecnol\u00f3gico, para o\u00a0<i>Campus\u00a0<\/i>Guanambi deste Instituto, nos termos dos citados diplomas legais, cujas vagas ora divulgadas ser\u00e3o preenchidas a partir do surgimento de necessidades, em fun\u00e7\u00e3o das ocorr\u00eancias previstas na legisla\u00e7\u00e3o que rege a mat\u00e9ria.<\/p>\n<h2>Vagas:<\/h2>\n<p>L\u00edngua Portuguesa (01), Biologia (01), Geografia (01), Artes (01), Pedagogia (01), Educa\u00e7\u00e3o F\u00edsica (01), Matem\u00e1tica (01)<\/p>\n<p><\/p>\n<h2>Per\u00edodo de Inscri\u00e7\u00e3o:<\/h2>\n<p>05 a 26 de Agosto de 2016<\/p>\n","protected":false},"excerpt":{"rendered":"<p>O Reitor do Instituto Federal de Educa\u00e7\u00e3o, Ci\u00eancia e Tecnologia Baiano, no uso de suas atribui\u00e7\u00f5es legais, e de acordo com o disposto no artigo 37, inciso IX da Constitui\u00e7\u00e3o Federal, dos preceitos espec\u00edficos da Lei n\u00ba 8.745, de 09.12.93 &hellip; <a href=\"https:\/\/concurso.ifbaiano.edu.br\/portal\/substituto-guanambi-2016\/processo-seletivo-simplificado-para-contratacao-de-professor-substituto\/57-2\/\">Continue lendo <span class=\"meta-nav\">&rarr;<\/span><\/a><\/p>\n","protected":false},"author":36,"featured_media":0,"parent":41,"menu_order":1,"comment_status":"closed","ping_status":"closed","template":"onecolumn-page.php","meta":[],"_links":{"self":[{"href":"https:\/\/concurso.ifbaiano.edu.br\/portal\/substituto-guanambi-2016\/wp-json\/wp\/v2\/pages\/57"}],"collection":[{"href":"https:\/\/concurso.ifbaiano.edu.br\/portal\/substituto-guanambi-2016\/wp-json\/wp\/v2\/pages"}],"about":[{"href":"https:\/\/concurso.ifbaiano.edu.br\/portal\/substituto-guanambi-2016\/wp-json\/wp\/v2\/types\/page"}],"author":[{"embeddable":true,"href":"https:\/\/concurso.ifbaiano.edu.br\/portal\/substituto-guanambi-2016\/wp-json\/wp\/v2\/users\/36"}],"replies":[{"embeddable":true,"href":"https:\/\/concurso.ifbaiano.edu.br\/portal\/substituto-guanambi-2016\/wp-json\/wp\/v2\/comments?post=57"}],"version-history":[{"count":11,"href":"https:\/\/concurso.ifbaiano.edu.br\/portal\/substituto-guanambi-2016\/wp-json\/wp\/v2\/pages\/57\/revisions"}],"predecessor-version":[{"id":106,"href":"https:\/\/concurso.ifbaiano.edu.br\/portal\/substituto-guanambi-2016\/wp-json\/wp\/v2\/pages\/57\/revisions\/106"}],"up":[{"embeddable":true,"href":"https:\/\/concurso.ifbaiano.edu.br\/portal\/substituto-guanambi-2016\/wp-json\/wp\/v2\/pages\/41"}],"wp:attachment":[{"href":"https:\/\/concurso.ifbaiano.edu.br\/portal\/substituto-guanambi-2016\/wp-json\/wp\/v2\/media?parent=57"}],"curies":[{"name":"wp","href":"https:\/\/api.w.org\/{rel}","templated":true}]}}