{"id":41,"date":"2016-08-02T19:38:55","date_gmt":"2016-08-02T19:38:55","guid":{"rendered":"http:\/\/concurso.ifbaiano.edu.br\/portal\/substituto-guanambi-2016\/?page_id=41"},"modified":"2016-08-03T18:49:50","modified_gmt":"2016-08-03T18:49:50","slug":"processo-seletivo-simplificado-para-contratacao-de-professor-substituto","status":"publish","type":"page","link":"https:\/\/concurso.ifbaiano.edu.br\/portal\/substituto-guanambi-2016\/","title":{"rendered":"P\u00e1gina Inicial"},"content":{"rendered":"<div class=\"child_pages child_pages-thumbnail\">\n<div id=\"child_page-57\" class=\"child_page\" style=\"width:50%;max-width:100%;\"><div class=\"child_page-container\"><div class=\"post_thumb\"><a href=\"https:\/\/concurso.ifbaiano.edu.br\/portal\/substituto-guanambi-2016\/processo-seletivo-simplificado-para-contratacao-de-professor-substituto\/57-2\/\"><\/a><\/div><div class=\"post_content\"><h4><a href=\"https:\/\/concurso.ifbaiano.edu.br\/portal\/substituto-guanambi-2016\/processo-seletivo-simplificado-para-contratacao-de-professor-substituto\/57-2\/\">P\u00e1gina sobre o processo<\/a><\/h4><div class=\"post_excerpt\">O Reitor do Instituto Federal de Educa\u00e7\u00e3o, Ci\u00eancia e Tecnologia Baiano, no uso de suas atribui\u00e7\u00f5es legais, e de acordo com o disposto no artigo 37, inciso IX da Constitui\u00e7\u00e3o Federal, dos preceitos espec\u00edficos da Lei n\u00ba 8.745, de 09.12.93 &hellip; <a href=\"https:\/\/concurso.ifbaiano.edu.br\/portal\/substituto-guanambi-2016\/processo-seletivo-simplificado-para-contratacao-de-professor-substituto\/57-2\/\">Continue lendo <span class=\"meta-nav\">&rarr;<\/span><\/a><\/div><\/div><!-- .post_content  --><\/div><!-- .child_page-container --><\/div><!-- #child_page-57\" -->\n\n<div id=\"child_page-60\" class=\"child_page\" style=\"width:50%;max-width:100%;\"><div class=\"child_page-container\"><div class=\"post_thumb\"><a href=\"https:\/\/concurso.ifbaiano.edu.br\/portal\/substituto-guanambi-2016\/processo-seletivo-simplificado-para-contratacao-de-professor-substituto\/editais-retificacoes-e-notas-informativas-2\/\"><\/a><\/div><div class=\"post_content\"><h4><a href=\"https:\/\/concurso.ifbaiano.edu.br\/portal\/substituto-guanambi-2016\/processo-seletivo-simplificado-para-contratacao-de-professor-substituto\/editais-retificacoes-e-notas-informativas-2\/\">P\u00e1gina de editais<\/a><\/h4><div class=\"post_excerpt\">Editais, Retifica\u00e7\u00f5es e Notas Informativas 02\/08\/2016 &#8211; Edital 57\/2016 05\/08\/2016 &#8211; Retifica\u00e7\u00e3o N. 01\u00a0&#8211; Edital 57\/2016 29\/08\/2016 &#8211; Homologa\u00e7\u00e3o Preliminar das Inscri\u00e7\u00f5es 31\/08\/2016 &#8211; Homologa\u00e7\u00e3o Final &#8211; p\u00f3s recursos 06\/09\/2016 &#8211; Retifica\u00e7\u00e3o N. 02 &#8211; Edital 57\/2016 06\/09\/2016 &#8211; Resultado &hellip; <a href=\"https:\/\/concurso.ifbaiano.edu.br\/portal\/substituto-guanambi-2016\/processo-seletivo-simplificado-para-contratacao-de-professor-substituto\/editais-retificacoes-e-notas-informativas-2\/\">Continue lendo <span class=\"meta-nav\">&rarr;<\/span><\/a><\/div><\/div><!-- .post_content  --><\/div><!-- .child_page-container --><\/div><!-- #child_page-60\" -->\n<\/div>\n","protected":false},"excerpt":{"rendered":"","protected":false},"author":36,"featured_media":0,"parent":0,"menu_order":0,"comment_status":"closed","ping_status":"closed","template":"","meta":[],"_links":{"self":[{"href":"https:\/\/concurso.ifbaiano.edu.br\/portal\/substituto-guanambi-2016\/wp-json\/wp\/v2\/pages\/41"}],"collection":[{"href":"https:\/\/concurso.ifbaiano.edu.br\/portal\/substituto-guanambi-2016\/wp-json\/wp\/v2\/pages"}],"about":[{"href":"https:\/\/concurso.ifbaiano.edu.br\/portal\/substituto-guanambi-2016\/wp-json\/wp\/v2\/types\/page"}],"author":[{"embeddable":true,"href":"https:\/\/concurso.ifbaiano.edu.br\/portal\/substituto-guanambi-2016\/wp-json\/wp\/v2\/users\/36"}],"replies":[{"embeddable":true,"href":"https:\/\/concurso.ifbaiano.edu.br\/portal\/substituto-guanambi-2016\/wp-json\/wp\/v2\/comments?post=41"}],"version-history":[{"count":12,"href":"https:\/\/concurso.ifbaiano.edu.br\/portal\/substituto-guanambi-2016\/wp-json\/wp\/v2\/pages\/41\/revisions"}],"predecessor-version":[{"id":44,"href":"https:\/\/concurso.ifbaiano.edu.br\/portal\/substituto-guanambi-2016\/wp-json\/wp\/v2\/pages\/41\/revisions\/44"}],"wp:attachment":[{"href":"https:\/\/concurso.ifbaiano.edu.br\/portal\/substituto-guanambi-2016\/wp-json\/wp\/v2\/media?parent=41"}],"curies":[{"name":"wp","href":"https:\/\/api.w.org\/{rel}","templated":true}]}}