{"id":8,"date":"2017-03-23T14:22:57","date_gmt":"2017-03-23T17:22:57","guid":{"rendered":"http:\/\/concurso.ifbaiano.edu.br\/portal\/substituto-filosofia-senhor-do-bonfim-marco-2017\/?page_id=8"},"modified":"2017-05-19T10:44:32","modified_gmt":"2017-05-19T13:44:32","slug":"editais","status":"publish","type":"page","link":"https:\/\/concurso.ifbaiano.edu.br\/portal\/substituto-filosofia-senhor-do-bonfim-marco-2017\/pagina-inicial\/editais\/","title":{"rendered":"Editais"},"content":{"rendered":"<h3>Editais<\/h3>\n<p>23\/03\/2017 &#8211;\u00a0<a href=\"http:\/\/concurso.ifbaiano.edu.br\/portal\/substituto-filosofia-senhor-do-bonfim-marco-2017\/wp-content\/uploads\/sites\/76\/2017\/03\/Edital-21-de-Filosofia-Professor-substituto.pdf\">Edital n\u00ba 21<\/a><\/p>\n<p>07\/04\/2017-\u00a0<a href=\"http:\/\/concurso.ifbaiano.edu.br\/portal\/substituto-filosofia-senhor-do-bonfim-marco-2017\/wp-content\/uploads\/sites\/76\/2017\/03\/RELA\u00c7\u00c3O-DE-INSCRITOS-pdf.pdf\">RELA\u00c7\u00c3O DE CANDIDATOS INSCRITOS pdf<\/a><\/p>\n<p>12\/04\/2017-\u00a0<a href=\"http:\/\/concurso.ifbaiano.edu.br\/portal\/substituto-filosofia-senhor-do-bonfim-marco-2017\/wp-content\/uploads\/sites\/76\/2017\/03\/HOMOLOGA\u00c7\u00c3O-DAS-INSCRI\u00c7\u00d5ES.pdf\">INSCRI\u00c7\u00d5ES HOMOLOGADAS<\/a><\/p>\n<p>19\/04\/2017-\u00a0<a href=\"http:\/\/concurso.ifbaiano.edu.br\/portal\/substituto-filosofia-senhor-do-bonfim-marco-2017\/wp-content\/uploads\/sites\/76\/2017\/03\/Sorteio-do-Ponto-PDD.pdf\">CRONOGRAMA DO SORTEIO DO PONTO PARA REALIZA\u00c7\u00c3O DA PROVA DE DESEMPENHO DID\u00c1TICO &#8211; PDD<\/a><\/p>\n<p>09\/05\/2017-\u00a0<a href=\"http:\/\/concurso.ifbaiano.edu.br\/portal\/substituto-filosofia-senhor-do-bonfim-marco-2017\/wp-content\/uploads\/sites\/76\/2017\/03\/RESULTADO-PRELIMINAR-PDD-FILOSOFIA.pdf\">RESULTADO PRELIMINAR &#8211; PDD-<\/a><a href=\"http:\/\/concurso.ifbaiano.edu.br\/portal\/substituto-filosofia-senhor-do-bonfim-marco-2017\/wp-content\/uploads\/sites\/76\/2017\/03\/RESULTADO-PRELIMINAR-PDD-FILOSOFIA.pdf\">FILOSOFIA<\/a><\/p>\n<p>11\/05\/2017-\u00a0<a href=\"http:\/\/concurso.ifbaiano.edu.br\/portal\/substituto-filosofia-senhor-do-bonfim-marco-2017\/wp-content\/uploads\/sites\/76\/2017\/03\/RESULTADO-DEFINITIVO-PDD-FILOSOFIA.pdf\">RESULTADO DEFINITIVO &#8211; PDD-FILOSOFIA<\/a><\/p>\n<p>12\/05\/2017-\u00a0<a href=\"http:\/\/concurso.ifbaiano.edu.br\/portal\/substituto-filosofia-senhor-do-bonfim-marco-2017\/wp-content\/uploads\/sites\/76\/2017\/03\/RESULTADO-PRELIMINAR-PROVA-DE-T\u00cdTULOS-PDD-FILOSOFIA.pdf\">RESULTADO PRELIMINAR PROVA DE T\u00cdTULOS &#8211; PDD- FILOSOFIA<\/a><\/p>\n<p>18\/05\/2017-\u00a0<a href=\"http:\/\/concurso.ifbaiano.edu.br\/portal\/substituto-filosofia-senhor-do-bonfim-marco-2017\/wp-content\/uploads\/sites\/76\/2017\/03\/RESULTADO-DEFINITIVO-PROVA-DE-TITULOS-FILOSOFIA.pdf\">RESULTADO DEFINITIVO PROVA DE T\u00cdTULOS-FILOSOFIA<\/a><\/p>\n<p>19\/05\/2017-\u00a0<a href=\"http:\/\/concurso.ifbaiano.edu.br\/portal\/substituto-filosofia-senhor-do-bonfim-marco-2017\/wp-content\/uploads\/sites\/76\/2017\/03\/RESULTADO-FINAL.pdf\">RESULTADO FINAL<\/a><\/p>\n","protected":false},"excerpt":{"rendered":"<p>Editais 23\/03\/2017 &#8211;\u00a0Edital n\u00ba 21 07\/04\/2017-\u00a0RELA\u00c7\u00c3O DE CANDIDATOS INSCRITOS pdf 12\/04\/2017-\u00a0INSCRI\u00c7\u00d5ES HOMOLOGADAS 19\/04\/2017-\u00a0CRONOGRAMA DO SORTEIO DO PONTO PARA REALIZA\u00c7\u00c3O DA PROVA DE DESEMPENHO DID\u00c1TICO &#8211; PDD 09\/05\/2017-\u00a0RESULTADO PRELIMINAR &#8211; PDD-FILOSOFIA 11\/05\/2017-\u00a0RESULTADO DEFINITIVO &#8211; PDD-FILOSOFIA 12\/05\/2017-\u00a0RESULTADO PRELIMINAR PROVA DE T\u00cdTULOS &#8211; &hellip; <a href=\"https:\/\/concurso.ifbaiano.edu.br\/portal\/substituto-filosofia-senhor-do-bonfim-marco-2017\/pagina-inicial\/editais\/\">Continue lendo <span class=\"meta-nav\">&rarr;<\/span><\/a><\/p>\n","protected":false},"author":30,"featured_media":0,"parent":4,"menu_order":2,"comment_status":"closed","ping_status":"closed","template":"","meta":[],"_links":{"self":[{"href":"https:\/\/concurso.ifbaiano.edu.br\/portal\/substituto-filosofia-senhor-do-bonfim-marco-2017\/wp-json\/wp\/v2\/pages\/8"}],"collection":[{"href":"https:\/\/concurso.ifbaiano.edu.br\/portal\/substituto-filosofia-senhor-do-bonfim-marco-2017\/wp-json\/wp\/v2\/pages"}],"about":[{"href":"https:\/\/concurso.ifbaiano.edu.br\/portal\/substituto-filosofia-senhor-do-bonfim-marco-2017\/wp-json\/wp\/v2\/types\/page"}],"author":[{"embeddable":true,"href":"https:\/\/concurso.ifbaiano.edu.br\/portal\/substituto-filosofia-senhor-do-bonfim-marco-2017\/wp-json\/wp\/v2\/users\/30"}],"replies":[{"embeddable":true,"href":"https:\/\/concurso.ifbaiano.edu.br\/portal\/substituto-filosofia-senhor-do-bonfim-marco-2017\/wp-json\/wp\/v2\/comments?post=8"}],"version-history":[{"count":11,"href":"https:\/\/concurso.ifbaiano.edu.br\/portal\/substituto-filosofia-senhor-do-bonfim-marco-2017\/wp-json\/wp\/v2\/pages\/8\/revisions"}],"predecessor-version":[{"id":47,"href":"https:\/\/concurso.ifbaiano.edu.br\/portal\/substituto-filosofia-senhor-do-bonfim-marco-2017\/wp-json\/wp\/v2\/pages\/8\/revisions\/47"}],"up":[{"embeddable":true,"href":"https:\/\/concurso.ifbaiano.edu.br\/portal\/substituto-filosofia-senhor-do-bonfim-marco-2017\/wp-json\/wp\/v2\/pages\/4"}],"wp:attachment":[{"href":"https:\/\/concurso.ifbaiano.edu.br\/portal\/substituto-filosofia-senhor-do-bonfim-marco-2017\/wp-json\/wp\/v2\/media?parent=8"}],"curies":[{"name":"wp","href":"https:\/\/api.w.org\/{rel}","templated":true}]}}