{"id":4,"date":"2017-03-23T14:19:48","date_gmt":"2017-03-23T17:19:48","guid":{"rendered":"http:\/\/concurso.ifbaiano.edu.br\/portal\/substituto-filosofia-senhor-do-bonfim-marco-2017\/?page_id=4"},"modified":"2017-03-23T14:19:48","modified_gmt":"2017-03-23T17:19:48","slug":"pagina-inicial","status":"publish","type":"page","link":"https:\/\/concurso.ifbaiano.edu.br\/portal\/substituto-filosofia-senhor-do-bonfim-marco-2017\/","title":{"rendered":"P\u00e1gina inicial"},"content":{"rendered":"<div class=\"child_pages child_pages-thumbnail\">\n<div id=\"child_page-6\" class=\"child_page\" style=\"width:50%;max-width:100%;\"><div class=\"child_page-container\"><div class=\"post_thumb\"><a href=\"https:\/\/concurso.ifbaiano.edu.br\/portal\/substituto-filosofia-senhor-do-bonfim-marco-2017\/pagina-inicial\/homologacao\/\"><\/a><\/div><div class=\"post_content\"><h4><a href=\"https:\/\/concurso.ifbaiano.edu.br\/portal\/substituto-filosofia-senhor-do-bonfim-marco-2017\/pagina-inicial\/homologacao\/\">Homologa\u00e7\u00e3o<\/a><\/h4><div class=\"post_excerpt\">Processo Seletivo O Reitor do Instituto Federal de Educa\u00e7\u00e3o, Ci\u00eancia e Tecnologia Baiano, no uso de suas atribui\u00e7\u00f5es legais, e de acordo com o disposto no artigo 37, inciso IX da Constitui\u00e7\u00e3o Federal, dos preceitos espec\u00edficos da Lei n\u00ba 8.745, &hellip; <a href=\"https:\/\/concurso.ifbaiano.edu.br\/portal\/substituto-filosofia-senhor-do-bonfim-marco-2017\/pagina-inicial\/homologacao\/\">Continue lendo <span class=\"meta-nav\">&rarr;<\/span><\/a><\/div><\/div><!-- .post_content  --><\/div><!-- .child_page-container --><\/div><!-- #child_page-6\" -->\n\n<div id=\"child_page-8\" class=\"child_page\" style=\"width:50%;max-width:100%;\"><div class=\"child_page-container\"><div class=\"post_thumb\"><a href=\"https:\/\/concurso.ifbaiano.edu.br\/portal\/substituto-filosofia-senhor-do-bonfim-marco-2017\/pagina-inicial\/editais\/\"><\/a><\/div><div class=\"post_content\"><h4><a href=\"https:\/\/concurso.ifbaiano.edu.br\/portal\/substituto-filosofia-senhor-do-bonfim-marco-2017\/pagina-inicial\/editais\/\">Editais<\/a><\/h4><div class=\"post_excerpt\">Editais 23\/03\/2017 &#8211;\u00a0Edital n\u00ba 21 07\/04\/2017-\u00a0RELA\u00c7\u00c3O DE CANDIDATOS INSCRITOS pdf 12\/04\/2017-\u00a0INSCRI\u00c7\u00d5ES HOMOLOGADAS 19\/04\/2017-\u00a0CRONOGRAMA DO SORTEIO DO PONTO PARA REALIZA\u00c7\u00c3O DA PROVA DE DESEMPENHO DID\u00c1TICO &#8211; PDD 09\/05\/2017-\u00a0RESULTADO PRELIMINAR &#8211; PDD-FILOSOFIA 11\/05\/2017-\u00a0RESULTADO DEFINITIVO &#8211; PDD-FILOSOFIA 12\/05\/2017-\u00a0RESULTADO PRELIMINAR PROVA DE T\u00cdTULOS &#8211; &hellip; <a href=\"https:\/\/concurso.ifbaiano.edu.br\/portal\/substituto-filosofia-senhor-do-bonfim-marco-2017\/pagina-inicial\/editais\/\">Continue lendo <span class=\"meta-nav\">&rarr;<\/span><\/a><\/div><\/div><!-- .post_content  --><\/div><!-- .child_page-container --><\/div><!-- #child_page-8\" -->\n<\/div>\n","protected":false},"excerpt":{"rendered":"","protected":false},"author":30,"featured_media":0,"parent":0,"menu_order":0,"comment_status":"closed","ping_status":"closed","template":"","meta":[],"_links":{"self":[{"href":"https:\/\/concurso.ifbaiano.edu.br\/portal\/substituto-filosofia-senhor-do-bonfim-marco-2017\/wp-json\/wp\/v2\/pages\/4"}],"collection":[{"href":"https:\/\/concurso.ifbaiano.edu.br\/portal\/substituto-filosofia-senhor-do-bonfim-marco-2017\/wp-json\/wp\/v2\/pages"}],"about":[{"href":"https:\/\/concurso.ifbaiano.edu.br\/portal\/substituto-filosofia-senhor-do-bonfim-marco-2017\/wp-json\/wp\/v2\/types\/page"}],"author":[{"embeddable":true,"href":"https:\/\/concurso.ifbaiano.edu.br\/portal\/substituto-filosofia-senhor-do-bonfim-marco-2017\/wp-json\/wp\/v2\/users\/30"}],"replies":[{"embeddable":true,"href":"https:\/\/concurso.ifbaiano.edu.br\/portal\/substituto-filosofia-senhor-do-bonfim-marco-2017\/wp-json\/wp\/v2\/comments?post=4"}],"version-history":[{"count":1,"href":"https:\/\/concurso.ifbaiano.edu.br\/portal\/substituto-filosofia-senhor-do-bonfim-marco-2017\/wp-json\/wp\/v2\/pages\/4\/revisions"}],"predecessor-version":[{"id":5,"href":"https:\/\/concurso.ifbaiano.edu.br\/portal\/substituto-filosofia-senhor-do-bonfim-marco-2017\/wp-json\/wp\/v2\/pages\/4\/revisions\/5"}],"wp:attachment":[{"href":"https:\/\/concurso.ifbaiano.edu.br\/portal\/substituto-filosofia-senhor-do-bonfim-marco-2017\/wp-json\/wp\/v2\/media?parent=4"}],"curies":[{"name":"wp","href":"https:\/\/api.w.org\/{rel}","templated":true}]}}