{"id":8,"date":"2016-12-22T09:25:13","date_gmt":"2016-12-22T11:25:13","guid":{"rendered":"http:\/\/concurso.ifbaiano.edu.br\/portal\/substituto-alimentos-mangabeira-2016\/?page_id=8"},"modified":"2017-02-22T09:01:53","modified_gmt":"2017-02-22T12:01:53","slug":"editais","status":"publish","type":"page","link":"https:\/\/concurso.ifbaiano.edu.br\/portal\/substituto-alimentos-mangabeira-2016\/pagina-inicial\/editais\/","title":{"rendered":"Editais"},"content":{"rendered":"<h3><a href=\"http:\/\/concurso.ifbaiano.edu.br\/portal\/substituto-alimentos-mangabeira-2016\/wp-content\/uploads\/sites\/58\/2016\/12\/RESULTADO-FINAL.pdf\">RESULTADO FINAL<\/a>Editais<\/h3>\n<p>22\/12\/2016 &#8211;\u00a0<a href=\"http:\/\/concurso.ifbaiano.edu.br\/portal\/substituto-alimentos-mangabeira-2016\/wp-content\/uploads\/sites\/58\/2016\/12\/Extrato-de-Edital-_-Prof-Subst-Alimentos.pdf\" target=\"_blank\">Extrato de Edital &#8211; Professor Substituto de Alimentos do Campus Governador Mangabeira<\/a><\/p>\n<div style=\"height: 8px\"><\/div>\n<p>22\/12\/2016 &#8211; <a href=\"http:\/\/concurso.ifbaiano.edu.br\/portal\/substituto-alimentos-mangabeira-2016\/wp-content\/uploads\/sites\/58\/2016\/12\/EDITAL-PROFESSOR-SUBSTITUTO-MANGABEIRA_final.pdf\">Edital 103\/2016, de 13 de dezembro de 2016<\/a><\/p>\n<div style=\"height: 8px\"><\/div>\n<p>22\/12\/2016 &#8211; <a href=\"http:\/\/concurso.ifbaiano.edu.br\/portal\/substituto-alimentos-mangabeira-2016\/wp-content\/uploads\/sites\/58\/2016\/12\/Ficha-de-inscri\u00e7\u00e3o.pdf\">Ficha de inscri\u00e7\u00e3o<\/a><\/p>\n<div style=\"height: 8px\"><\/div>\n<p>05\/01\/2017 &#8211; <a href=\"http:\/\/concurso.ifbaiano.edu.br\/portal\/substituto-alimentos-mangabeira-2016\/wp-content\/uploads\/sites\/58\/2016\/12\/homologa\u00e7\u00e3o-de-inscri\u00e7\u00f5es-1.pdf\">Homologa\u00e7\u00e3o das inscri\u00e7\u00f5es<\/a><\/p>\n<div style=\"height: 8px\"><\/div>\n<p>03\/02\/2017 &#8211; <a href=\"http:\/\/concurso.ifbaiano.edu.br\/portal\/substituto-alimentos-mangabeira-2016\/wp-content\/uploads\/sites\/58\/2016\/12\/RESULTADO-PRELIMINAR.pdf\">Resultado Preliminar<\/a><\/p>\n<div style=\"height: 8px\"><\/div>\n<p>07\/02\/2017 &#8211; <a href=\"http:\/\/concurso.ifbaiano.edu.br\/portal\/substituto-alimentos-mangabeira-2016\/wp-content\/uploads\/sites\/58\/2016\/12\/Recursos.pdf\">Resultado do recurso<\/a><\/p>\n<div style=\"height: 8px\"><\/div>\n<p>08\/02\/2017 &#8211; <a href=\"http:\/\/concurso.ifbaiano.edu.br\/portal\/substituto-alimentos-mangabeira-2016\/wp-content\/uploads\/sites\/58\/2016\/12\/RESULTADO-FINAL.pdf\">Resultado Final<\/a><\/p>\n<div style=\"height: 8px\"><\/div>\n<p>22\/02\/2017 &#8211; <a href=\"http:\/\/concurso.ifbaiano.edu.br\/portal\/substituto-alimentos-mangabeira-2016\/wp-content\/uploads\/sites\/58\/2016\/12\/Homologa\u00e7\u00e3o-Alimentos.pdf\">Homologa\u00e7\u00e3o do Resultado Final P\u00e1gina 1<\/a> &#8211; <a href=\"http:\/\/concurso.ifbaiano.edu.br\/portal\/substituto-alimentos-mangabeira-2016\/wp-content\/uploads\/sites\/58\/2016\/12\/Homologa\u00e7\u00e3o-Alimentos-2.pdf\">Homologa\u00e7\u00e3o do Resultado Final P\u00e1gina 2<\/a><\/p>\n","protected":false},"excerpt":{"rendered":"<p>RESULTADO FINALEditais 22\/12\/2016 &#8211;\u00a0Extrato de Edital &#8211; Professor Substituto de Alimentos do Campus Governador Mangabeira 22\/12\/2016 &#8211; Edital 103\/2016, de 13 de dezembro de 2016 22\/12\/2016 &#8211; Ficha de inscri\u00e7\u00e3o 05\/01\/2017 &#8211; Homologa\u00e7\u00e3o das inscri\u00e7\u00f5es 03\/02\/2017 &#8211; Resultado Preliminar 07\/02\/2017 &hellip; <a href=\"https:\/\/concurso.ifbaiano.edu.br\/portal\/substituto-alimentos-mangabeira-2016\/pagina-inicial\/editais\/\">Continue lendo <span class=\"meta-nav\">&rarr;<\/span><\/a><\/p>\n","protected":false},"author":30,"featured_media":0,"parent":4,"menu_order":2,"comment_status":"closed","ping_status":"closed","template":"","meta":[],"_links":{"self":[{"href":"https:\/\/concurso.ifbaiano.edu.br\/portal\/substituto-alimentos-mangabeira-2016\/wp-json\/wp\/v2\/pages\/8"}],"collection":[{"href":"https:\/\/concurso.ifbaiano.edu.br\/portal\/substituto-alimentos-mangabeira-2016\/wp-json\/wp\/v2\/pages"}],"about":[{"href":"https:\/\/concurso.ifbaiano.edu.br\/portal\/substituto-alimentos-mangabeira-2016\/wp-json\/wp\/v2\/types\/page"}],"author":[{"embeddable":true,"href":"https:\/\/concurso.ifbaiano.edu.br\/portal\/substituto-alimentos-mangabeira-2016\/wp-json\/wp\/v2\/users\/30"}],"replies":[{"embeddable":true,"href":"https:\/\/concurso.ifbaiano.edu.br\/portal\/substituto-alimentos-mangabeira-2016\/wp-json\/wp\/v2\/comments?post=8"}],"version-history":[{"count":12,"href":"https:\/\/concurso.ifbaiano.edu.br\/portal\/substituto-alimentos-mangabeira-2016\/wp-json\/wp\/v2\/pages\/8\/revisions"}],"predecessor-version":[{"id":22,"href":"https:\/\/concurso.ifbaiano.edu.br\/portal\/substituto-alimentos-mangabeira-2016\/wp-json\/wp\/v2\/pages\/8\/revisions\/22"}],"up":[{"embeddable":true,"href":"https:\/\/concurso.ifbaiano.edu.br\/portal\/substituto-alimentos-mangabeira-2016\/wp-json\/wp\/v2\/pages\/4"}],"wp:attachment":[{"href":"https:\/\/concurso.ifbaiano.edu.br\/portal\/substituto-alimentos-mangabeira-2016\/wp-json\/wp\/v2\/media?parent=8"}],"curies":[{"name":"wp","href":"https:\/\/api.w.org\/{rel}","templated":true}]}}