{"id":6,"date":"2016-12-22T09:23:48","date_gmt":"2016-12-22T11:23:48","guid":{"rendered":"http:\/\/concurso.ifbaiano.edu.br\/portal\/substituto-alimentos-mangabeira-2016\/?page_id=6"},"modified":"2016-12-22T09:40:10","modified_gmt":"2016-12-22T11:40:10","slug":"homologacao","status":"publish","type":"page","link":"https:\/\/concurso.ifbaiano.edu.br\/portal\/substituto-alimentos-mangabeira-2016\/pagina-inicial\/homologacao\/","title":{"rendered":"Homologa\u00e7\u00e3o"},"content":{"rendered":"<p style=\"text-align: justify\">O Reitor do Instituto Federal de Educa\u00e7\u00e3o, Ci\u00eancia e Tecnologia Baiano, no uso de suas atribui\u00e7\u00f5es legais, e de acordo com o disposto no artigo 37, inciso IX da Constitui\u00e7\u00e3o Federal, dos preceitos espec\u00edficos da Lei n\u00ba 8.745, de 09.12.93 (DOU de 10\/12\/93) com suas altera\u00e7\u00f5es posteriores e do disposto no artigo 07, inciso II do Decreto n\u00ba 7.312, de 22.09.10 (DOU de 23\/09\/10) e para atender a necessidade tempor\u00e1ria de interesse do Campus Governador Mangabeira, torna p\u00fablica a realiza\u00e7\u00e3o de Processo Seletivo Simplificado, objetivando a contrata\u00e7\u00e3o de Professor Substituto, Processo n\u00ba 23337.000484\/2016-66, conforme informa\u00e7\u00f5es abaixo:<\/p>\n<p style=\"text-align: justify\">\u00c1REA DE CONHECIMENTO: Ci\u00eancia e Tecnologia de Alimentos \/Agroind\u00fastria<\/p>\n<p style=\"text-align: justify\">FORMA\u00c7\u00c3O ACAD\u00caMICA EXIGIDA: Gradua\u00e7\u00e3o em Engenharia de Alimentos ou Gradua\u00e7\u00e3o em Ci\u00eancia e Tecnologia de Alimentos ou Gradua\u00e7\u00e3o em Ci\u00eancias de Alimentos ou Gradua\u00e7\u00e3o em Tecn\u00f3logo em Agroind\u00fastria devidamente registrado e fornecido por Institui\u00e7\u00e3o de Ensino Superior reconhecida pelo Minist\u00e9rio da Educa\u00e7\u00e3o.<\/p>\n<p style=\"text-align: justify\">VAGA: 01<\/p>\n<p style=\"text-align: justify\">TIPO: Substituto<\/p>\n<p style=\"text-align: justify\">JORNADA DE TRABALHO: 40 horas<\/p>\n<p style=\"text-align: justify\">REMUNERA\u00c7\u00c3O MENSAL: R$ 2.968,78 (Vencimento B\u00e1sico) + R$ 458,00 (Aux\u00edlio Alimenta\u00e7\u00e3o)<\/p>\n<p style=\"text-align: justify\">VIG\u00caNCIA DO CONTRATO: At\u00e9 06 meses podendo prorrogar por igual per\u00edodo<\/p>\n<p style=\"text-align: justify\">O prazo de validade deste Processo Seletivo Simplificado ser\u00e1 de 01 (um) ano, contado a partir da data de publica\u00e7\u00e3o da homologa\u00e7\u00e3o do resultado final no Di\u00e1rio Oficial da Uni\u00e3o, podendo ser prorrogado por igual per\u00edodo.<\/p>\n<p style=\"text-align: justify\">As inscri\u00e7\u00f5es estar\u00e3o abertas a partir de 23\/12\/2016 a 01\/01\/2017.<\/p>\n","protected":false},"excerpt":{"rendered":"<p>O Reitor do Instituto Federal de Educa\u00e7\u00e3o, Ci\u00eancia e Tecnologia Baiano, no uso de suas atribui\u00e7\u00f5es legais, e de acordo com o disposto no artigo 37, inciso IX da Constitui\u00e7\u00e3o Federal, dos preceitos espec\u00edficos da Lei n\u00ba 8.745, de 09.12.93 &hellip; <a href=\"https:\/\/concurso.ifbaiano.edu.br\/portal\/substituto-alimentos-mangabeira-2016\/pagina-inicial\/homologacao\/\">Continue lendo <span class=\"meta-nav\">&rarr;<\/span><\/a><\/p>\n","protected":false},"author":30,"featured_media":0,"parent":4,"menu_order":1,"comment_status":"closed","ping_status":"closed","template":"","meta":[],"_links":{"self":[{"href":"https:\/\/concurso.ifbaiano.edu.br\/portal\/substituto-alimentos-mangabeira-2016\/wp-json\/wp\/v2\/pages\/6"}],"collection":[{"href":"https:\/\/concurso.ifbaiano.edu.br\/portal\/substituto-alimentos-mangabeira-2016\/wp-json\/wp\/v2\/pages"}],"about":[{"href":"https:\/\/concurso.ifbaiano.edu.br\/portal\/substituto-alimentos-mangabeira-2016\/wp-json\/wp\/v2\/types\/page"}],"author":[{"embeddable":true,"href":"https:\/\/concurso.ifbaiano.edu.br\/portal\/substituto-alimentos-mangabeira-2016\/wp-json\/wp\/v2\/users\/30"}],"replies":[{"embeddable":true,"href":"https:\/\/concurso.ifbaiano.edu.br\/portal\/substituto-alimentos-mangabeira-2016\/wp-json\/wp\/v2\/comments?post=6"}],"version-history":[{"count":4,"href":"https:\/\/concurso.ifbaiano.edu.br\/portal\/substituto-alimentos-mangabeira-2016\/wp-json\/wp\/v2\/pages\/6\/revisions"}],"predecessor-version":[{"id":21,"href":"https:\/\/concurso.ifbaiano.edu.br\/portal\/substituto-alimentos-mangabeira-2016\/wp-json\/wp\/v2\/pages\/6\/revisions\/21"}],"up":[{"embeddable":true,"href":"https:\/\/concurso.ifbaiano.edu.br\/portal\/substituto-alimentos-mangabeira-2016\/wp-json\/wp\/v2\/pages\/4"}],"wp:attachment":[{"href":"https:\/\/concurso.ifbaiano.edu.br\/portal\/substituto-alimentos-mangabeira-2016\/wp-json\/wp\/v2\/media?parent=6"}],"curies":[{"name":"wp","href":"https:\/\/api.w.org\/{rel}","templated":true}]}}