{"id":12,"date":"2011-04-18T14:47:49","date_gmt":"2011-04-18T17:47:49","guid":{"rendered":"http:\/\/www.ifbaiano.edu.br\/concursos\/portal\/discente20112\/?page_id=12"},"modified":"2015-07-06T18:44:12","modified_gmt":"2015-07-06T18:44:12","slug":"coluna1","status":"publish","type":"page","link":"https:\/\/concurso.ifbaiano.edu.br\/portal\/sisulapa20152\/pagina-inicial\/coluna1\/","title":{"rendered":"Coluna1 &#8211; O Processo Seletivo"},"content":{"rendered":"<p class=\"inicial-titulo\">\u00a0<strong>O Processo Seletivo<\/strong><\/p>\n<p style=\"text-align: justify\">O Reitor do Instituto Federal de Educa\u00e7\u00e3o, Ci\u00eancia e Tecnologia Baiano, no uso de suas atribui\u00e7\u00f5es legais, considerando o disposto na Portaria Normativa MEC n\u00ba 18, de 11 de outubro de 2012, torna p\u00fablico O Edital do Processo Seletivo de Ingresso de Estudantes na Educa\u00e7\u00e3o Superior, visando o preenchimento de vagas do Curso de Bacharelado em Engenharia Agron\u00f4mica \u2013 Campus Bom Jesus da Lapa, no 2\u00ba semestre de 2015.<\/p>\n<p class=\"inicial-titulo\">\u00a0<strong>Das Vagas<\/strong><\/p>\n<table border=\"0\" cellspacing=\"0\" cellpadding=\"0\">\n<tbody>\n<tr>\n<td width=\"45\">\n<p align=\"center\"><b>CAMPUS<\/b><\/p>\n<\/td>\n<td width=\"48\">\n<p align=\"center\"><b>CURSO<\/b><\/p>\n<\/td>\n<td width=\"36\">\n<p align=\"center\"><b>TOTAL<\/b><\/p>\n<\/td>\n<\/tr>\n<tr>\n<td width=\"45\">Campus Bom Jesus da Lapa<\/td>\n<td width=\"48\">Engenharia Agron\u00f4mica<\/td>\n<td width=\"36\">\n<p align=\"center\">20<\/p>\n<\/td>\n<\/tr>\n<tr>\n<td colspan=\"2\" width=\"93\">\n<p align=\"center\">TOTAL<\/p>\n<\/td>\n<td width=\"36\">\n<p align=\"center\">20<\/p>\n<\/td>\n<\/tr>\n<\/tbody>\n<\/table>\n","protected":false},"excerpt":{"rendered":"<p>\u00a0O Processo Seletivo O Reitor do Instituto Federal de Educa\u00e7\u00e3o, Ci\u00eancia e Tecnologia Baiano, no uso de suas atribui\u00e7\u00f5es legais, considerando o disposto na Portaria Normativa MEC n\u00ba 18, de 11 de outubro de 2012, torna p\u00fablico O Edital do &hellip; <a href=\"https:\/\/concurso.ifbaiano.edu.br\/portal\/sisulapa20152\/pagina-inicial\/coluna1\/\">Continue lendo <span class=\"meta-nav\">&rarr;<\/span><\/a><\/p>\n","protected":false},"author":19,"featured_media":0,"parent":9,"menu_order":1,"comment_status":"closed","ping_status":"closed","template":"","meta":[],"_links":{"self":[{"href":"https:\/\/concurso.ifbaiano.edu.br\/portal\/sisulapa20152\/wp-json\/wp\/v2\/pages\/12"}],"collection":[{"href":"https:\/\/concurso.ifbaiano.edu.br\/portal\/sisulapa20152\/wp-json\/wp\/v2\/pages"}],"about":[{"href":"https:\/\/concurso.ifbaiano.edu.br\/portal\/sisulapa20152\/wp-json\/wp\/v2\/types\/page"}],"author":[{"embeddable":true,"href":"https:\/\/concurso.ifbaiano.edu.br\/portal\/sisulapa20152\/wp-json\/wp\/v2\/users\/19"}],"replies":[{"embeddable":true,"href":"https:\/\/concurso.ifbaiano.edu.br\/portal\/sisulapa20152\/wp-json\/wp\/v2\/comments?post=12"}],"version-history":[{"count":2,"href":"https:\/\/concurso.ifbaiano.edu.br\/portal\/sisulapa20152\/wp-json\/wp\/v2\/pages\/12\/revisions"}],"predecessor-version":[{"id":499,"href":"https:\/\/concurso.ifbaiano.edu.br\/portal\/sisulapa20152\/wp-json\/wp\/v2\/pages\/12\/revisions\/499"}],"up":[{"embeddable":true,"href":"https:\/\/concurso.ifbaiano.edu.br\/portal\/sisulapa20152\/wp-json\/wp\/v2\/pages\/9"}],"wp:attachment":[{"href":"https:\/\/concurso.ifbaiano.edu.br\/portal\/sisulapa20152\/wp-json\/wp\/v2\/media?parent=12"}],"curies":[{"name":"wp","href":"https:\/\/api.w.org\/{rel}","templated":true}]}}