{"id":10,"date":"2011-04-18T14:47:01","date_gmt":"2011-04-18T17:47:01","guid":{"rendered":"http:\/\/www.ifbaiano.edu.br\/concursos\/portal\/discente20112\/?page_id=9"},"modified":"2015-08-04T13:28:02","modified_gmt":"2015-08-04T13:28:02","slug":"coluna2","status":"publish","type":"page","link":"https:\/\/concurso.ifbaiano.edu.br\/portal\/sisulapa20152\/pagina-inicial\/coluna2\/","title":{"rendered":"Coluna2 &#8211; Informa\u00e7\u00f5es"},"content":{"rendered":"<p class=\"inicial-titulo\" style=\"text-align: left\">Informa\u00e7\u00f5es<\/p>\n<p style=\"text-align: justify\">O Reitor do Instituto Federal de Educa\u00e7\u00e3o, Ci\u00eancia e Tecnologia Baiano, no uso de suas atribui\u00e7\u00f5es legais, considerando o disposto na Portaria Normativa MEC n\u00ba 18, de 11 de outubro de 2012, torna p\u00fablico O Edital do Processo Seletivo de Ingresso de Estudantes na Educa\u00e7\u00e3o Superior, visando o preenchimento de vagas no 2\u00ba semestre de 2015, do Curso de Bacharelado em Engenharia Agron\u00f4mica \u2013 Campus Bom Jesus da Lapa. <\/a><\/p>\n<p class=\"inicial-titulo\" style=\"text-align: left\">Convoca\u00e7\u00e3o dos Candidatos<\/a><\/p>\n<p>04\/08\/2015 &#8211; <a href=\"http:\/\/concurso.ifbaiano.edu.br\/portal\/sisulapa20152\/wp-content\/uploads\/sites\/24\/2015\/08\/4\u00aa-CHAMADA-DE-MATR\u00cdCULAS.pdf\">Quarta Chamada <strong><span style=\"color: #ff0000\"> (NOVO)<\/span><\/strong><\/a><\/p>\n<p>28\/07\/2015 &#8211; <a href=\"http:\/\/concurso.ifbaiano.edu.br\/portal\/sisulapa20152\/wp-content\/uploads\/sites\/24\/2015\/07\/3\u00aa-CHAMADA-DE-MATR\u00cdCULAS.pdf\">Terceira Chamada <\/a><\/p>\n<p>23\/07\/2015 &#8211; <a href=\"http:\/\/concurso.ifbaiano.edu.br\/portal\/sisulapa20152\/wp-content\/uploads\/sites\/24\/2015\/07\/2\u00aa-CHAMADA-DE-MATR\u00cdCULAS_Sel_Opina.pdf\">Segunda Chamada <\/a><\/p>\n<p>17\/07\/2015 &#8211; <a href=\"http:\/\/concurso.ifbaiano.edu.br\/portal\/sisulapa20152\/wp-content\/uploads\/sites\/24\/2015\/07\/1\u00aa-CHAMADA-DE-MATR\u00cdCULAS.pdf\">Primeira Chamada <\/a><\/p>\n<p class=\"inicial-titulo\" style=\"text-align: left\">Resultado Final<\/a><\/p>\n<p>16\/07\/2015 &#8211; <a href=\"http:\/\/concurso.ifbaiano.edu.br\/portal\/sisulapa20152\/wp-content\/uploads\/sites\/24\/2015\/07\/Resultado_Final.pdf\">Engenharia Agron\u00f4mica<\/a><\/p>\n<p class=\"inicial-titulo\" style=\"text-align: left\">Resultado Preliminar<\/a><\/p>\n<p>13\/07\/2015 &#8211; <a href=\"http:\/\/concurso.ifbaiano.edu.br\/portal\/sisulapa20152\/wp-content\/uploads\/sites\/24\/2015\/07\/Resultado_Preliminar_BJL.pdf\">Engenharia Agron\u00f4mica <\/a><\/p>\n<p class=\"inicial-titulo\" style=\"text-align: left\">Editais<\/p>\n<p>06\/07\/2015 &#8211; <a href=\"http:\/\/concurso.ifbaiano.edu.br\/portal\/sisulapa20152\/wp-content\/uploads\/sites\/24\/2015\/07\/Edital_Agronomia_Minuta.pdf\">Edital de Abertura N\u00ba 45\/2015<\/a><\/p>\n<p class=\"inicial-titulo\" style=\"text-align: left\">Autodeclara\u00e7\u00e3o \u00c9tnico-Racial<\/a><\/p>\n<p>06\/07\/2015 &#8211; <a href=\"http:\/\/concurso.ifbaiano.edu.br\/portal\/sisulapa20152\/wp-content\/uploads\/sites\/24\/2015\/07\/AUTO_DECLARA\u00c7\u00c3O.pdf\" target=\"_blank\">Formul\u00e1rio Autodeclara\u00e7\u00e3o \u00c9tnico-Racial <\/a><\/p>\n","protected":false},"excerpt":{"rendered":"<p>Informa\u00e7\u00f5es O Reitor do Instituto Federal de Educa\u00e7\u00e3o, Ci\u00eancia e Tecnologia Baiano, no uso de suas atribui\u00e7\u00f5es legais, considerando o disposto na Portaria Normativa MEC n\u00ba 18, de 11 de outubro de 2012, torna p\u00fablico O Edital do Processo Seletivo &hellip; <a href=\"https:\/\/concurso.ifbaiano.edu.br\/portal\/sisulapa20152\/pagina-inicial\/coluna2\/\">Continue lendo <span class=\"meta-nav\">&rarr;<\/span><\/a><\/p>\n","protected":false},"author":19,"featured_media":0,"parent":9,"menu_order":2,"comment_status":"closed","ping_status":"closed","template":"","meta":[],"_links":{"self":[{"href":"https:\/\/concurso.ifbaiano.edu.br\/portal\/sisulapa20152\/wp-json\/wp\/v2\/pages\/10"}],"collection":[{"href":"https:\/\/concurso.ifbaiano.edu.br\/portal\/sisulapa20152\/wp-json\/wp\/v2\/pages"}],"about":[{"href":"https:\/\/concurso.ifbaiano.edu.br\/portal\/sisulapa20152\/wp-json\/wp\/v2\/types\/page"}],"author":[{"embeddable":true,"href":"https:\/\/concurso.ifbaiano.edu.br\/portal\/sisulapa20152\/wp-json\/wp\/v2\/users\/19"}],"replies":[{"embeddable":true,"href":"https:\/\/concurso.ifbaiano.edu.br\/portal\/sisulapa20152\/wp-json\/wp\/v2\/comments?post=10"}],"version-history":[{"count":23,"href":"https:\/\/concurso.ifbaiano.edu.br\/portal\/sisulapa20152\/wp-json\/wp\/v2\/pages\/10\/revisions"}],"predecessor-version":[{"id":545,"href":"https:\/\/concurso.ifbaiano.edu.br\/portal\/sisulapa20152\/wp-json\/wp\/v2\/pages\/10\/revisions\/545"}],"up":[{"embeddable":true,"href":"https:\/\/concurso.ifbaiano.edu.br\/portal\/sisulapa20152\/wp-json\/wp\/v2\/pages\/9"}],"wp:attachment":[{"href":"https:\/\/concurso.ifbaiano.edu.br\/portal\/sisulapa20152\/wp-json\/wp\/v2\/media?parent=10"}],"curies":[{"name":"wp","href":"https:\/\/api.w.org\/{rel}","templated":true}]}}