{"id":9,"date":"2011-04-18T14:47:01","date_gmt":"2011-04-18T17:47:01","guid":{"rendered":"http:\/\/www.ifbaiano.edu.br\/concursos\/portal\/discente20112\/?page_id=9"},"modified":"2016-03-22T17:33:34","modified_gmt":"2016-03-22T17:33:34","slug":"coluna2","status":"publish","type":"page","link":"https:\/\/concurso.ifbaiano.edu.br\/portal\/sisu20161\/pagina-inicial\/coluna2\/","title":{"rendered":"Coluna2 &#8211; Informa\u00e7\u00f5es"},"content":{"rendered":"<p class=\"inicial-titulo\" style=\"text-align: left\">Editais e Termo de Ades\u00e3o<\/p>\n<p>08\/01\/2016 &#8211; <a href=\"http:\/\/concurso.ifbaiano.edu.br\/portal\/sisu20161\/wp-content\/uploads\/sites\/30\/2016\/01\/Edital-Superior_SISU.pdf\">Edital de Abertura N\u00ba 01\/2016<\/a><\/p>\n<p>08\/01\/2016 &#8211; <a href=\"http:\/\/concurso.ifbaiano.edu.br\/portal\/sisu20161\/wp-content\/uploads\/sites\/30\/2016\/01\/termo_adesao_2016.1.pdf\">Termo de Ades\u00e3o<\/a><\/p>\n<p class=\"inicial-titulo\" style=\"text-align: left\">Autodeclara\u00e7\u00e3o \u00c9tnico-Racial<\/a><\/p>\n<p>08\/01\/2016 &#8211; <a href=\"http:\/\/concurso.ifbaiano.edu.br\/portal\/sisu20161\/wp-content\/uploads\/sites\/30\/2016\/01\/Sisu-Autodeclara\u00e7\u00e3o-\u00e9tnico-racial.pdf\" target=\"_blank\">Formul\u00e1rio Autodeclara\u00e7\u00e3o \u00c9tnico-Racial <\/a><\/p>\n<p><\/a><\/p>\n<p class=\"inicial-titulo\" style=\"text-align: left\">Lista de Espera &#8211; 1\u00aa chamada<\/a><\/p>\n<p>11\/02\/2016 &#8211; <a href=\"http:\/\/concurso.ifbaiano.edu.br\/portal\/sisu20161\/wp-content\/uploads\/sites\/30\/2016\/02\/Vagas-a-Ocupar-Lista-de-Espera-SiSU-2016_1.pdf\" target=\"_blank\"> Quadro oferta de vagas a serem ocupadas pela lista de espera SiSU 2016.1 <\/a><\/p>\n<p style=\"text-align: justify\"><strong>Listas de Espera por Campus e curso:<\/strong><\/p>\n<p>11\/02\/2016 &#8211; <a href=\"http:\/\/concurso.ifbaiano.edu.br\/portal\/sisu20161\/wp-content\/uploads\/sites\/30\/2016\/02\/CAT_Sisu-lista-de-espera-ADS.pdf\" target=\"_blank\"><strong>CATU: Tecnol\u00f3gico em An\u00e1lise e Des. de Sistemas<\/strong> <\/a><\/p>\n<p>11\/02\/2016 &#8211; <a href=\"http:\/\/concurso.ifbaiano.edu.br\/portal\/sisu20161\/wp-content\/uploads\/sites\/30\/2016\/02\/CAT_Sisu-lista-de-espera-QUIM.pdf\" target=\"_blank\"><strong>CATU: Licenciatura em Qu\u00edmica<\/strong> <\/a><\/p>\n<p>11\/02\/2016 &#8211; <a href=\"http:\/\/concurso.ifbaiano.edu.br\/portal\/sisu20161\/wp-content\/uploads\/sites\/30\/2016\/02\/GUA_Sisu-lista-de-espera-AGROIND.pdf\" target=\"_blank\"><strong>GUANAMBI: Tecnol\u00f3gico em Agroind\u00fastria<\/strong> <\/a><\/p>\n<p>11\/02\/2016 &#8211; <a href=\"http:\/\/concurso.ifbaiano.edu.br\/portal\/sisu20161\/wp-content\/uploads\/sites\/30\/2016\/02\/GUA_Sisu-lista-de-espera-AGRONO.pdf\" target=\"_blank\"><strong>GUANAMBI: Bacharelado em Agronomia<\/strong> <\/a><\/p>\n<p>11\/02\/2016 &#8211; <a href=\"http:\/\/concurso.ifbaiano.edu.br\/portal\/sisu20161\/wp-content\/uploads\/sites\/30\/2016\/02\/GUA_Sisu-lista-de-espera-ADS.pdf\" target=\"_blank\"><strong>GUANAMBI: Tecnol\u00f3gico em An\u00e1lise e Des. de Sistemas <\/strong><\/a><\/p>\n<p>11\/02\/2016 &#8211; <a href=\"http:\/\/concurso.ifbaiano.edu.br\/portal\/sisu20161\/wp-content\/uploads\/sites\/30\/2016\/02\/GUA_Sisu-lista-de-espera-QUIM.pdf\" target=\"_blank\"><strong>GUANAMBI: Licenciatura em Qu\u00edmica<\/strong> <\/a><\/p>\n<p>11\/02\/2016 &#8211; <a href=\"http:\/\/concurso.ifbaiano.edu.br\/portal\/sisu20161\/wp-content\/uploads\/sites\/30\/2016\/02\/SBF_Sisu-lista-de-espera-CAGR.pdf\" target=\"_blank\"><strong>SENHOR DO BONFIM: Ci\u00eancias Agr\u00e1rias<\/strong> <\/a><\/p>\n<p>11\/02\/2016 &#8211; <a href=\"http:\/\/concurso.ifbaiano.edu.br\/portal\/sisu20161\/wp-content\/uploads\/sites\/30\/2016\/02\/SBF_Sisu-lista-de-espera-COMP.pdf\" target=\"_blank\"><strong>SENHOR DO BONFIM: Ci\u00eancias da Computa\u00e7\u00e3o<\/strong> <\/a><\/p>\n<p>11\/02\/2016 &#8211; <a href=\"http:\/\/concurso.ifbaiano.edu.br\/portal\/sisu20161\/wp-content\/uploads\/sites\/30\/2016\/02\/URU_Sisu-lista-de-espera-AGROEC.pdf\" target=\"_blank\"><strong>URU\u00c7UCA: Tecnologia em Agroecologia<\/strong> <\/a><\/p>\n<p>11\/02\/2016 &#8211; <a href=\"http:\/\/concurso.ifbaiano.edu.br\/portal\/sisu20161\/wp-content\/uploads\/sites\/30\/2016\/02\/URU_Sisu-lista-de-espera-GTUR.pdf\" target=\"_blank\"><strong>URU\u00c7UCA: Tecnologia em Gest\u00e3o de Turismo<\/strong> <\/a><\/p>\n<p class=\"inicial-titulo\" style=\"text-align: left\">Reuni\u00e3o \/ Matr\u00edcula com os candidatos da lista de espera<\/a><\/p>\n<p style=\"text-align: justify\"><strong>Os candidatos \u00e0s vagas dispon\u00edveis dever\u00e3o participar da reuni\u00e3o que ocorrer\u00e1 no dia divulgado pelo Campus para o qual concorre, conforme item 2 do Edital 01\/2016, de 08 de janeiro de 2016.<\/strong><\/p>\n<p>19\/02\/2016 &#8211; <a href=\"http:\/\/concurso.ifbaiano.edu.br\/portal\/sisu20161\/wp-content\/uploads\/sites\/30\/2016\/02\/Campus-Catu-Reuni\u00e3o-e-matr\u00edcula.pdf\" target=\"_blank\"> CAMPUS CATU: REUNI\u00d5ES\/MATR\u00cdCULAS <\/a><\/p>\n<p>11\/02\/2016 &#8211; <a href=\"http:\/\/concurso.ifbaiano.edu.br\/portal\/sisu20161\/wp-content\/uploads\/sites\/30\/2016\/02\/Campus-Guanambi-CRONOGRAMA-SISU-2016-1.pdf\" target=\"_blank\"> CAMPUS GUANAMBI: REUNI\u00d5ES\/MATR\u00cdCULAS <\/a><\/p>\n<p>12\/02\/2016 &#8211; <a href=\"http:\/\/concurso.ifbaiano.edu.br\/portal\/sisu20161\/wp-content\/uploads\/sites\/30\/2016\/02\/SBF_PRIMEIRA-REUNI\u00c3O-SISU-2016.pdf\" target=\"_blank\"> CAMPUS SENHOR DO BONFIM: REUNI\u00d5ES\/MATR\u00cdCULAS <\/a><\/p>\n<p>12\/02\/2016 &#8211; <a href=\"http:\/\/concurso.ifbaiano.edu.br\/portal\/sisu20161\/wp-content\/uploads\/sites\/30\/2016\/02\/URU_Convoca\u00e7\u00e3o-reuni\u00e3o-Sisu-2016.pdf\" target=\"_blank\"> CAMPUS URU\u00c7UCA: REUNI\u00d5ES\/MATR\u00cdCULAS <\/a><\/p>\n<p style=\"text-align: justify\"><strong>SEGUNDA CHAMADA DA LISTA DE ESPERA PARA REUNI\u00c3O E MATR\u00cdCULA:<\/strong><\/p>\n<p>04\/03\/2016 &#8211; <a href=\"http:\/\/concurso.ifbaiano.edu.br\/portal\/sisu20161\/wp-content\/uploads\/sites\/30\/2016\/03\/CATU_Convocacao-para-2\u00aa-reuniao-SISU.pdf\" target=\"_blank\"> CAMPUS CATU: 2\u00aa CONVOCA\u00c7\u00c3O PARA REUNI\u00c3O\/MATR\u00cdCULA <\/a><\/p>\n<p>25\/02\/2016 &#8211; <a href=\"http:\/\/concurso.ifbaiano.edu.br\/portal\/sisu20161\/wp-content\/uploads\/sites\/30\/2016\/02\/URU_Convoca\u00e7\u00e3o-2\u00aa-reuni\u00e3o-Sisu.pdf\" target=\"_blank\"> CAMPUS URU\u00c7UCA: 2\u00aa CONVOCA\u00c7\u00c3O PARA REUNI\u00c3O\/MATR\u00cdCULA <\/a><\/p>\n<p style=\"text-align: justify\"><strong>TERCEIRA CHAMADA DA LISTA DE ESPERA PARA REUNI\u00c3O E MATR\u00cdCULA:<\/strong><\/p>\n<p>10\/03\/2016 &#8211; <a href=\"http:\/\/concurso.ifbaiano.edu.br\/portal\/sisu20161\/wp-content\/uploads\/sites\/30\/2016\/03\/Convoca\u00e7\u00e3o-3\u00aa-reuni\u00e3o-Sisu_Uru\u00e7uca.pdf\" target=\"_blank\"> CAMPUS URU\u00c7UCA: 3\u00aa CONVOCA\u00c7\u00c3O PARA REUNI\u00c3O\/MATR\u00cdCULA <\/a><\/p>\n<p style=\"text-align: justify\"><strong>QUARTA CHAMADA DA LISTA DE ESPERA PARA REUNI\u00c3O E MATR\u00cdCULA:<\/strong><\/p>\n<p>17\/03\/2016 &#8211; <a href=\"http:\/\/concurso.ifbaiano.edu.br\/portal\/sisu20161\/wp-content\/uploads\/sites\/30\/2016\/03\/Convoca\u00e7\u00e3o-4\u00aa-reuni\u00e3o-Sisu_Uru\u00e7uca.pdf\" target=\"_blank\"> CAMPUS URU\u00c7UCA: 4\u00aa CONVOCA\u00c7\u00c3O PARA REUNI\u00c3O\/MATR\u00cdCULA <\/a><\/p>\n<p style=\"text-align: justify\"><strong>QUINTA CHAMADA DA LISTA DE ESPERA PARA REUNI\u00c3O E MATR\u00cdCULA:<\/strong><\/p>\n<p>22\/03\/2016 &#8211; <a href=\"http:\/\/concurso.ifbaiano.edu.br\/portal\/sisu20161\/wp-content\/uploads\/sites\/30\/2016\/03\/URU_conv.pdf\" target=\"_blank\"> CAMPUS URU\u00c7UCA: 5\u00aa CONVOCA\u00c7\u00c3O PARA REUNI\u00c3O\/MATR\u00cdCULA <\/a><\/p>\n","protected":false},"excerpt":{"rendered":"<p>Editais e Termo de Ades\u00e3o 08\/01\/2016 &#8211; Edital de Abertura N\u00ba 01\/2016 08\/01\/2016 &#8211; Termo de Ades\u00e3o Autodeclara\u00e7\u00e3o \u00c9tnico-Racial 08\/01\/2016 &#8211; Formul\u00e1rio Autodeclara\u00e7\u00e3o \u00c9tnico-Racial Lista de Espera &#8211; 1\u00aa chamada 11\/02\/2016 &#8211; Quadro oferta de vagas a serem ocupadas pela &hellip; <a href=\"https:\/\/concurso.ifbaiano.edu.br\/portal\/sisu20161\/pagina-inicial\/coluna2\/\">Continue lendo <span class=\"meta-nav\">&rarr;<\/span><\/a><\/p>\n","protected":false},"author":5,"featured_media":0,"parent":8,"menu_order":2,"comment_status":"closed","ping_status":"closed","template":"","meta":[],"_links":{"self":[{"href":"https:\/\/concurso.ifbaiano.edu.br\/portal\/sisu20161\/wp-json\/wp\/v2\/pages\/9"}],"collection":[{"href":"https:\/\/concurso.ifbaiano.edu.br\/portal\/sisu20161\/wp-json\/wp\/v2\/pages"}],"about":[{"href":"https:\/\/concurso.ifbaiano.edu.br\/portal\/sisu20161\/wp-json\/wp\/v2\/types\/page"}],"author":[{"embeddable":true,"href":"https:\/\/concurso.ifbaiano.edu.br\/portal\/sisu20161\/wp-json\/wp\/v2\/users\/5"}],"replies":[{"embeddable":true,"href":"https:\/\/concurso.ifbaiano.edu.br\/portal\/sisu20161\/wp-json\/wp\/v2\/comments?post=9"}],"version-history":[{"count":29,"href":"https:\/\/concurso.ifbaiano.edu.br\/portal\/sisu20161\/wp-json\/wp\/v2\/pages\/9\/revisions"}],"predecessor-version":[{"id":511,"href":"https:\/\/concurso.ifbaiano.edu.br\/portal\/sisu20161\/wp-json\/wp\/v2\/pages\/9\/revisions\/511"}],"up":[{"embeddable":true,"href":"https:\/\/concurso.ifbaiano.edu.br\/portal\/sisu20161\/wp-json\/wp\/v2\/pages\/8"}],"wp:attachment":[{"href":"https:\/\/concurso.ifbaiano.edu.br\/portal\/sisu20161\/wp-json\/wp\/v2\/media?parent=9"}],"curies":[{"name":"wp","href":"https:\/\/api.w.org\/{rel}","templated":true}]}}