{"id":8,"date":"2011-04-18T14:38:27","date_gmt":"2011-04-18T14:38:27","guid":{"rendered":"http:\/\/www.ifbaiano.edu.br\/concursos\/portal\/discente20112\/?page_id=4"},"modified":"2011-04-18T14:38:27","modified_gmt":"2011-04-18T14:38:27","slug":"pagina-inicial","status":"publish","type":"page","link":"https:\/\/concurso.ifbaiano.edu.br\/portal\/sisu20161\/","title":{"rendered":"P\u00e1gina Inicial"},"content":{"rendered":"<div class=\"child_pages child_pages-thumbnail\">\n<div id=\"child_page-12\" class=\"child_page\" style=\"width:50%;max-width:100%;\"><div class=\"child_page-container\"><div class=\"post_thumb\"><a href=\"https:\/\/concurso.ifbaiano.edu.br\/portal\/sisu20161\/pagina-inicial\/coluna1\/\"><\/a><\/div><div class=\"post_content\"><h4><a href=\"https:\/\/concurso.ifbaiano.edu.br\/portal\/sisu20161\/pagina-inicial\/coluna1\/\">Coluna1 - O Processo Seletivo<\/a><\/h4><div class=\"post_excerpt\">O Processo Seletivo O Reitor do\u00a0Instituto Federal de Educa\u00e7\u00e3o, Ci\u00eancia e Tecnologia Baiano, considerando o disposto na Portaria Normativa MEC n\u00ba 21, de 5 de novembro de 2012, torna p\u00fablico que a sele\u00e7\u00e3o de estudantes para provimento de vagas nos &hellip; <a href=\"https:\/\/concurso.ifbaiano.edu.br\/portal\/sisu20161\/pagina-inicial\/coluna1\/\">Continue lendo <span class=\"meta-nav\">&rarr;<\/span><\/a><\/div><\/div><!-- .post_content  --><\/div><!-- .child_page-container --><\/div><!-- #child_page-12\" -->\n\n<div id=\"child_page-9\" class=\"child_page\" style=\"width:50%;max-width:100%;\"><div class=\"child_page-container\"><div class=\"post_thumb\"><a href=\"https:\/\/concurso.ifbaiano.edu.br\/portal\/sisu20161\/pagina-inicial\/coluna2\/\"><\/a><\/div><div class=\"post_content\"><h4><a href=\"https:\/\/concurso.ifbaiano.edu.br\/portal\/sisu20161\/pagina-inicial\/coluna2\/\">Coluna2 - Informa\u00e7\u00f5es<\/a><\/h4><div class=\"post_excerpt\">Editais e Termo de Ades\u00e3o 08\/01\/2016 &#8211; Edital de Abertura N\u00ba 01\/2016 08\/01\/2016 &#8211; Termo de Ades\u00e3o Autodeclara\u00e7\u00e3o \u00c9tnico-Racial 08\/01\/2016 &#8211; Formul\u00e1rio Autodeclara\u00e7\u00e3o \u00c9tnico-Racial Lista de Espera &#8211; 1\u00aa chamada 11\/02\/2016 &#8211; Quadro oferta de vagas a serem ocupadas pela &hellip; <a href=\"https:\/\/concurso.ifbaiano.edu.br\/portal\/sisu20161\/pagina-inicial\/coluna2\/\">Continue lendo <span class=\"meta-nav\">&rarr;<\/span><\/a><\/div><\/div><!-- .post_content  --><\/div><!-- .child_page-container --><\/div><!-- #child_page-9\" -->\n<\/div>\n","protected":false},"excerpt":{"rendered":"","protected":false},"author":5,"featured_media":0,"parent":0,"menu_order":0,"comment_status":"closed","ping_status":"open","template":"","meta":[],"_links":{"self":[{"href":"https:\/\/concurso.ifbaiano.edu.br\/portal\/sisu20161\/wp-json\/wp\/v2\/pages\/8"}],"collection":[{"href":"https:\/\/concurso.ifbaiano.edu.br\/portal\/sisu20161\/wp-json\/wp\/v2\/pages"}],"about":[{"href":"https:\/\/concurso.ifbaiano.edu.br\/portal\/sisu20161\/wp-json\/wp\/v2\/types\/page"}],"author":[{"embeddable":true,"href":"https:\/\/concurso.ifbaiano.edu.br\/portal\/sisu20161\/wp-json\/wp\/v2\/users\/5"}],"replies":[{"embeddable":true,"href":"https:\/\/concurso.ifbaiano.edu.br\/portal\/sisu20161\/wp-json\/wp\/v2\/comments?post=8"}],"version-history":[{"count":1,"href":"https:\/\/concurso.ifbaiano.edu.br\/portal\/sisu20161\/wp-json\/wp\/v2\/pages\/8\/revisions"}],"predecessor-version":[{"id":580,"href":"https:\/\/concurso.ifbaiano.edu.br\/portal\/sisu20161\/wp-json\/wp\/v2\/pages\/8\/revisions\/580"}],"wp:attachment":[{"href":"https:\/\/concurso.ifbaiano.edu.br\/portal\/sisu20161\/wp-json\/wp\/v2\/media?parent=8"}],"curies":[{"name":"wp","href":"https:\/\/api.w.org\/{rel}","templated":true}]}}