{"id":14,"date":"2011-04-18T14:48:22","date_gmt":"2011-04-18T14:48:22","guid":{"rendered":"http:\/\/www.ifbaiano.edu.br\/concursos\/portal\/discente20112\/?page_id=14"},"modified":"2011-04-18T14:48:22","modified_gmt":"2011-04-18T14:48:22","slug":"contato","status":"publish","type":"page","link":"https:\/\/concurso.ifbaiano.edu.br\/portal\/sisu2015ed2\/contato\/","title":{"rendered":"Contato"},"content":{"rendered":"<p><strong> Pr\u00f3-Reitoria de Ensino do IFBAIANO<\/strong><\/p>\n<p><strong>Endere\u00e7o: <\/strong>Rua do Rouxinol, 115 &#8211; Imbu\u00ed<br \/>\nCEP: 41.720-052 &#8211; Salvador-BA<br \/>\n<strong>Hor\u00e1rio: <\/strong>Das 8:30 \u00e0s 11:30 e das 13:00 \u00e0s 17:00\ufeff<\/p>\n","protected":false},"excerpt":{"rendered":"<p>Pr\u00f3-Reitoria de Ensino do IFBAIANO Endere\u00e7o: Rua do Rouxinol, 115 &#8211; Imbu\u00ed CEP: 41.720-052 &#8211; Salvador-BA Hor\u00e1rio: Das 8:30 \u00e0s 11:30 e das 13:00 \u00e0s 17:00\ufeff<\/p>\n","protected":false},"author":5,"featured_media":0,"parent":0,"menu_order":3,"comment_status":"closed","ping_status":"closed","template":"","meta":[],"_links":{"self":[{"href":"https:\/\/concurso.ifbaiano.edu.br\/portal\/sisu2015ed2\/wp-json\/wp\/v2\/pages\/14"}],"collection":[{"href":"https:\/\/concurso.ifbaiano.edu.br\/portal\/sisu2015ed2\/wp-json\/wp\/v2\/pages"}],"about":[{"href":"https:\/\/concurso.ifbaiano.edu.br\/portal\/sisu2015ed2\/wp-json\/wp\/v2\/types\/page"}],"author":[{"embeddable":true,"href":"https:\/\/concurso.ifbaiano.edu.br\/portal\/sisu2015ed2\/wp-json\/wp\/v2\/users\/5"}],"replies":[{"embeddable":true,"href":"https:\/\/concurso.ifbaiano.edu.br\/portal\/sisu2015ed2\/wp-json\/wp\/v2\/comments?post=14"}],"version-history":[{"count":1,"href":"https:\/\/concurso.ifbaiano.edu.br\/portal\/sisu2015ed2\/wp-json\/wp\/v2\/pages\/14\/revisions"}],"predecessor-version":[{"id":737,"href":"https:\/\/concurso.ifbaiano.edu.br\/portal\/sisu2015ed2\/wp-json\/wp\/v2\/pages\/14\/revisions\/737"}],"wp:attachment":[{"href":"https:\/\/concurso.ifbaiano.edu.br\/portal\/sisu2015ed2\/wp-json\/wp\/v2\/media?parent=14"}],"curies":[{"name":"wp","href":"https:\/\/api.w.org\/{rel}","templated":true}]}}