{"id":9,"date":"2011-04-18T14:47:01","date_gmt":"2011-04-18T17:47:01","guid":{"rendered":"http:\/\/www.ifbaiano.edu.br\/concursos\/portal\/discente20112\/?page_id=9"},"modified":"2015-06-16T16:28:14","modified_gmt":"2015-06-16T19:28:14","slug":"coluna2","status":"publish","type":"page","link":"https:\/\/concurso.ifbaiano.edu.br\/portal\/sisu20152\/pagina-inicial\/coluna2\/","title":{"rendered":"Coluna2 &#8211; Informa\u00e7\u00f5es"},"content":{"rendered":"<p class=\"inicial-titulo\" style=\"text-align: left\">Informa\u00e7\u00f5es<\/p>\n<p><strong><span style=\"color: #ff0000\">PROCESSO SELETIVO &#8211; VAGAS REMANESCENTES<\/span><\/strong><\/a><\/p>\n<p style=\"text-align: justify\">O IF Baiano torna p\u00fablica a Lista da Segunda Chamada de Candidatos para o preenchimento de Vagas Remanescentes, os candidatos devem se dirigir ao Campus para o qual concorre \u00e0 vaga, nos dias 02, 03 e 08 de junho de 2015, afim de realizarem matr\u00edcula no curso em que foram aprovados. <strong><span style=\"color: #ff0000\"> (NOVO)<\/span><\/strong><\/a><\/p>\n<p class=\"inicial-titulo\" style=\"text-align: left\">Resultado Final Definitivo<\/a><\/p>\n<p>Convoca\u00e7\u00e3o dos Candidatos &#8211; Terceira Chamada <strong><span style=\"color: #ff0000\">(NOVO)<\/span><\/strong><\/a><\/p>\n<p>1.  <a>Campus Guanambi<\/a><\/p>\n<p>16\/06\/2015 &#8211; <a href=\"http:\/\/concurso.ifbaiano.edu.br\/portal\/sisu20152\/wp-content\/uploads\/sites\/21\/2015\/06\/Guanambi_Agroind\u00fastria_3\u00aa_Chamada.pdf\">Tecnologia em Agroind\u00fastria<\/a><\/p>\n<p>Convoca\u00e7\u00e3o dos Candidatos &#8211; Segunda Chamada <\/a><\/p>\n<p>1.  <a>Campus Catu<\/a><\/p>\n<p>01\/06\/2015 &#8211; <a href=\"http:\/\/concurso.ifbaiano.edu.br\/portal\/sisu20152\/wp-content\/uploads\/sites\/21\/2015\/06\/Qu\u00edmica_Catu.pdf\">Licenciatura em Qu\u00edmica<\/a><\/p>\n<p>01\/06\/2015 &#8211; <a href=\"http:\/\/concurso.ifbaiano.edu.br\/portal\/sisu20152\/wp-content\/uploads\/sites\/21\/2015\/06\/Ads_Catu.pdf\">Tecnologia em An\u00e1lise e Desenvolvimento de Sistemas<\/a><\/p>\n<p>2.  <a>Campus Guanambi<\/a><\/p>\n<p>01\/06\/2015 &#8211; <a href=\"http:\/\/concurso.ifbaiano.edu.br\/portal\/sisu20152\/wp-content\/uploads\/sites\/21\/2015\/06\/Agroindustria_Guanambi.pdf\">Tecnologia em Agroind\u00fastria<\/a><\/p>\n<p>3.  <a>Campus Uru\u00e7uca<\/a><\/p>\n<p>01\/06\/2015 &#8211; <a href=\"http:\/\/concurso.ifbaiano.edu.br\/portal\/sisu20152\/wp-content\/uploads\/sites\/21\/2015\/06\/Agroecologia_Uru\u00e7uca.pdf\">Tecnologia em Agroecologia<\/a><\/p>\n<p><\/a><\/p>\n<p><\/a><\/p>\n<p class=\"inicial-titulo\" style=\"text-align: left\"> Primeira Chamada <\/a><\/p>\n<p>1.  <a>Campus Catu<\/a><\/p>\n<p>10\/05\/2015 &#8211; <a href=\"http:\/\/concurso.ifbaiano.edu.br\/portal\/sisu20152\/wp-content\/uploads\/sites\/21\/2015\/05\/Qu\u00edmica.pdf\">Licenciatura em Qu\u00edmica<\/a><\/p>\n<p>10\/05\/2015 &#8211; <a href=\"http:\/\/concurso.ifbaiano.edu.br\/portal\/sisu20152\/wp-content\/uploads\/sites\/21\/2015\/05\/Ads.pdf\">Tecnologia em An\u00e1lise e Desenvolvimento de Sistemas<\/a><\/p>\n<p>2.  <a>Campus Guanambi<\/a><\/p>\n<p>10\/05\/2015 &#8211; <a href=\"http:\/\/concurso.ifbaiano.edu.br\/portal\/sisu20152\/wp-content\/uploads\/sites\/21\/2015\/05\/Agroind\u00fastria.pdf\">Tecnologia em Agroind\u00fastria<\/a><\/p>\n<p>3.  <a>Campus Uru\u00e7uca<\/a><\/p>\n<p>10\/05\/2015 &#8211; <a href=\"http:\/\/concurso.ifbaiano.edu.br\/portal\/sisu20152\/wp-content\/uploads\/sites\/21\/2015\/05\/Agroecologia.pdf\">Tecnologia em Agroecologia<\/a><\/p>\n<p>10\/05\/2015 &#8211; <a href=\"http:\/\/concurso.ifbaiano.edu.br\/portal\/sisu20152\/wp-content\/uploads\/sites\/21\/2015\/05\/Gestao_de_Turismo.pdf\">Tecnologia em Gest\u00e3o de Turismo<\/a><\/p>\n<p class=\"inicial-titulo\" style=\"text-align: left\">Resultado Preliminar<\/a><\/p>\n<p>1.  <a>Campus Catu<\/a><\/p>\n<p>05\/05\/2015 &#8211; <a href=\"http:\/\/concurso.ifbaiano.edu.br\/portal\/sisu20152\/wp-content\/uploads\/sites\/21\/2015\/05\/Qu\u00edmica.pdf\">Licenciatura em Qu\u00edmica<\/a><\/p>\n<p>05\/05\/2015 &#8211; <a href=\"http:\/\/concurso.ifbaiano.edu.br\/portal\/sisu20152\/wp-content\/uploads\/sites\/21\/2015\/05\/Ads.pdf\">Tecnologia em An\u00e1lise e Desenvolvimento de Sistemas<\/a><\/p>\n<p>2.  <a>Campus Guanambi<\/a><\/p>\n<p>05\/05\/2015 &#8211; <a href=\"http:\/\/concurso.ifbaiano.edu.br\/portal\/sisu20152\/wp-content\/uploads\/sites\/21\/2015\/05\/Agroind\u00fastria.pdf\">Tecnologia em Agroind\u00fastria<\/a><\/p>\n<p>3.  <a>Campus Uru\u00e7uca<\/a><\/p>\n<p>05\/05\/2015 &#8211; <a href=\"http:\/\/concurso.ifbaiano.edu.br\/portal\/sisu20152\/wp-content\/uploads\/sites\/21\/2015\/05\/Agroecologia.pdf\">Tecnologia em Agroecologia<\/a><\/p>\n<p>05\/05\/2015 &#8211; <a href=\"http:\/\/concurso.ifbaiano.edu.br\/portal\/sisu20152\/wp-content\/uploads\/sites\/21\/2015\/05\/Gestao_de_Turismo.pdf\">Tecnologia em Gest\u00e3o de Turismo<\/a><\/p>\n<p class=\"inicial-titulo\" style=\"text-align: left\">Editais<\/p>\n<p>05\/05\/2015 &#8211; <a href=\"http:\/\/concurso.ifbaiano.edu.br\/portal\/sisu20152\/wp-content\/uploads\/sites\/21\/2015\/05\/Edital_Retifica\u00e7\u00e3o.pdf\">Edital de Retifica\u00e7\u00e3o N\u00ba 36\/2015<\/a><\/p>\n<p>04\/05\/2015 &#8211; <strong><span style=\"color: #ff0000\"><a href=\"http:\/\/concurso.ifbaiano.edu.br\/portal\/sisu20142\/wp-content\/uploads\/sites\/9\/2015\/05\/Nota-de-Esclarecimento.pdf\">Nota Informativa <\/a><\/span>(Novo)<\/a><\/strong><\/a><\/p>\n<p>24\/04\/2015 &#8211; <a href=\"http:\/\/concurso.ifbaiano.edu.br\/portal\/sisu20152\/wp-content\/uploads\/sites\/21\/2015\/04\/Edital_-de_-Vagas_Remanescentes.pdf\">Edital de Abertura N\u00ba 34\/2015<\/a><\/p>\n<p class=\"inicial-titulo\" style=\"text-align: left\">Autodeclara\u00e7\u00e3o \u00c9tnico-Racial<\/a><\/p>\n<p>24\/04\/2015 &#8211; <a href=\"http:\/\/concurso.ifbaiano.edu.br\/portal\/sisu20152\/wp-content\/uploads\/sites\/21\/2015\/04\/Auto_Declara\u00e7\u00e3o.pdf\" target=\"_blank\">Formul\u00e1rio Autodeclara\u00e7\u00e3o \u00c9tnico-Racial <\/a><\/p>\n","protected":false},"excerpt":{"rendered":"<p>Informa\u00e7\u00f5es PROCESSO SELETIVO &#8211; VAGAS REMANESCENTES O IF Baiano torna p\u00fablica a Lista da Segunda Chamada de Candidatos para o preenchimento de Vagas Remanescentes, os candidatos devem se dirigir ao Campus para o qual concorre \u00e0 vaga, nos dias 02, &hellip; <a href=\"https:\/\/concurso.ifbaiano.edu.br\/portal\/sisu20152\/pagina-inicial\/coluna2\/\">Continue lendo <span class=\"meta-nav\">&rarr;<\/span><\/a><\/p>\n","protected":false},"author":1,"featured_media":0,"parent":7,"menu_order":2,"comment_status":"closed","ping_status":"closed","template":"","meta":[],"_links":{"self":[{"href":"https:\/\/concurso.ifbaiano.edu.br\/portal\/sisu20152\/wp-json\/wp\/v2\/pages\/9"}],"collection":[{"href":"https:\/\/concurso.ifbaiano.edu.br\/portal\/sisu20152\/wp-json\/wp\/v2\/pages"}],"about":[{"href":"https:\/\/concurso.ifbaiano.edu.br\/portal\/sisu20152\/wp-json\/wp\/v2\/types\/page"}],"author":[{"embeddable":true,"href":"https:\/\/concurso.ifbaiano.edu.br\/portal\/sisu20152\/wp-json\/wp\/v2\/users\/1"}],"replies":[{"embeddable":true,"href":"https:\/\/concurso.ifbaiano.edu.br\/portal\/sisu20152\/wp-json\/wp\/v2\/comments?post=9"}],"version-history":[{"count":42,"href":"https:\/\/concurso.ifbaiano.edu.br\/portal\/sisu20152\/wp-json\/wp\/v2\/pages\/9\/revisions"}],"predecessor-version":[{"id":970,"href":"https:\/\/concurso.ifbaiano.edu.br\/portal\/sisu20152\/wp-json\/wp\/v2\/pages\/9\/revisions\/970"}],"up":[{"embeddable":true,"href":"https:\/\/concurso.ifbaiano.edu.br\/portal\/sisu20152\/wp-json\/wp\/v2\/pages\/7"}],"wp:attachment":[{"href":"https:\/\/concurso.ifbaiano.edu.br\/portal\/sisu20152\/wp-json\/wp\/v2\/media?parent=9"}],"curies":[{"name":"wp","href":"https:\/\/api.w.org\/{rel}","templated":true}]}}