{"id":480,"date":"2011-12-26T15:02:47","date_gmt":"2011-12-26T18:02:47","guid":{"rendered":"http:\/\/www.ifbaiano.edu.br\/concursos\/portal\/sisu2012\/?page_id=480"},"modified":"2015-04-24T09:59:26","modified_gmt":"2015-04-24T12:59:26","slug":"documentos-para-matricula-2","status":"publish","type":"page","link":"https:\/\/concurso.ifbaiano.edu.br\/portal\/sisu20152\/documentos-para-matricula-2\/","title":{"rendered":"Documentos para Matr\u00edcula"},"content":{"rendered":"<p><strong>Documenta\u00e7\u00e3o que deve ser apresenta\u00e7\u00e3o no ato da matr\u00edcula:<\/strong><\/p>\n<p><b>Ampla concorr\u00eancia:<\/b><\/p>\n<p>a) Documento de Identifica\u00e7\u00e3o:<\/p>\n<p>Considera-se para fins de comprova\u00e7\u00e3o como documento de identifica\u00e7\u00e3o: Registro Geral de Identifica\u00e7\u00e3o Civil (Carteira de identidade, RG) emitido pela Secretaria de Seguran\u00e7a P\u00fablica do Estado, Carteira Nacional de Habilita\u00e7\u00e3o (CNH), Carteira de Trabalho e Previd\u00eancia Social, Carteira de Identidade Profissional emitida pelo Conselho de Classe Profissional;<\/p>\n<p>b) Certid\u00e3o de Nascimento ou casamento;<\/p>\n<p>c) CPF;<\/p>\n<p>d) 02 fotos 3\u00d74 (iguais e recentes);<\/p>\n<p>e) Certificado de Quita\u00e7\u00e3o do Servi\u00e7o Militar (para candidatos do sexo masculino);<\/p>\n<p>f) Quita\u00e7\u00e3o da Justi\u00e7a Eleitoral (<a href=\"http:\/\/www.tre-ba.jus.br\/eleitor\/certidoes\/certidao-de-quitacao-eleitoral\">http:\/\/www.tre-ba.jus.br\/eleitor\/certidoes\/certidao-de-quitacao-eleitoral<\/a>);<\/p>\n<p>g) Certificado de Conclus\u00e3o e Hist\u00f3rico Escolar do Ensino M\u00e9dio;<\/p>\n<p>h) Os documentos constantes nas al\u00edneas a, b, c, d, e, f e g, ser\u00e3o entregues em fotoc\u00f3pias leg\u00edveis a serem autenticadas por servidor \u00e0 vista dos originais, no ato da matr\u00edcula, e o mencionado na al\u00ednea g, dever\u00e1 estar revalidado quando oriundo de pa\u00edses estrangeiros e devidamente acompanhado da respectiva tradu\u00e7\u00e3o juramentada.<\/p>\n<p><b>Vagas Reservadas \u2013 Lei n\u00ba 12.711\/2012:<\/b><\/p>\n<p><b><span style=\"text-decoration: underline\">Para matr\u00edcula dos candidatos com renda familiar bruta per capita igual ou inferior a 1,5 sal\u00e1rio m\u00ednimo que tenham cursado integralmente o ensino m\u00e9dio em escolas p\u00fablicas (Lei n\u00ba \u00a012.711\/2012). <\/span><\/b><\/p>\n<p>Apresenta\u00e7\u00e3o, no ato da matr\u00edcula, dos mesmos documentos solicitados aos candidatos concorrentes \u00e0s vagas destinadas a ampla concorr\u00eancia e dos seguintes documentos:<\/p>\n<p>a) Para os trabalhadores assalariados: contracheques dos tr\u00eas \u00faltimos meses ou extratos banc\u00e1rios dos \u00faltimos tr\u00eas meses.<\/p>\n<p>b) Para os trabalhadores que desenvolvem atividade rural: quaisquer declara\u00e7\u00f5es tribut\u00e1rias referentes \u00e0s Pessoas Jur\u00eddicas vinculadas ao candidato ou a membros da fam\u00edlia ou extratos banc\u00e1rios dos \u00faltimos tr\u00eas meses ou Declara\u00e7\u00e3o de Isen\u00e7\u00e3o do Imposto Territorial Rural (ITR).<\/p>\n<p>c) Para aposentados e pensionistas: extrato mais recente do pagamento de benef\u00edcio ou extratos banc\u00e1rios dos \u00faltimos tr\u00eas meses.<\/p>\n<p>d) Para os aut\u00f4nomos e profissionais liberais: quaisquer declara\u00e7\u00f5es tribut\u00e1rias referentes a Pessoas Jur\u00eddicas vinculadas ao candidato ou a membros da fam\u00edlia ou extratos banc\u00e1rios dos \u00faltimos tr\u00eas meses.<\/p>\n<p>e) Para a comprova\u00e7\u00e3o de renda familiar bruta per capita, referentes a rendimentos, aluguel ou arrendamento de bens m\u00f3veis e im\u00f3veis: extratos banc\u00e1rios dos \u00faltimos tr\u00eas meses e contrato de loca\u00e7\u00e3o ou arrendamento devidamente registrado em cart\u00f3rio, acompanhado dos tr\u00eas \u00faltimos comprovantes de recebimentos.<\/p>\n<p><b><span style=\"text-decoration: underline\">Candidatos autodeclarados pretos, pardos ou ind\u00edgenas, com renda familiar bruta per capita igual ou inferior a 1,5 sal\u00e1rio m\u00ednimo e que tenham cursado integralmente o ensino m\u00e9dio em escolas p\u00fablicas (Lei n\u00ba 12.711\/2012).<\/span><\/b><\/p>\n<p>Apresenta\u00e7\u00e3o, no ato da matr\u00edcula, dos mesmos documentos solicitados aos candidatos concorrentes \u00e0s vagas destinadas a ampla concorr\u00eancia e dos seguintes documentos:<\/p>\n<p>a) Entrega do formul\u00e1rio de autodeclara\u00e7\u00e3o \u00e9tnico-racial disponibilizado em concursos.ifbaiano.edu.br.<\/p>\n<p>b) Para os trabalhadores que desenvolvem atividade rural: quaisquer declara\u00e7\u00f5es tribut\u00e1rias referentes \u00e0s Pessoas Jur\u00eddicas vinculadas ao candidato ou a membros da fam\u00edlia ou extratos banc\u00e1rios dos \u00faltimos tr\u00eas meses ou Declara\u00e7\u00e3o de Isen\u00e7\u00e3o do Imposto Territorial Rural (ITR).<\/p>\n<p>c) Para a os trabalhadores que desenvolvem atividade rural: quaisquer declara\u00e7\u00f5es tribut\u00e1rias referentes \u00e0s Pessoas Jur\u00eddicas vinculadas ao candidato ou a membros da fam\u00edlia ou extratos banc\u00e1rios dos \u00faltimos tr\u00eas meses.<\/p>\n<p>d) Para aposentados e pensionistas: extrato mais recente do pagamento de benef\u00edcio ou extratos banc\u00e1rios dos \u00faltimos tr\u00eas meses.<\/p>\n<p>e) Para os aut\u00f4nomos e profissionais liberais: quaisquer declara\u00e7\u00f5es tribut\u00e1rias referentes a Pessoas Jur\u00eddicas vinculadas ao candidato ou a membros da fam\u00edlia ou extratos banc\u00e1rios dos \u00faltimos tr\u00eas meses.<\/p>\n<p>f) Para a comprova\u00e7\u00e3o de renda familiar bruta per capita, referentes a rendimentos, aluguel ou arrendamento de bens m\u00f3veis e im\u00f3veis: extratos banc\u00e1rios dos \u00faltimos tr\u00eas meses e contrato de loca\u00e7\u00e3o ou arrendamento devidamente registrado em cart\u00f3rio, acompanhado dos tr\u00eas \u00faltimos comprovantes de recebimentos.<\/p>\n<p><b><span style=\"text-decoration: underline\">Candidatos que, independentemente da renda (art. 14, II, Portaria Normativa n\u00ba 18\/2012), tenham cursado integralmente o ensino m\u00e9dio em escolas p\u00fablicas (Lei n\u00ba 12.711\/2012).<\/span><\/b><\/p>\n<p>Apresenta\u00e7\u00e3o, no ato da matr\u00edcula, dos mesmos documentos solicitados aos candidatos concorrentes \u00e0s vagas destinadas a ampla concorr\u00eancia e do original e c\u00f3pia do Hist\u00f3rico Escolar, ou Certificado de Conclus\u00e3o, ou Declara\u00e7\u00e3o de conclus\u00e3o de todo o Ensino M\u00e9dio em escola p\u00fablica.<\/p>\n<p><b><span style=\"text-decoration: underline\">Candidatos autodeclarados pretos, pardos ou ind\u00edgenas que, independentemente da renda (art. 14, II, Portaria Normativa n\u00ba 18\/2012), tenham cursado integralmente o ensino m\u00e9dio em escolas p\u00fablicas (Lei n\u00ba 12.711\/2012).<\/span><\/b><\/p>\n<p>Apresenta\u00e7\u00e3o, no ato da matr\u00edcula, dos mesmos documentos solicitados aos candidatos concorrentes \u00e0s vagas destinadas a ampla concorr\u00eancia, original e c\u00f3pia do Hist\u00f3rico Escolar, ou Certificado de Conclus\u00e3o, ou Declara\u00e7\u00e3o de conclus\u00e3o de todo o Ensino M\u00e9dio em escola p\u00fablica e do seguinte documento:<\/p>\n<p>a) Entrega do formul\u00e1rio de Autodeclara\u00e7\u00e3o \u00c9tnico-Racial disponibilizado em <span style=\"text-decoration: underline\">concursos.ifbaiano.edu.br<\/span>.<\/p>\n<p><b>A\u00e7\u00f5es afirmativas do IF Baiano: Candidato com Defici\u00eancia<\/b><\/p>\n<p>No ato da matr\u00edcula, os candidatos que tenham Necessidades Educacionais Especiais dever\u00e3o entregar original e c\u00f3pia do laudo M\u00e9dico, atestando a esp\u00e9cie, o grau ou o n\u00edvel de defici\u00eancia.<\/p>\n<p>&nbsp;<\/p>\n<p>&nbsp;<\/p>\n","protected":false},"excerpt":{"rendered":"<p>Documenta\u00e7\u00e3o que deve ser apresenta\u00e7\u00e3o no ato da matr\u00edcula: Ampla concorr\u00eancia: a) Documento de Identifica\u00e7\u00e3o: Considera-se para fins de comprova\u00e7\u00e3o como documento de identifica\u00e7\u00e3o: Registro Geral de Identifica\u00e7\u00e3o Civil (Carteira de identidade, RG) emitido pela Secretaria de Seguran\u00e7a P\u00fablica do &hellip; <a href=\"https:\/\/concurso.ifbaiano.edu.br\/portal\/sisu20152\/documentos-para-matricula-2\/\">Continue lendo <span class=\"meta-nav\">&rarr;<\/span><\/a><\/p>\n","protected":false},"author":1,"featured_media":0,"parent":0,"menu_order":0,"comment_status":"closed","ping_status":"closed","template":"","meta":[],"_links":{"self":[{"href":"https:\/\/concurso.ifbaiano.edu.br\/portal\/sisu20152\/wp-json\/wp\/v2\/pages\/480"}],"collection":[{"href":"https:\/\/concurso.ifbaiano.edu.br\/portal\/sisu20152\/wp-json\/wp\/v2\/pages"}],"about":[{"href":"https:\/\/concurso.ifbaiano.edu.br\/portal\/sisu20152\/wp-json\/wp\/v2\/types\/page"}],"author":[{"embeddable":true,"href":"https:\/\/concurso.ifbaiano.edu.br\/portal\/sisu20152\/wp-json\/wp\/v2\/users\/1"}],"replies":[{"embeddable":true,"href":"https:\/\/concurso.ifbaiano.edu.br\/portal\/sisu20152\/wp-json\/wp\/v2\/comments?post=480"}],"version-history":[{"count":2,"href":"https:\/\/concurso.ifbaiano.edu.br\/portal\/sisu20152\/wp-json\/wp\/v2\/pages\/480\/revisions"}],"predecessor-version":[{"id":969,"href":"https:\/\/concurso.ifbaiano.edu.br\/portal\/sisu20152\/wp-json\/wp\/v2\/pages\/480\/revisions\/969"}],"wp:attachment":[{"href":"https:\/\/concurso.ifbaiano.edu.br\/portal\/sisu20152\/wp-json\/wp\/v2\/media?parent=480"}],"curies":[{"name":"wp","href":"https:\/\/api.w.org\/{rel}","templated":true}]}}