{"id":12,"date":"2011-04-18T14:47:49","date_gmt":"2011-04-18T17:47:49","guid":{"rendered":"http:\/\/www.ifbaiano.edu.br\/concursos\/portal\/discente20112\/?page_id=12"},"modified":"2015-04-24T11:16:26","modified_gmt":"2015-04-24T14:16:26","slug":"coluna1","status":"publish","type":"page","link":"https:\/\/concurso.ifbaiano.edu.br\/portal\/sisu20152\/pagina-inicial\/coluna1\/","title":{"rendered":"Coluna1 &#8211; O Processo Seletivo"},"content":{"rendered":"<p class=\"inicial-titulo\">\u00a0<strong>O Processo Seletivo<\/strong><\/p>\n<p style=\"text-align: justify\">O Reitor do Instituto Federal de Educa\u00e7\u00e3o, Ci\u00eancia e Tecnologia Baiano, no uso de suas atribui\u00e7\u00f5es legais, considerando o disposto na Portaria Normativa MEC n\u00ba 18, de 11 de outubro de 2012, torna p\u00fablico O Edital de Vagas Remanescentes do SiSU 2015.1, visando o preenchimento das vagas dos cursos de gradua\u00e7\u00e3o, para ingresso no 1\u00ba Semestre de 2015.<\/p>\n<p class=\"inicial-titulo\">\u00a0<strong>Das Vagas<\/strong><\/p>\n<table border=\"0\" cellspacing=\"0\" cellpadding=\"0\">\n<tbody>\n<tr>\n<td width=\"45\">\n<p align=\"center\"><b>CAMPUS<\/b><\/p>\n<\/td>\n<td width=\"48\">\n<p align=\"center\"><b>CURSO<\/b><\/p>\n<\/td>\n<td width=\"36\">\n<p align=\"center\"><b>TOTAL<\/b><\/p>\n<\/td>\n<\/tr>\n<tr>\n<td width=\"45\">Campus Catu<\/td>\n<td width=\"48\">An\u00e1lise e Des. Sistemas -Tecnol\u00f3gico<\/td>\n<td width=\"36\">\n<p align=\"center\">10<\/p>\n<\/td>\n<\/tr>\n<tr>\n<td width=\"45\">Campus Catu<\/td>\n<td width=\"48\">Licenciatura em Qu\u00edmica<\/td>\n<td width=\"36\">\n<p align=\"center\">15<\/p>\n<\/td>\n<\/tr>\n<tr>\n<td width=\"45\">Campus Guanambi<\/td>\n<td width=\"48\">Tecnologia em Agroind\u00fastria<\/td>\n<td width=\"36\">\n<p align=\"center\">11<\/p>\n<\/td>\n<\/tr>\n<tr>\n<td width=\"45\">Campus Uru\u00e7uca<\/td>\n<td width=\"48\">Tecnologia em Agroecologia<\/td>\n<td width=\"36\">\n<p align=\"center\">07<\/p>\n<\/td>\n<\/tr>\n<tr>\n<td width=\"45\">Campus Uru\u00e7uca<\/td>\n<td width=\"48\">Tecnologia em Gest\u00e3o de Turismo<\/td>\n<td width=\"36\">\n<p align=\"center\">18<\/p>\n<\/td>\n<\/tr>\n<tr>\n<td colspan=\"2\" width=\"93\">\n<p align=\"center\">TOTAL<\/p>\n<\/td>\n<td width=\"36\">\n<p align=\"center\">61<\/p>\n<\/td>\n<\/tr>\n<\/tbody>\n<\/table>\n","protected":false},"excerpt":{"rendered":"<p>\u00a0O Processo Seletivo O Reitor do Instituto Federal de Educa\u00e7\u00e3o, Ci\u00eancia e Tecnologia Baiano, no uso de suas atribui\u00e7\u00f5es legais, considerando o disposto na Portaria Normativa MEC n\u00ba 18, de 11 de outubro de 2012, torna p\u00fablico O Edital de &hellip; <a href=\"https:\/\/concurso.ifbaiano.edu.br\/portal\/sisu20152\/pagina-inicial\/coluna1\/\">Continue lendo <span class=\"meta-nav\">&rarr;<\/span><\/a><\/p>\n","protected":false},"author":1,"featured_media":0,"parent":7,"menu_order":1,"comment_status":"closed","ping_status":"closed","template":"","meta":[],"_links":{"self":[{"href":"https:\/\/concurso.ifbaiano.edu.br\/portal\/sisu20152\/wp-json\/wp\/v2\/pages\/12"}],"collection":[{"href":"https:\/\/concurso.ifbaiano.edu.br\/portal\/sisu20152\/wp-json\/wp\/v2\/pages"}],"about":[{"href":"https:\/\/concurso.ifbaiano.edu.br\/portal\/sisu20152\/wp-json\/wp\/v2\/types\/page"}],"author":[{"embeddable":true,"href":"https:\/\/concurso.ifbaiano.edu.br\/portal\/sisu20152\/wp-json\/wp\/v2\/users\/1"}],"replies":[{"embeddable":true,"href":"https:\/\/concurso.ifbaiano.edu.br\/portal\/sisu20152\/wp-json\/wp\/v2\/comments?post=12"}],"version-history":[{"count":10,"href":"https:\/\/concurso.ifbaiano.edu.br\/portal\/sisu20152\/wp-json\/wp\/v2\/pages\/12\/revisions"}],"predecessor-version":[{"id":963,"href":"https:\/\/concurso.ifbaiano.edu.br\/portal\/sisu20152\/wp-json\/wp\/v2\/pages\/12\/revisions\/963"}],"up":[{"embeddable":true,"href":"https:\/\/concurso.ifbaiano.edu.br\/portal\/sisu20152\/wp-json\/wp\/v2\/pages\/7"}],"wp:attachment":[{"href":"https:\/\/concurso.ifbaiano.edu.br\/portal\/sisu20152\/wp-json\/wp\/v2\/media?parent=12"}],"curies":[{"name":"wp","href":"https:\/\/api.w.org\/{rel}","templated":true}]}}