{"id":9,"date":"2011-04-18T14:47:01","date_gmt":"2011-04-18T17:47:01","guid":{"rendered":"http:\/\/www.ifbaiano.edu.br\/concursos\/portal\/discente20112\/?page_id=9"},"modified":"2015-03-27T12:36:25","modified_gmt":"2015-03-27T12:36:25","slug":"coluna2","status":"publish","type":"page","link":"https:\/\/concurso.ifbaiano.edu.br\/portal\/sisu20151\/pagina-inicial\/coluna2\/","title":{"rendered":"Coluna2 &#8211; Informa\u00e7\u00f5es"},"content":{"rendered":"<p class=\"inicial-titulo\" style=\"text-align: left\">Informa\u00e7\u00f5es<\/p>\n<p><strong><span style=\"color: #ff0000\">CONVOCA\u00c7\u00c3O DOS CANDIDATOS &#8211; REUNI\u00c3O!<\/span><\/strong><\/p>\n<p style=\"text-align: justify\">Os candidatos \u00e0s vagas remanescentes dever\u00e3o participar da reuni\u00e3o que ocorrer\u00e1 no dia 30 de mar\u00e7o de 2015, \u00e0s 09h00min, no Campus para o qual concorre a vaga, conforme item 2 do Edital 28, de 24 de mar\u00e7o de 2015.<\/p>\n<p style=\"text-align: justify\">A aus\u00eancia do candidato convocado para participar da reuni\u00e3o implicar\u00e1 na sua elimina\u00e7\u00e3o autom\u00e1tica do certame, salvo se for apresentado justo motivo.<\/p>\n<p class=\"inicial-titulo\" style=\"text-align: left\">Editais<\/p>\n<p>24\/03\/2015 &#8211; <a href=\"http:\/\/concurso.ifbaiano.edu.br\/portal\/sisu20151\/wp-content\/uploads\/sites\/18\/2015\/03\/Edital_-de_-Convocacao_Reuniao.pdf\">Edital de Convoca\u00e7\u00e3o N\u00ba 28\/2015 &#8211; Reuni\u00e3o <strong><span style=\"color: #ff0000\"><\/span><\/strong><\/a><\/p>\n<p><\/br><\/p>\n<p>Anexo XX &#8211; Campus Catu <strong><span style=\"color: #ff0000\"><\/span><\/strong><\/p>\n<p><a href=\"http:\/\/concurso.ifbaiano.edu.br\/portal\/sisu20151\/wp-content\/uploads\/sites\/18\/2015\/03\/Tecn\u00f3logo-em-An\u00e1lise-e-Desenvolvimento-de-Sistemas-Catu.pdf\">Tecnologia em An\u00e1lise e Desenvolvimento de Sistemas<\/a><\/p>\n<p><a href=\"http:\/\/concurso.ifbaiano.edu.br\/portal\/sisu20151\/wp-content\/uploads\/sites\/18\/2015\/03\/Licenciatura-em-Qu\u00edmica-Catu.pdf\">Licenciatura em Qu\u00edmica<\/a><\/p>\n<p><\/br><\/p>\n<p>Anexo XIX &#8211; Campus Uru\u00e7uca <strong><span style=\"color: #ff0000\"><\/span><\/strong><\/p>\n<p><a href=\"http:\/\/concurso.ifbaiano.edu.br\/portal\/sisu20151\/wp-content\/uploads\/sites\/18\/2015\/03\/Tecnologia-em-Agroecologia.pdf\">Tecnologia em Agroecologia<\/a><\/p>\n<p><a href=\"http:\/\/concurso.ifbaiano.edu.br\/portal\/sisu20151\/wp-content\/uploads\/sites\/18\/2015\/03\/Tecnologia-em-Gest\u00e3o-de-Turismo.pdf\">Tecnologia em Gest\u00e3o de Turismo<\/a><\/p>\n<p><\/br><\/p>\n<p>Anexo XVIII &#8211; Campus Senhor do Bonfim <strong><span style=\"color: #ff0000\"><\/span><\/strong><\/p>\n<p><a href=\"http:\/\/concurso.ifbaiano.edu.br\/portal\/sisu20151\/wp-content\/uploads\/sites\/18\/2015\/03\/Licenciatura-em-Ci\u00eancias-Agr\u00e1rias.pdf\">Licenciatura em Ci\u00eancias Agr\u00e1rias<\/a><\/p>\n<p><a href=\"http:\/\/concurso.ifbaiano.edu.br\/portal\/sisu20151\/wp-content\/uploads\/sites\/18\/2015\/03\/Licenciatura-em-Ci\u00eancias-da-Computa\u00e7\u00e3o-SBF.pdf\">Licenciatura em Ci\u00eancias da Computa\u00e7\u00e3o<\/a><\/p>\n<p><\/br><\/p>\n<p>Anexo XVII &#8211; Campus Guanambi <strong><span style=\"color: #ff0000\"><\/span><\/strong><\/p>\n<p><a href=\"http:\/\/concurso.ifbaiano.edu.br\/portal\/sisu20151\/wp-content\/uploads\/sites\/18\/2015\/03\/ADS-Guanambi.pdf\">Tecnologia em An\u00e1lise e Desenvolvimento de Sistemas<\/a><\/p>\n<p><a href=\"http:\/\/concurso.ifbaiano.edu.br\/portal\/sisu20151\/wp-content\/uploads\/sites\/18\/2015\/03\/Bacharelado-em-Agronomia-Guanambi.pdf\">Bacharelado em Agronomia<\/a><\/p>\n<p><a href=\"http:\/\/concurso.ifbaiano.edu.br\/portal\/sisu20151\/wp-content\/uploads\/sites\/18\/2015\/03\/Licenciatura-em-Qu\u00edmica-Guanambi.pdf\">Licenciatura em Qu\u00edmica<\/a><\/p>\n<p><a href=\"http:\/\/concurso.ifbaiano.edu.br\/portal\/sisu20151\/wp-content\/uploads\/sites\/18\/2015\/03\/Tecnologia-em-Agroind\u00fastria-Guanambi.pdf\">Tecnologia em Agroind\u00fastria<\/a><\/p>\n<p><\/br><\/p>\n<p>19\/02\/2015 &#8211; <a href=\"http:\/\/concurso.ifbaiano.edu.br\/portal\/sisu20151\/wp-content\/uploads\/sites\/18\/2015\/02\/Edital_Convocacao_Lista_de_Espera.pdf\">Edital de Convoca\u00e7\u00e3o N\u00ba 16\/2015 &#8211; Lista de Espera <strong><span style=\"color: #ff0000\"><\/span><\/strong><\/a><\/p>\n<p>Anexo XVI &#8211; Campus Catu (4\u00aa Chamada) <strong><span style=\"color: #ff0000\"><\/span><\/strong><\/p>\n<p><a href=\"http:\/\/concurso.ifbaiano.edu.br\/portal\/sisu20151\/wp-content\/uploads\/sites\/18\/2015\/03\/ADS_Catu.pdf\">Tecnologia em An\u00e1lise e Desenvolvimento de Sistemas<\/a><\/p>\n<p><a href=\"http:\/\/concurso.ifbaiano.edu.br\/portal\/sisu20151\/wp-content\/uploads\/sites\/18\/2015\/03\/Quimica_Catu2.pdf\">Licenciatura em Qu\u00edmica<\/a><\/p>\n<p>Anexo XV &#8211; Campus Uru\u00e7uca (4\u00aa Chamada) <strong><span style=\"color: #ff0000\"><\/span><\/strong><\/p>\n<p><a href=\"http:\/\/concurso.ifbaiano.edu.br\/portal\/sisu20151\/wp-content\/uploads\/sites\/18\/2015\/03\/Tecnologia_URU.pdf\">Gradua\u00e7\u00e3o Tecnol\u00f3gica<\/a><\/p>\n<p>Anexo XIV &#8211; Campus Senhor do Bonfim (4\u00aa Chamada) <strong><span style=\"color: #ff0000\"><\/span><\/strong><\/p>\n<p><a href=\"http:\/\/concurso.ifbaiano.edu.br\/portal\/sisu20151\/wp-content\/uploads\/sites\/18\/2015\/03\/C_Agrarias_SBF.pdf\">Licenciatura em Ci\u00eancias Agr\u00e1rias<\/a><\/p>\n<p><a href=\"http:\/\/concurso.ifbaiano.edu.br\/portal\/sisu20151\/wp-content\/uploads\/sites\/18\/2015\/03\/C_Computa\u00e7\u00e3o_SBF.pdf\">Licenciatura em Ci\u00eancias da Computa\u00e7\u00e3o<\/a><\/p>\n<p>Anexo XIII &#8211; Campus Guanambi (4\u00aa Chamada) <strong><span style=\"color: #ff0000\"><\/span><\/strong><\/p>\n<p><a href=\"http:\/\/concurso.ifbaiano.edu.br\/portal\/sisu20151\/wp-content\/uploads\/sites\/18\/2015\/03\/Ads_GBI.pdf\">Tecnologia em An\u00e1lise e Desenvolvimento de Sistemas<\/a><\/p>\n<p><a href=\"http:\/\/concurso.ifbaiano.edu.br\/portal\/sisu20151\/wp-content\/uploads\/sites\/18\/2015\/03\/agroindustria_GBI.pdf\">Tecnologia em Agroind\u00fastria<\/a><\/p>\n<p><a href=\"http:\/\/concurso.ifbaiano.edu.br\/portal\/sisu20151\/wp-content\/uploads\/sites\/18\/2015\/03\/Agronomia_GBI.pdf\">Bacharelado em Agronomia<\/a><\/p>\n<p><a href=\"http:\/\/concurso.ifbaiano.edu.br\/portal\/sisu20151\/wp-content\/uploads\/sites\/18\/2015\/03\/Quimica_GBI.pdf\">Licenciatura em Qu\u00edmica<\/a><\/p>\n<p>Anexo XII &#8211; Campus Catu (3\u00aa Chamada) <\/p>\n<p><a href=\"http:\/\/concurso.ifbaiano.edu.br\/portal\/sisu20151\/wp-content\/uploads\/sites\/18\/2015\/03\/Ads_Catu1.pdf\">Tecnologia em An\u00e1lise e Desenvolvimento de Sistemas<\/a><\/p>\n<p><a href=\"http:\/\/concurso.ifbaiano.edu.br\/portal\/sisu20151\/wp-content\/uploads\/sites\/18\/2015\/03\/Quimica_Catu1.pdf\">Licenciatura em Qu\u00edmica<\/a><\/p>\n<p>Anexo XI &#8211; Campus Uru\u00e7uca(3\u00aa Chamada) <\/span><\/p>\n<p><a href=\"http:\/\/concurso.ifbaiano.edu.br\/portal\/sisu20151\/wp-content\/uploads\/sites\/18\/2015\/03\/Superior_Tecnologico.pdf\">Gradua\u00e7\u00e3o Tecnol\u00f3gica<\/a><\/p>\n<p>Anexo X &#8211; Campus Senhor do Bonfim<\/span><\/p>\n<p><a href=\"http:\/\/concurso.ifbaiano.edu.br\/portal\/sisu20151\/wp-content\/uploads\/sites\/18\/2015\/03\/LC_Agrarias.pdf\">Licenciatura em Ci\u00eancias Agr\u00e1rias<\/a><\/p>\n<p><a href=\"http:\/\/concurso.ifbaiano.edu.br\/portal\/sisu20151\/wp-content\/uploads\/sites\/18\/2015\/03\/LC_Computacao.pdf\">Licenciatura em Ci\u00eancias da Computa\u00e7\u00e3o<\/a><\/p>\n<p>Anexo IX &#8211; Campus Guanambi (3\u00aa Chamada) <\/p>\n<p><a href=\"http:\/\/concurso.ifbaiano.edu.br\/portal\/sisu20151\/wp-content\/uploads\/sites\/18\/2015\/03\/Ads_Guanambi.pdf\">Tecnologia em An\u00e1lise e Desenvolvimento de Sistemas<\/a><\/p>\n<p><a href=\"http:\/\/concurso.ifbaiano.edu.br\/portal\/sisu20151\/wp-content\/uploads\/sites\/18\/2015\/03\/Agroind\u00fastria_Guanambi.pdf\">Tecnologia em Agroind\u00fastria<\/a><\/p>\n<p><a href=\"http:\/\/concurso.ifbaiano.edu.br\/portal\/sisu20151\/wp-content\/uploads\/sites\/18\/2015\/03\/Agronomia_Guanambi.pdf\">Bacharelado em Agronomia<\/a><\/p>\n<p><a href=\"http:\/\/concurso.ifbaiano.edu.br\/portal\/sisu20151\/wp-content\/uploads\/sites\/18\/2015\/03\/Quimica.pdf\">Licenciatura em Qu\u00edmica<\/a><\/p>\n<p>Anexo VIII &#8211; Campus Catu (2\u00aa Chamada) <\/p>\n<p><a href=\"http:\/\/concurso.ifbaiano.edu.br\/portal\/sisu20151\/wp-content\/uploads\/sites\/18\/2015\/03\/Ads_Catu.pdf\">Tecnologia em An\u00e1lise e Desenvolvimento de Sistemas<\/a><\/p>\n<p><a href=\"http:\/\/concurso.ifbaiano.edu.br\/portal\/sisu20151\/wp-content\/uploads\/sites\/18\/2015\/03\/Quimica_Catu.pdf\">Licenciatura em Qu\u00edmica<\/a><\/p>\n<p>Anexo VII &#8211; Campus Uru\u00e7uca(2\u00aa Chamada) <\/span><\/p>\n<p><a href=\"http:\/\/concurso.ifbaiano.edu.br\/portal\/sisu20151\/wp-content\/uploads\/sites\/18\/2015\/02\/Urucuca.pdf\">Gradua\u00e7\u00e3o Tecnol\u00f3gica<\/a><\/p>\n<p>Anexo VI &#8211; Campus Senhor do Bonfim (2\u00aa Chamada) <\/span><\/p>\n<p><a href=\"http:\/\/concurso.ifbaiano.edu.br\/portal\/sisu20151\/wp-content\/uploads\/sites\/18\/2015\/02\/C_Agrarias1.pdf\">Licenciatura em Ci\u00eancias Agr\u00e1rias<\/a><\/p>\n<p><a href=\"http:\/\/concurso.ifbaiano.edu.br\/portal\/sisu20151\/wp-content\/uploads\/sites\/18\/2015\/02\/C_Computa\u00e7\u00e3o.pdf\">Licenciatura em Ci\u00eancias da Computa\u00e7\u00e3o<\/a><\/p>\n<p>Anexo V &#8211; Campus Guanambi (2\u00aa Chamada) <\/p>\n<p><a href=\"http:\/\/concurso.ifbaiano.edu.br\/portal\/sisu20151\/wp-content\/uploads\/sites\/18\/2015\/02\/Ads.pdf\">Tecnologia em An\u00e1lise e Desenvolvimento de Sistemas<\/a><\/p>\n<p><a href=\"http:\/\/concurso.ifbaiano.edu.br\/portal\/sisu20151\/wp-content\/uploads\/sites\/18\/2015\/02\/Agroindustria.pdf\">Tecnologia em Agroind\u00fastria<\/a><\/p>\n<p><a href=\"http:\/\/concurso.ifbaiano.edu.br\/portal\/sisu20151\/wp-content\/uploads\/sites\/18\/2015\/02\/Agronomia.pdf\">Bacharelado em Agronomia<\/a><\/p>\n<p><a href=\"http:\/\/concurso.ifbaiano.edu.br\/portal\/sisu20151\/wp-content\/uploads\/sites\/18\/2015\/02\/Quimica.pdf\">Licenciatura em Qu\u00edmica<\/a><\/p>\n<p>Anexo IV &#8211; Campus Catu <span style=\"color: #000000\">(1\u00aa Chamada)<\/span><\/p>\n<p><a href=\"http:\/\/concurso.ifbaiano.edu.br\/portal\/sisu20151\/wp-content\/uploads\/sites\/18\/2015\/02\/ADS_CATU.pdf\">Tecnologia em An\u00e1lise e Desenvolvimento de Sistemas<\/a><\/p>\n<p><a href=\"http:\/\/concurso.ifbaiano.edu.br\/portal\/sisu20151\/wp-content\/uploads\/sites\/18\/2015\/02\/Qu\u00edmica_CATU.pdf\">Licenciatura em Qu\u00edmica<\/a><\/p>\n<p>Anexo III &#8211; Campus Uru\u00e7uca <span style=\"color: #000000\">(1\u00aa Chamada)<\/span><\/p>\n<p><a href=\"http:\/\/concurso.ifbaiano.edu.br\/portal\/sisu20151\/wp-content\/uploads\/sites\/18\/2015\/02\/Agroecologia.pdf\">Tecnologia em Agroecologia<\/a><\/p>\n<p><a href=\"http:\/\/concurso.ifbaiano.edu.br\/portal\/sisu20151\/wp-content\/uploads\/sites\/18\/2015\/02\/Turismo.pdf\">Tecnologia em Gest\u00e3o de Turismo<\/a><\/p>\n<p>Anexo II &#8211; Campus Senhor do Bonfim<span style=\"color: #000000\">(1\u00aa Chamada)<\/span><\/p>\n<p><a href=\"http:\/\/concurso.ifbaiano.edu.br\/portal\/sisu20151\/wp-content\/uploads\/sites\/18\/2015\/02\/C_Agrarias.pdf\">Licenciatura em Ci\u00eancias Agr\u00e1rias<\/a><\/p>\n<p><a href=\"http:\/\/concurso.ifbaiano.edu.br\/portal\/sisu20151\/wp-content\/uploads\/sites\/18\/2015\/02\/C_Computacao.pdf\">Licenciatura em Ci\u00eancias da Computa\u00e7\u00e3o<\/a><\/p>\n<p>Anexo I &#8211; Campus Guanambi <span style=\"color: #000000\">(1\u00aa Chamada)<\/span><\/p>\n<p><a href=\"http:\/\/concurso.ifbaiano.edu.br\/portal\/sisu20151\/wp-content\/uploads\/sites\/18\/2015\/02\/ADS_GUANAMBI.pdf\">Tecnologia em An\u00e1lise e Desenvolvimento de Sistemas<\/a><\/p>\n<p><a href=\"http:\/\/concurso.ifbaiano.edu.br\/portal\/sisu20151\/wp-content\/uploads\/sites\/18\/2015\/02\/AGROINDUSTRIA.pdf\">Tecnologia em Agroind\u00fastria<\/a><\/p>\n<p><a href=\"http:\/\/concurso.ifbaiano.edu.br\/portal\/sisu20151\/wp-content\/uploads\/sites\/18\/2015\/02\/AGRONOMIA.pdf\">Bacharelado em Agronomia<\/a><\/p>\n<p><a href=\"http:\/\/concurso.ifbaiano.edu.br\/portal\/sisu20151\/wp-content\/uploads\/sites\/18\/2015\/02\/QUIMICA_GUANAMBI.pdf\">Licenciatura em Qu\u00edmica<\/a><\/p>\n<p>19\/01\/2015 &#8211; <a href=\"http:\/\/concurso.ifbaiano.edu.br\/portal\/sisu20151\/wp-content\/uploads\/sites\/18\/2015\/01\/Edital_SiSU_20151.pdf\" target=\"_blank\">Edital de Abertura N\u00ba 07\/2015<\/a><\/p>\n<p class=\"inicial-titulo\" style=\"text-align: left\">Termo de Ades\u00e3o<\/p>\n<p>19\/01\/2015 &#8211; <a href=\"http:\/\/concurso.ifbaiano.edu.br\/portal\/sisu20151\/wp-content\/uploads\/sites\/18\/2015\/01\/Termo_Adesao.pdf\" target=\"_blank\">Termo de Ades\u00e3o &#8211; IF Baiano<\/a><\/p>\n<p class=\"inicial-titulo\" style=\"text-align: left\">Autodeclara\u00e7\u00e3o \u00c9tnico-Racial<\/p>\n<p>19\/01\/2015 &#8211; <a href=\"http:\/\/concurso.ifbaiano.edu.br\/portal\/sisu20151\/wp-content\/uploads\/sites\/18\/2015\/01\/AUTO_DECLARA\u00c7\u00c3O.pdf\" target=\"_blank\">Formul\u00e1rio Autodeclara\u00e7\u00e3o \u00c9tnico-Racial <\/a><\/p>\n","protected":false},"excerpt":{"rendered":"<p>Informa\u00e7\u00f5es CONVOCA\u00c7\u00c3O DOS CANDIDATOS &#8211; REUNI\u00c3O! Os candidatos \u00e0s vagas remanescentes dever\u00e3o participar da reuni\u00e3o que ocorrer\u00e1 no dia 30 de mar\u00e7o de 2015, \u00e0s 09h00min, no Campus para o qual concorre a vaga, conforme item 2 do Edital 28, &hellip; <a href=\"https:\/\/concurso.ifbaiano.edu.br\/portal\/sisu20151\/pagina-inicial\/coluna2\/\">Continue lendo <span class=\"meta-nav\">&rarr;<\/span><\/a><\/p>\n","protected":false},"author":5,"featured_media":0,"parent":7,"menu_order":2,"comment_status":"closed","ping_status":"closed","template":"","meta":[],"_links":{"self":[{"href":"https:\/\/concurso.ifbaiano.edu.br\/portal\/sisu20151\/wp-json\/wp\/v2\/pages\/9"}],"collection":[{"href":"https:\/\/concurso.ifbaiano.edu.br\/portal\/sisu20151\/wp-json\/wp\/v2\/pages"}],"about":[{"href":"https:\/\/concurso.ifbaiano.edu.br\/portal\/sisu20151\/wp-json\/wp\/v2\/types\/page"}],"author":[{"embeddable":true,"href":"https:\/\/concurso.ifbaiano.edu.br\/portal\/sisu20151\/wp-json\/wp\/v2\/users\/5"}],"replies":[{"embeddable":true,"href":"https:\/\/concurso.ifbaiano.edu.br\/portal\/sisu20151\/wp-json\/wp\/v2\/comments?post=9"}],"version-history":[{"count":116,"href":"https:\/\/concurso.ifbaiano.edu.br\/portal\/sisu20151\/wp-json\/wp\/v2\/pages\/9\/revisions"}],"predecessor-version":[{"id":732,"href":"https:\/\/concurso.ifbaiano.edu.br\/portal\/sisu20151\/wp-json\/wp\/v2\/pages\/9\/revisions\/732"}],"up":[{"embeddable":true,"href":"https:\/\/concurso.ifbaiano.edu.br\/portal\/sisu20151\/wp-json\/wp\/v2\/pages\/7"}],"wp:attachment":[{"href":"https:\/\/concurso.ifbaiano.edu.br\/portal\/sisu20151\/wp-json\/wp\/v2\/media?parent=9"}],"curies":[{"name":"wp","href":"https:\/\/api.w.org\/{rel}","templated":true}]}}