{"id":486,"date":"2011-12-26T15:07:17","date_gmt":"2011-12-26T18:07:17","guid":{"rendered":"http:\/\/www.ifbaiano.edu.br\/concursos\/portal\/sisu2012\/?page_id=486"},"modified":"2015-01-19T16:30:15","modified_gmt":"2015-01-19T16:30:15","slug":"endereco-locais-de-oferta","status":"publish","type":"page","link":"https:\/\/concurso.ifbaiano.edu.br\/portal\/sisu20151\/endereco-locais-de-oferta\/","title":{"rendered":"Lista de Espera"},"content":{"rendered":"<p>A convoca\u00e7\u00e3o dos candidatos da lista de espera observar\u00e1 a ordem decrescente de classifica\u00e7\u00e3o, a modalidade de concorr\u00eancia e os prazos previstos no Cronograma de Convoca\u00e7\u00e3o abaixo:<\/p>\n<table width=\"910\" border=\"1\" cellspacing=\"0\" cellpadding=\"0\">\n<tbody>\n<tr>\n<td width=\"288\">\n<p style=\"text-align: center\" align=\"center\"><b>CHAMADA<\/b><\/p>\n<\/td>\n<td width=\"204\">\n<p align=\"center\"><b>DIVULGA\u00c7\u00c3O DO RESULTADO<\/b><\/p>\n<\/td>\n<td width=\"194\">\n<p align=\"center\"><b>PER\u00cdODO DE MATR\u00cdCULA<br \/>\n<\/b><\/p>\n<\/td>\n<\/tr>\n<tr>\n<td width=\"288\">\n<p align=\"center\">PRIMEIRA<\/p>\n<\/td>\n<td width=\"204\">\n<p align=\"center\">19\/02\/2015<\/p>\n<\/td>\n<td width=\"194\">\n<p align=\"center\"><b>23\/02 a 25\/02\/2015<\/b><\/p>\n<\/td>\n<\/tr>\n<tr>\n<td width=\"288\">\n<p align=\"center\">SEGUNDA<\/p>\n<\/td>\n<td width=\"204\">\n<p align=\"center\">27\/02\/2015<\/p>\n<\/td>\n<td width=\"194\">\n<p align=\"center\"><b>04\/03 a 06\/03\/2015<\/b><\/p>\n<\/td>\n<\/tr>\n<tr>\n<td width=\"288\">\n<p align=\"center\">TERCEIRA<\/p>\n<\/td>\n<td width=\"204\">\n<p align=\"center\">10\/03\/2015<\/p>\n<\/td>\n<td width=\"194\">\n<p align=\"center\"><b>12\/03 a 13\/03\/2015<\/b><\/p>\n<\/td>\n<\/tr>\n<tr>\n<td width=\"288\">\n<p align=\"center\">QUARTA<\/p>\n<\/td>\n<td width=\"204\">\n<p align=\"center\">17\/03\/2015<\/p>\n<\/td>\n<td width=\"194\">\n<p align=\"center\"><b>19\/03 a 20\/03\/2015<\/b><\/p>\n<\/td>\n<\/tr>\n<tr>\n<td width=\"288\">\n<p align=\"center\"><b>CHAMADA<\/b> (Conforme Subitem 2.3.)<\/p>\n<\/td>\n<td width=\"204\">\n<p align=\"center\"><b>CONVOCA\u00c7\u00c3O DOS CANDIDATOS<\/b><\/p>\n<\/td>\n<td width=\"194\">\n<p align=\"center\"><b>PER\u00cdODO DE MATR\u00cdCULA<\/b><\/p>\n<\/td>\n<\/tr>\n<tr>\n<td width=\"288\">\n<p align=\"center\">Reuni\u00e3o Geral com os Candidatos da Lista de Espera<\/p>\n<\/td>\n<td width=\"204\">\n<p align=\"center\">24\/03<\/p>\n<\/td>\n<td width=\"194\">\n<p align=\"center\">30\/03<\/p>\n<\/td>\n<\/tr>\n<tr>\n<td colspan=\"3\" valign=\"top\" width=\"686\">As matr\u00edculas ser\u00e3o realizadas nas Secretarias de Registros Acad\u00eamicos dos <i>Campi<\/i>, no hor\u00e1rio das 08h30min \u00e0s 12h00min e das 14h00min \u00e0s 16h30min.<\/b><\/p>\n<p>Caso ainda existam vagas em aberto, ap\u00f3s a Convoca\u00e7\u00e3o da quarta chamada, ser\u00e1 realizada uma reuni\u00e3o com todos os candidatos restantes da lista de espera, para preenchimento final.<\/td>\n<p><\/b><\/p>\n<\/tr>\n<\/tbody>\n<\/table>\n","protected":false},"excerpt":{"rendered":"<p>A convoca\u00e7\u00e3o dos candidatos da lista de espera observar\u00e1 a ordem decrescente de classifica\u00e7\u00e3o, a modalidade de concorr\u00eancia e os prazos previstos no Cronograma de Convoca\u00e7\u00e3o abaixo: CHAMADA DIVULGA\u00c7\u00c3O DO RESULTADO PER\u00cdODO DE MATR\u00cdCULA PRIMEIRA 19\/02\/2015 23\/02 a 25\/02\/2015 SEGUNDA &hellip; <a href=\"https:\/\/concurso.ifbaiano.edu.br\/portal\/sisu20151\/endereco-locais-de-oferta\/\">Continue lendo <span class=\"meta-nav\">&rarr;<\/span><\/a><\/p>\n","protected":false},"author":5,"featured_media":0,"parent":0,"menu_order":0,"comment_status":"closed","ping_status":"closed","template":"","meta":[],"_links":{"self":[{"href":"https:\/\/concurso.ifbaiano.edu.br\/portal\/sisu20151\/wp-json\/wp\/v2\/pages\/486"}],"collection":[{"href":"https:\/\/concurso.ifbaiano.edu.br\/portal\/sisu20151\/wp-json\/wp\/v2\/pages"}],"about":[{"href":"https:\/\/concurso.ifbaiano.edu.br\/portal\/sisu20151\/wp-json\/wp\/v2\/types\/page"}],"author":[{"embeddable":true,"href":"https:\/\/concurso.ifbaiano.edu.br\/portal\/sisu20151\/wp-json\/wp\/v2\/users\/5"}],"replies":[{"embeddable":true,"href":"https:\/\/concurso.ifbaiano.edu.br\/portal\/sisu20151\/wp-json\/wp\/v2\/comments?post=486"}],"version-history":[{"count":10,"href":"https:\/\/concurso.ifbaiano.edu.br\/portal\/sisu20151\/wp-json\/wp\/v2\/pages\/486\/revisions"}],"predecessor-version":[{"id":746,"href":"https:\/\/concurso.ifbaiano.edu.br\/portal\/sisu20151\/wp-json\/wp\/v2\/pages\/486\/revisions\/746"}],"wp:attachment":[{"href":"https:\/\/concurso.ifbaiano.edu.br\/portal\/sisu20151\/wp-json\/wp\/v2\/media?parent=486"}],"curies":[{"name":"wp","href":"https:\/\/api.w.org\/{rel}","templated":true}]}}