{"id":482,"date":"2011-12-26T15:06:42","date_gmt":"2011-12-26T18:06:42","guid":{"rendered":"http:\/\/www.ifbaiano.edu.br\/concursos\/portal\/sisu2012\/?page_id=482"},"modified":"2011-12-26T15:06:42","modified_gmt":"2011-12-26T18:06:42","slug":"notas-minimas","status":"publish","type":"page","link":"https:\/\/concurso.ifbaiano.edu.br\/portal\/sisu20151\/notas-minimas\/","title":{"rendered":"Notas M\u00ednimas"},"content":{"rendered":"<p>Todos os cursos em todos os locais de oferta possuem as seguintes notas m\u00ednimas:<\/p>\n<div>\n<table border=\"1\" cellspacing=\"0\" cellpadding=\"0\" width=\"893\">\n<tbody>\n<tr>\n<td valign=\"top\"><strong>Prova Enem<\/strong><\/td>\n<td valign=\"top\"><strong>Peso<\/strong><\/td>\n<td valign=\"top\"><strong>Nota m\u00ednima<\/strong><\/td>\n<\/tr>\n<tr>\n<td valign=\"top\">Reda\u00e7\u00e3o<\/td>\n<td valign=\"top\">1,00<\/td>\n<td valign=\"top\">0,01<\/td>\n<\/tr>\n<tr>\n<td valign=\"top\">Matem\u00e1tica   e suas Tecnologias<\/td>\n<td valign=\"top\">1,00<\/td>\n<td valign=\"top\">0,00<\/td>\n<\/tr>\n<tr>\n<td valign=\"top\">Ci\u00eancias   da Natureza e suas Tecnologias<\/td>\n<td valign=\"top\">1,00<\/td>\n<td valign=\"top\">0,00<\/td>\n<\/tr>\n<tr>\n<td valign=\"top\">Ci\u00eancias   Humanas e suas Tecnologias<\/td>\n<td valign=\"top\">1,00<\/td>\n<td valign=\"top\">0,00<\/td>\n<\/tr>\n<tr>\n<td valign=\"top\">Linguagens,   C\u00f3digos e suas Tecnologias<\/td>\n<td valign=\"top\">1,00<\/td>\n<td valign=\"top\">0,00<\/td>\n<\/tr>\n<\/tbody>\n<\/table>\n<\/div>\n","protected":false},"excerpt":{"rendered":"<p>Todos os cursos em todos os locais de oferta possuem as seguintes notas m\u00ednimas: Prova Enem Peso Nota m\u00ednima Reda\u00e7\u00e3o 1,00 0,01 Matem\u00e1tica e suas Tecnologias 1,00 0,00 Ci\u00eancias da Natureza e suas Tecnologias 1,00 0,00 Ci\u00eancias Humanas e suas &hellip; <a href=\"https:\/\/concurso.ifbaiano.edu.br\/portal\/sisu20151\/notas-minimas\/\">Continue lendo <span class=\"meta-nav\">&rarr;<\/span><\/a><\/p>\n","protected":false},"author":5,"featured_media":0,"parent":0,"menu_order":0,"comment_status":"closed","ping_status":"closed","template":"","meta":[],"_links":{"self":[{"href":"https:\/\/concurso.ifbaiano.edu.br\/portal\/sisu20151\/wp-json\/wp\/v2\/pages\/482"}],"collection":[{"href":"https:\/\/concurso.ifbaiano.edu.br\/portal\/sisu20151\/wp-json\/wp\/v2\/pages"}],"about":[{"href":"https:\/\/concurso.ifbaiano.edu.br\/portal\/sisu20151\/wp-json\/wp\/v2\/types\/page"}],"author":[{"embeddable":true,"href":"https:\/\/concurso.ifbaiano.edu.br\/portal\/sisu20151\/wp-json\/wp\/v2\/users\/5"}],"replies":[{"embeddable":true,"href":"https:\/\/concurso.ifbaiano.edu.br\/portal\/sisu20151\/wp-json\/wp\/v2\/comments?post=482"}],"version-history":[{"count":0,"href":"https:\/\/concurso.ifbaiano.edu.br\/portal\/sisu20151\/wp-json\/wp\/v2\/pages\/482\/revisions"}],"wp:attachment":[{"href":"https:\/\/concurso.ifbaiano.edu.br\/portal\/sisu20151\/wp-json\/wp\/v2\/media?parent=482"}],"curies":[{"name":"wp","href":"https:\/\/api.w.org\/{rel}","templated":true}]}}