{"id":9,"date":"2011-04-18T14:47:01","date_gmt":"2011-04-18T17:47:01","guid":{"rendered":"http:\/\/www.ifbaiano.edu.br\/concursos\/portal\/discente20112\/?page_id=9"},"modified":"2014-08-21T18:02:17","modified_gmt":"2014-08-21T21:02:17","slug":"coluna2","status":"publish","type":"page","link":"https:\/\/concurso.ifbaiano.edu.br\/portal\/sisu20142\/pagina-inicial\/coluna2\/","title":{"rendered":"Coluna2 &#8211; Informa\u00e7\u00f5es"},"content":{"rendered":"<p class=\"inicial-titulo\" style=\"text-align: left\">Informa\u00e7\u00f5es<\/p>\n<p><strong><span style=\"color: #ff0000\">ATEN\u00c7\u00c3O ESTUDANTES PARA A NOVA DATA DE REUNI\u00c3O!!!<\/span><\/strong><\/p>\n<p>Matr\u00edculas \u2013 Lista de Espera!!!<\/p>\n<p style=\"text-align: justify\">Segue o Edital de Convoca\u00e7\u00e3o dos candidatos da Lista de Espera para o preenchimento de vagas do curso de Bacharelado em Zootecnia. Nota: Os candidatos que confirmaram matr\u00edcula na Primeira Chamada est\u00e3o dispensados de comparecer a Segunda Chamada \u2013 Sele\u00e7\u00e3o SiSU 2\u00aa\/2014.<\/p>\n<p>&nbsp;<\/p>\n<p class=\"inicial-titulo\" style=\"text-align: left\">Editais<\/p>\n<p>21\/08\/2014 &#8211; <a href=\"http:\/\/concurso.ifbaiano.edu.br\/portal\/sisu20142\/wp-content\/uploads\/sites\/9\/2014\/08\/Edital_Lista_de_Espera_Retificacao_Seg_Cham_Zootecnia.pdf\" target=\"_blank\">Edital de Retifica\u00e7\u00e3o N\u00ba 31\/2014 <strong><span style=\"color: #ff0000\">(NOVO)<\/span><\/strong><\/a><\/p>\n<p>19\/08\/2014 &#8211; <a href=\"http:\/\/concurso.ifbaiano.edu.br\/portal\/sisu20142\/wp-content\/uploads\/sites\/9\/2014\/08\/Edital_Lista_de_Espera_Segunda_Chamada.pdf\" target=\"_blank\">Edital N\u00ba 30\/2014 &#8211; Sele\u00e7\u00e3o SiSU 2\u00aa\/2014<\/a><\/p>\n<p>19\/08\/2014 &#8211; <a href=\"http:\/\/concurso.ifbaiano.edu.br\/portal\/sisu20142\/wp-content\/uploads\/sites\/9\/2014\/08\/Zootecnia_Segunda_Chamada_Lista_de_Espera.pdf\" target=\"_blank\"> Segunda Lista de Espera &#8211; Zootecnia<\/a><\/p>\n<p>16\/07\/2014 &#8211; <a href=\"http:\/\/concurso.ifbaiano.edu.br\/portal\/sisu20142\/wp-content\/uploads\/sites\/9\/2014\/07\/Edital_Convocacao_Lista_de_Espera.pdf\" target=\"_blank\">Edital de Convoca\u00e7\u00e3o dos Candidatos <\/a><\/p>\n<p>16\/07\/2014 &#8211; <a href=\"http:\/\/concurso.ifbaiano.edu.br\/portal\/sisu20142\/wp-content\/uploads\/sites\/9\/2014\/07\/Biologia.pdf\" target=\"_blank\">Lista de Espera &#8211; Biologia<\/a><\/p>\n<p>16\/07\/2014 &#8211; <a href=\"http:\/\/concurso.ifbaiano.edu.br\/portal\/sisu20142\/wp-content\/uploads\/sites\/9\/2014\/07\/Geografia.pdf\" target=\"_blank\">Lista de Espera &#8211; Geografia<\/a><\/p>\n<p>16\/07\/2014 &#8211; <a href=\"http:\/\/concurso.ifbaiano.edu.br\/portal\/sisu20142\/wp-content\/uploads\/sites\/9\/2014\/07\/Zootecnia.pdf\" target=\"_blank\">Lista de Espera &#8211; Zootecnia<\/a><\/p>\n<p>29\/05\/2014 &#8211; <a href=\"http:\/\/concurso.ifbaiano.edu.br\/portal\/sisu20142\/wp-content\/uploads\/sites\/9\/2014\/05\/Edital-do-PROSEL-SiSu-2-2014.pdf\" target=\"_blank\">Edital N\u00ba 11\/2014 SiSU &#8211; Edi\u00e7\u00e3o 2\/2014<\/a><\/p>\n<p class=\"inicial-titulo\" style=\"text-align: left\">Termo de Ades\u00e3o<\/p>\n<p>&nbsp;<\/p>\n<p>29\/05\/2014 &#8211; <a href=\"http:\/\/concurso.ifbaiano.edu.br\/portal\/sisu20142\/wp-content\/uploads\/sites\/9\/2014\/05\/Termo-de-Adesao-2-2014.pdf\" target=\"_blank\">Termo de Ades\u00e3o &#8211; IF Baiano<\/a><\/p>\n<p class=\"inicial-titulo\" style=\"text-align: left\">Autodeclara\u00e7\u00e3o \u00c9tnico-Racial<\/p>\n<p>&nbsp;<\/p>\n<p>29\/05\/2014 &#8211; <a href=\"http:\/\/concurso.ifbaiano.edu.br\/portal\/sisu20142\/wp-content\/uploads\/sites\/9\/2014\/05\/autodeclaracao-etnico-racial.pdf\" target=\"_blank\">Formul\u00e1rio Autodeclara\u00e7\u00e3o \u00c9tnico-Racial <\/a><\/p>\n","protected":false},"excerpt":{"rendered":"<p>Informa\u00e7\u00f5es ATEN\u00c7\u00c3O ESTUDANTES PARA A NOVA DATA DE REUNI\u00c3O!!! Matr\u00edculas \u2013 Lista de Espera!!! Segue o Edital de Convoca\u00e7\u00e3o dos candidatos da Lista de Espera para o preenchimento de vagas do curso de Bacharelado em Zootecnia. Nota: Os candidatos que &hellip; <a href=\"https:\/\/concurso.ifbaiano.edu.br\/portal\/sisu20142\/pagina-inicial\/coluna2\/\">Continue lendo <span class=\"meta-nav\">&rarr;<\/span><\/a><\/p>\n","protected":false},"author":1,"featured_media":0,"parent":7,"menu_order":2,"comment_status":"closed","ping_status":"closed","template":"","meta":[],"_links":{"self":[{"href":"https:\/\/concurso.ifbaiano.edu.br\/portal\/sisu20142\/wp-json\/wp\/v2\/pages\/9"}],"collection":[{"href":"https:\/\/concurso.ifbaiano.edu.br\/portal\/sisu20142\/wp-json\/wp\/v2\/pages"}],"about":[{"href":"https:\/\/concurso.ifbaiano.edu.br\/portal\/sisu20142\/wp-json\/wp\/v2\/types\/page"}],"author":[{"embeddable":true,"href":"https:\/\/concurso.ifbaiano.edu.br\/portal\/sisu20142\/wp-json\/wp\/v2\/users\/1"}],"replies":[{"embeddable":true,"href":"https:\/\/concurso.ifbaiano.edu.br\/portal\/sisu20142\/wp-json\/wp\/v2\/comments?post=9"}],"version-history":[{"count":55,"href":"https:\/\/concurso.ifbaiano.edu.br\/portal\/sisu20142\/wp-json\/wp\/v2\/pages\/9\/revisions"}],"predecessor-version":[{"id":724,"href":"https:\/\/concurso.ifbaiano.edu.br\/portal\/sisu20142\/wp-json\/wp\/v2\/pages\/9\/revisions\/724"}],"up":[{"embeddable":true,"href":"https:\/\/concurso.ifbaiano.edu.br\/portal\/sisu20142\/wp-json\/wp\/v2\/pages\/7"}],"wp:attachment":[{"href":"https:\/\/concurso.ifbaiano.edu.br\/portal\/sisu20142\/wp-json\/wp\/v2\/media?parent=9"}],"curies":[{"name":"wp","href":"https:\/\/api.w.org\/{rel}","templated":true}]}}