{"id":486,"date":"2011-12-26T15:07:17","date_gmt":"2011-12-26T18:07:17","guid":{"rendered":"http:\/\/www.ifbaiano.edu.br\/concursos\/portal\/sisu2012\/?page_id=486"},"modified":"2014-05-29T18:06:48","modified_gmt":"2014-05-29T21:06:48","slug":"endereco-locais-de-oferta","status":"publish","type":"page","link":"https:\/\/concurso.ifbaiano.edu.br\/portal\/sisu20142\/endereco-locais-de-oferta\/","title":{"rendered":"Endere\u00e7o Locais de Oferta"},"content":{"rendered":"<p>1 &#8211; Local de Oferta: <strong>IF BAIANO &#8211; CAMPUS SANTA IN\u00caS<\/strong><\/p>\n<p>C\u00f3digo: 1046341<\/p>\n<p>Endere\u00e7o: Rodovia BR 420 Km 2,5 , S\/N<br \/>\nComplemento:<\/p>\n<p>Bairro: Zona Rural<\/p>\n<p>Munic\u00edpio &#8211; UF: Santa In\u00eas-BA<\/p>\n<p>CEP: 45320-000<\/p>\n<p>Telefone: \u00a0\u00a0\u00a0\u00a0\u00a0\u00a0\u00a0\u00a0\u00a0\u00a0\u00a0\u00a0(73) 3536-1210<\/p>\n","protected":false},"excerpt":{"rendered":"<p>1 &#8211; Local de Oferta: IF BAIANO &#8211; CAMPUS SANTA IN\u00caS C\u00f3digo: 1046341 Endere\u00e7o: Rodovia BR 420 Km 2,5 , S\/N Complemento: Bairro: Zona Rural Munic\u00edpio &#8211; UF: Santa In\u00eas-BA CEP: 45320-000 Telefone: \u00a0\u00a0\u00a0\u00a0\u00a0\u00a0\u00a0\u00a0\u00a0\u00a0\u00a0\u00a0(73) 3536-1210<\/p>\n","protected":false},"author":1,"featured_media":0,"parent":0,"menu_order":0,"comment_status":"closed","ping_status":"closed","template":"","meta":[],"_links":{"self":[{"href":"https:\/\/concurso.ifbaiano.edu.br\/portal\/sisu20142\/wp-json\/wp\/v2\/pages\/486"}],"collection":[{"href":"https:\/\/concurso.ifbaiano.edu.br\/portal\/sisu20142\/wp-json\/wp\/v2\/pages"}],"about":[{"href":"https:\/\/concurso.ifbaiano.edu.br\/portal\/sisu20142\/wp-json\/wp\/v2\/types\/page"}],"author":[{"embeddable":true,"href":"https:\/\/concurso.ifbaiano.edu.br\/portal\/sisu20142\/wp-json\/wp\/v2\/users\/1"}],"replies":[{"embeddable":true,"href":"https:\/\/concurso.ifbaiano.edu.br\/portal\/sisu20142\/wp-json\/wp\/v2\/comments?post=486"}],"version-history":[{"count":3,"href":"https:\/\/concurso.ifbaiano.edu.br\/portal\/sisu20142\/wp-json\/wp\/v2\/pages\/486\/revisions"}],"predecessor-version":[{"id":746,"href":"https:\/\/concurso.ifbaiano.edu.br\/portal\/sisu20142\/wp-json\/wp\/v2\/pages\/486\/revisions\/746"}],"wp:attachment":[{"href":"https:\/\/concurso.ifbaiano.edu.br\/portal\/sisu20142\/wp-json\/wp\/v2\/media?parent=486"}],"curies":[{"name":"wp","href":"https:\/\/api.w.org\/{rel}","templated":true}]}}