{"id":12,"date":"2011-04-18T14:47:49","date_gmt":"2011-04-18T17:47:49","guid":{"rendered":"http:\/\/www.ifbaiano.edu.br\/concursos\/portal\/discente20112\/?page_id=12"},"modified":"2014-05-29T18:00:01","modified_gmt":"2014-05-29T21:00:01","slug":"coluna1","status":"publish","type":"page","link":"https:\/\/concurso.ifbaiano.edu.br\/portal\/sisu20142\/pagina-inicial\/coluna1\/","title":{"rendered":"Coluna1 &#8211; O Processo Seletivo"},"content":{"rendered":"<p>O Processo Seletivo<\/p>\n<p style=\"text-align: justify\">O Reitor do <strong>Instituto Federal de Educa\u00e7\u00e3o, Ci\u00eancia e Tecnologia Baiano <\/strong>&#8211; <strong>IF Baiano<\/strong>, considerando o disposto na Portaria Normativa MEC n\u00ba 21, de 5 de novembro de 2012, torna p\u00fablico que a sele\u00e7\u00e3o de estudantes para provimento de vagas nos cursos de gradua\u00e7\u00e3o oferecidos pelo <strong>Instituto Federal de Educa\u00e7\u00e3o, Ci\u00eancia e Tecnologia Baiano \u2013 IF Baiano<\/strong> para ingresso no 2\u00ba semestre de 2014 utilizar\u00e1 o Sistema de Sele\u00e7\u00e3o Unificada (Sisu).<\/p>\n<p class=\"inicial-titulo\">Cursos e Semestre de Ingresso<\/p>\n<div>\n<table width=\"460\" border=\"0\" cellspacing=\"0\" cellpadding=\"0\">\n<tbody>\n<tr>\n<td rowspan=\"2\" width=\"90\"><em>Campus<\/em><\/td>\n<td rowspan=\"2\" width=\"252\">Cursos<\/td>\n<td rowspan=\"2\" width=\"117\">Semestre de Ingresso<\/td>\n<td width=\"0\" height=\"21\"><\/td>\n<\/tr>\n<tr>\n<td width=\"0\" height=\"15\"><\/td>\n<\/tr>\n<tr>\n<td rowspan=\"4\" width=\"90\">Santa In\u00eas<\/td>\n<td width=\"252\">Licenciatura em Biologia<\/td>\n<td width=\"117\">2\u00ba<\/td>\n<td width=\"0\" height=\"12\"><\/td>\n<\/tr>\n<tr>\n<td width=\"252\">Licenciatura em Geografia<\/td>\n<td width=\"117\">2\u00ba<\/td>\n<td width=\"0\" height=\"8\"><\/td>\n<\/tr>\n<tr>\n<td width=\"252\">Bacharelado em Zootecnia<\/td>\n<td width=\"117\">2\u00ba<\/td>\n<td width=\"0\" height=\"5\"><\/td>\n<\/tr>\n<tr>\n<td width=\"0\" height=\"15\"><\/td>\n<\/tr>\n<\/tbody>\n<\/table>\n<\/div>\n<p class=\"inicial-titulo\">Vagas<\/p>\n<p style=\"text-align: justify\">As vagas para os Cursos de gradua\u00e7\u00e3o reservadas em decorr\u00eancia do disposto na Lei n\u00ba 12.711, de 29 de agosto de 2012 e as reservadas em decorr\u00eancia da Pol\u00edtica da Diversidade e Inclus\u00e3o do IF Baiano est\u00e3o dispostas no Termo de Ades\u00e3o &#8211; IF Baiano.<\/p>\n<p class=\"inicial-titulo\">Inscri\u00e7\u00f5es<\/p>\n<p style=\"text-align: justify\">As inscri\u00e7\u00f5es no SiSU dever\u00e3o ser efetuadas de 02 a 04 de junho de 2014, exclusivamente pela internet, por meio do Portal do SiSU, no endere\u00e7o http:\/\/sisu.mec.gov.br<\/p>\n","protected":false},"excerpt":{"rendered":"<p>O Processo Seletivo O Reitor do Instituto Federal de Educa\u00e7\u00e3o, Ci\u00eancia e Tecnologia Baiano &#8211; IF Baiano, considerando o disposto na Portaria Normativa MEC n\u00ba 21, de 5 de novembro de 2012, torna p\u00fablico que a sele\u00e7\u00e3o de estudantes para &hellip; <a href=\"https:\/\/concurso.ifbaiano.edu.br\/portal\/sisu20142\/pagina-inicial\/coluna1\/\">Continue lendo <span class=\"meta-nav\">&rarr;<\/span><\/a><\/p>\n","protected":false},"author":1,"featured_media":0,"parent":7,"menu_order":1,"comment_status":"closed","ping_status":"closed","template":"","meta":[],"_links":{"self":[{"href":"https:\/\/concurso.ifbaiano.edu.br\/portal\/sisu20142\/wp-json\/wp\/v2\/pages\/12"}],"collection":[{"href":"https:\/\/concurso.ifbaiano.edu.br\/portal\/sisu20142\/wp-json\/wp\/v2\/pages"}],"about":[{"href":"https:\/\/concurso.ifbaiano.edu.br\/portal\/sisu20142\/wp-json\/wp\/v2\/types\/page"}],"author":[{"embeddable":true,"href":"https:\/\/concurso.ifbaiano.edu.br\/portal\/sisu20142\/wp-json\/wp\/v2\/users\/1"}],"replies":[{"embeddable":true,"href":"https:\/\/concurso.ifbaiano.edu.br\/portal\/sisu20142\/wp-json\/wp\/v2\/comments?post=12"}],"version-history":[{"count":10,"href":"https:\/\/concurso.ifbaiano.edu.br\/portal\/sisu20142\/wp-json\/wp\/v2\/pages\/12\/revisions"}],"predecessor-version":[{"id":716,"href":"https:\/\/concurso.ifbaiano.edu.br\/portal\/sisu20142\/wp-json\/wp\/v2\/pages\/12\/revisions\/716"}],"up":[{"embeddable":true,"href":"https:\/\/concurso.ifbaiano.edu.br\/portal\/sisu20142\/wp-json\/wp\/v2\/pages\/7"}],"wp:attachment":[{"href":"https:\/\/concurso.ifbaiano.edu.br\/portal\/sisu20142\/wp-json\/wp\/v2\/media?parent=12"}],"curies":[{"name":"wp","href":"https:\/\/api.w.org\/{rel}","templated":true}]}}