{"id":9,"date":"2011-04-18T14:47:01","date_gmt":"2011-04-18T17:47:01","guid":{"rendered":"http:\/\/www.ifbaiano.edu.br\/concursos\/portal\/discente20112\/?page_id=9"},"modified":"2014-03-21T09:52:18","modified_gmt":"2014-03-21T12:52:18","slug":"coluna2","status":"publish","type":"page","link":"https:\/\/concurso.ifbaiano.edu.br\/portal\/sisu20141\/pagina-inicial\/coluna2\/","title":{"rendered":"Coluna2 &#8211; Informa\u00e7\u00f5es"},"content":{"rendered":"<p class=\"inicial-titulo\" style=\"text-align: left\">Informa\u00e7\u00f5es<\/p>\n<p class=\"inicial-titulo\" style=\"text-align: left\">Editais<\/p>\n<p>03\/01\/2014 &#8211; <a href=\"http:\/\/concurso.ifbaiano.edu.br\/portal\/sisu20141\/wp-content\/uploads\/sites\/7\/2014\/02\/Edital-166-2013-SiSU-1-2014.pdf\" target=\"_blank\">Edital N\u00ba 166\/2013 &#8211; IF Baiano<span style=\"color: #ff0000\"><\/span><\/strong><\/a><\/br><\/br><\/p>\n<p>03\/01\/2014 &#8211; <a href=\"http:\/\/concurso.ifbaiano.edu.br\/portal\/sisu20141\/wp-content\/uploads\/sites\/7\/2014\/01\/Edital-Sisu-nr-13-27-de-dezembro-2013.pdf\" target=\"_blank\">Edital N\u00ba 13 SiSU &#8211; Estabelece o Cronograma e demais Procedimentos &#8211; Edi\u00e7\u00e3o 1\/2014<span style=\"color: #ff0000\"><\/span><\/strong><\/a><\/br><\/br><\/p>\n<p class=\"inicial-titulo\" style=\"text-align: left\">Editais Lista de Espera<\/p>\n<p>13\/02\/2014 &#8211; <a href=\"http:\/\/concurso.ifbaiano.edu.br\/portal\/sisu20141\/wp-content\/uploads\/sites\/7\/2014\/02\/Edita-04-2014-l-Lista-de-Espera-SiSU-1-2014.pdf\" target=\"_blank\">Edital N\u00ba 04\/2013 &#8211; Lista de Espera IF Baiano<span style=\"color: #ff0000\"><\/span><\/strong><\/a><\/br><\/br><\/p>\n<p>21\/03\/2014 &#8211; <a href=\"http:\/\/concurso.ifbaiano.edu.br\/portal\/sisu20141\/wp-content\/uploads\/sites\/7\/2014\/03\/segunda-chamada-lista-espera-Guanambi.pdf\" target=\"_blank\">Edital N\u00ba 03\/2014 &#8211; Segunda Chamada Lista de Espera Campus Guanambi<span style=\"color: #ff0000\"> NOVO <\/span><\/strong><\/a><\/br><\/br><\/p>\n<p>25\/02\/2014 &#8211; <a href=\"http:\/\/concurso.ifbaiano.edu.br\/portal\/sisu20141\/wp-content\/uploads\/sites\/7\/2014\/02\/segunda-chamada-lista-espera-urucuca.pdf\" target=\"_blank\">Edital N\u00ba 04\/2013 &#8211; Segunda Chamada Lista de Espera Campus Uru\u00e7uca<span style=\"color: #ff0000\"><\/span><\/strong><\/a><\/br><\/br><\/p>\n<p>14\/03\/2014 &#8211; <a href=\"http:\/\/concurso.ifbaiano.edu.br\/portal\/sisu20141\/wp-content\/uploads\/sites\/7\/2014\/03\/terceira-chamada-sisu-urucuca.pdf\" target=\"_blank\">Edital N\u00ba 04\/2013 &#8211; Terceira Chamada Lista de Espera Campus Uru\u00e7uca<span style=\"color: #ff0000\"> NOVO <\/span><\/strong><\/a><\/br><\/br><\/p>\n<p class=\"inicial-titulo\" style=\"text-align: left\">Termo de Ades\u00e3o<\/p>\n<p>03\/01\/2014 &#8211; <a href=\"http:\/\/concurso.ifbaiano.edu.br\/portal\/sisu20141\/wp-content\/uploads\/sites\/7\/2014\/01\/Termo-Adesao-SiSU-1-2014.pdf\" target=\"_blank\">Termo de Ades\u00e3o &#8211; IF Baiano<span style=\"color: #ff0000\"><\/span><\/strong><\/a><\/br><\/br><\/p>\n<p class=\"inicial-titulo\" style=\"text-align: left\">Autodeclara\u00e7\u00e3o \u00c9tnico-Racial<\/p>\n<p>03\/01\/2014 &#8211; <a href=\"http:\/\/concurso.ifbaiano.edu.br\/portal\/sisu20141\/wp-content\/uploads\/sites\/7\/2014\/01\/autodeclaracao-etnico-racial.pdf\" target=\"_blank\">Formul\u00e1rio Autodeclara\u00e7\u00e3o \u00c9tnico-Racial<span style=\"color: #ff0000\"><\/span><\/strong> <\/a><\/br><\/br><\/p>\n","protected":false},"excerpt":{"rendered":"<p>Informa\u00e7\u00f5es Editais 03\/01\/2014 &#8211; Edital N\u00ba 166\/2013 &#8211; IF Baiano 03\/01\/2014 &#8211; Edital N\u00ba 13 SiSU &#8211; Estabelece o Cronograma e demais Procedimentos &#8211; Edi\u00e7\u00e3o 1\/2014 Editais Lista de Espera 13\/02\/2014 &#8211; Edital N\u00ba 04\/2013 &#8211; Lista de Espera IF &hellip; <a href=\"https:\/\/concurso.ifbaiano.edu.br\/portal\/sisu20141\/pagina-inicial\/coluna2\/\">Continue lendo <span class=\"meta-nav\">&rarr;<\/span><\/a><\/p>\n","protected":false},"author":4,"featured_media":0,"parent":7,"menu_order":2,"comment_status":"closed","ping_status":"closed","template":"","meta":[],"_links":{"self":[{"href":"https:\/\/concurso.ifbaiano.edu.br\/portal\/sisu20141\/wp-json\/wp\/v2\/pages\/9"}],"collection":[{"href":"https:\/\/concurso.ifbaiano.edu.br\/portal\/sisu20141\/wp-json\/wp\/v2\/pages"}],"about":[{"href":"https:\/\/concurso.ifbaiano.edu.br\/portal\/sisu20141\/wp-json\/wp\/v2\/types\/page"}],"author":[{"embeddable":true,"href":"https:\/\/concurso.ifbaiano.edu.br\/portal\/sisu20141\/wp-json\/wp\/v2\/users\/4"}],"replies":[{"embeddable":true,"href":"https:\/\/concurso.ifbaiano.edu.br\/portal\/sisu20141\/wp-json\/wp\/v2\/comments?post=9"}],"version-history":[{"count":25,"href":"https:\/\/concurso.ifbaiano.edu.br\/portal\/sisu20141\/wp-json\/wp\/v2\/pages\/9\/revisions"}],"predecessor-version":[{"id":706,"href":"https:\/\/concurso.ifbaiano.edu.br\/portal\/sisu20141\/wp-json\/wp\/v2\/pages\/9\/revisions\/706"}],"up":[{"embeddable":true,"href":"https:\/\/concurso.ifbaiano.edu.br\/portal\/sisu20141\/wp-json\/wp\/v2\/pages\/7"}],"wp:attachment":[{"href":"https:\/\/concurso.ifbaiano.edu.br\/portal\/sisu20141\/wp-json\/wp\/v2\/media?parent=9"}],"curies":[{"name":"wp","href":"https:\/\/api.w.org\/{rel}","templated":true}]}}