{"id":486,"date":"2011-12-26T15:07:17","date_gmt":"2011-12-26T18:07:17","guid":{"rendered":"http:\/\/www.ifbaiano.edu.br\/concursos\/portal\/sisu2012\/?page_id=486"},"modified":"2014-01-02T10:02:25","modified_gmt":"2014-01-02T13:02:25","slug":"endereco-locais-de-oferta","status":"publish","type":"page","link":"https:\/\/concurso.ifbaiano.edu.br\/portal\/sisu20141\/endereco-locais-de-oferta\/","title":{"rendered":"Endere\u00e7o Locais de Oferta"},"content":{"rendered":"<p>1 &#8211; Local de Oferta: <strong>IF BAIANO &#8211; CAMPUS CATU<\/strong><\/p>\n<p>C\u00f3digo: 146340<\/p>\n<p>Endere\u00e7o: Rua Bar\u00e3o de Cama\u00e7ari, 118<\/p>\n<p>Complemento:<\/p>\n<p>Bairro: Centro<\/p>\n<p>Munic\u00edpio &#8211; UF: Catu-BA<\/p>\n<p>CEP: 48110-000<\/p>\n<p>Telefone: \u00a0\u00a0\u00a0\u00a0\u00a0\u00a0\u00a0\u00a0\u00a0\u00a0\u00a0\u00a0(71) 3641-7901<\/p>\n<p>&nbsp;<\/p>\n<p>2 &#8211; Local de Oferta: <strong>IF BAIANO &#8211; GUANAMBI<\/strong><\/p>\n<p>C\u00f3digo: 146339<\/p>\n<p>Endere\u00e7o: Distrito de Ceraima, S\/N<\/p>\n<p>Complemento:<\/p>\n<p>Bairro: Zona Rural<\/p>\n<p>Munic\u00edpio &#8211; UF: Guanambi-BA<\/p>\n<p>CEP: 46430-000<\/p>\n<p>Telefone: \u00a0\u00a0\u00a0\u00a0\u00a0\u00a0\u00a0\u00a0\u00a0\u00a0\u00a0\u00a0(77) 3493-2100<\/p>\n<p>&nbsp;<\/p>\n<p>3 &#8211; Local de Oferta: <strong>IF BAIANO &#8211; SENHOR DO BONFIM<\/strong><\/p>\n<p>C\u00f3digo: 1046342<\/p>\n<p>Endere\u00e7o:  Estrada de Igara Km 4, S\/N<\/p>\n<p>Complemento:<\/p>\n<p>Bairro: Zona Rural<\/p>\n<p>Munic\u00edpio &#8211; UF: Senhor do Bonfim-BA<\/p>\n<p>CEP: 48970-000<\/p>\n<p>Telefone: \u00a0\u00a0\u00a0\u00a0\u00a0\u00a0\u00a0\u00a0\u00a0\u00a0\u00a0\u00a0(74) 3542-4000<\/p>\n<p>&nbsp;<\/p>\n<p>4 &#8211; Local de Oferta: <strong>IF BAIANO &#8211; CAMPUS URU\u00c7UCA<\/strong><\/p>\n<p>C\u00f3digo: 1056760<\/p>\n<p>Endere\u00e7o: Rua Doutor Jo\u00e3o Nascimento, S\/N<\/p>\n<p>Complemento:<\/p>\n<p>Bairro: Centro<\/p>\n<p>Munic\u00edpio &#8211; UF: Uru\u00e7uca-BA<\/p>\n<p>CEP: 45680-000<\/p>\n<p>Telefone: \u00a0\u00a0\u00a0\u00a0\u00a0\u00a0\u00a0\u00a0\u00a0\u00a0\u00a0\u00a0(73) 3239-2222<\/p>\n<p>&nbsp;<\/p>\n","protected":false},"excerpt":{"rendered":"<p>1 &#8211; Local de Oferta: IF BAIANO &#8211; CAMPUS CATU C\u00f3digo: 146340 Endere\u00e7o: Rua Bar\u00e3o de Cama\u00e7ari, 118 Complemento: Bairro: Centro Munic\u00edpio &#8211; UF: Catu-BA CEP: 48110-000 Telefone: \u00a0\u00a0\u00a0\u00a0\u00a0\u00a0\u00a0\u00a0\u00a0\u00a0\u00a0\u00a0(71) 3641-7901 &nbsp; 2 &#8211; Local de Oferta: IF BAIANO &#8211; GUANAMBI &hellip; <a href=\"https:\/\/concurso.ifbaiano.edu.br\/portal\/sisu20141\/endereco-locais-de-oferta\/\">Continue lendo <span class=\"meta-nav\">&rarr;<\/span><\/a><\/p>\n","protected":false},"author":4,"featured_media":0,"parent":0,"menu_order":0,"comment_status":"closed","ping_status":"closed","template":"","meta":[],"_links":{"self":[{"href":"https:\/\/concurso.ifbaiano.edu.br\/portal\/sisu20141\/wp-json\/wp\/v2\/pages\/486"}],"collection":[{"href":"https:\/\/concurso.ifbaiano.edu.br\/portal\/sisu20141\/wp-json\/wp\/v2\/pages"}],"about":[{"href":"https:\/\/concurso.ifbaiano.edu.br\/portal\/sisu20141\/wp-json\/wp\/v2\/types\/page"}],"author":[{"embeddable":true,"href":"https:\/\/concurso.ifbaiano.edu.br\/portal\/sisu20141\/wp-json\/wp\/v2\/users\/4"}],"replies":[{"embeddable":true,"href":"https:\/\/concurso.ifbaiano.edu.br\/portal\/sisu20141\/wp-json\/wp\/v2\/comments?post=486"}],"version-history":[{"count":3,"href":"https:\/\/concurso.ifbaiano.edu.br\/portal\/sisu20141\/wp-json\/wp\/v2\/pages\/486\/revisions"}],"predecessor-version":[{"id":661,"href":"https:\/\/concurso.ifbaiano.edu.br\/portal\/sisu20141\/wp-json\/wp\/v2\/pages\/486\/revisions\/661"}],"wp:attachment":[{"href":"https:\/\/concurso.ifbaiano.edu.br\/portal\/sisu20141\/wp-json\/wp\/v2\/media?parent=486"}],"curies":[{"name":"wp","href":"https:\/\/api.w.org\/{rel}","templated":true}]}}