{"id":7,"date":"2011-04-18T14:38:27","date_gmt":"2011-04-18T14:38:27","guid":{"rendered":"http:\/\/www.ifbaiano.edu.br\/concursos\/portal\/discente20112\/?page_id=4"},"modified":"2013-06-10T10:36:43","modified_gmt":"2013-06-10T13:36:43","slug":"pagina-inicial","status":"publish","type":"page","link":"https:\/\/concurso.ifbaiano.edu.br\/portal\/sisu20132\/","title":{"rendered":"P\u00e1gina Inicial"},"content":{"rendered":"<div class=\"child_pages child_pages-thumbnail\">\n<div id=\"child_page-12\" class=\"child_page\" style=\"width:50%;max-width:100%;\"><div class=\"child_page-container\"><div class=\"post_thumb\"><a href=\"https:\/\/concurso.ifbaiano.edu.br\/portal\/sisu20132\/pagina-inicial\/coluna1\/\"><\/a><\/div><div class=\"post_content\"><h4><a href=\"https:\/\/concurso.ifbaiano.edu.br\/portal\/sisu20132\/pagina-inicial\/coluna1\/\">Coluna1 - O Processo Seletivo<\/a><\/h4><div class=\"post_excerpt\">O Processo Seletivo O Reitor do Instituto Federal de Educa\u00e7\u00e3o, Ci\u00eancia e Tecnologia Baiano &#8211; IF Baiano, considerando o disposto na Portaria Normativa MEC n\u00ba 21, de 5 de novembro de 2012, torna p\u00fablico que a sele\u00e7\u00e3o de estudantes para &hellip; <a href=\"https:\/\/concurso.ifbaiano.edu.br\/portal\/sisu20132\/pagina-inicial\/coluna1\/\">Continue lendo <span class=\"meta-nav\">&rarr;<\/span><\/a><\/div><\/div><!-- .post_content  --><\/div><!-- .child_page-container --><\/div><!-- #child_page-12\" -->\n\n<div id=\"child_page-9\" class=\"child_page\" style=\"width:50%;max-width:100%;\"><div class=\"child_page-container\"><div class=\"post_thumb\"><a href=\"https:\/\/concurso.ifbaiano.edu.br\/portal\/sisu20132\/pagina-inicial\/coluna2\/\"><\/a><\/div><div class=\"post_content\"><h4><a href=\"https:\/\/concurso.ifbaiano.edu.br\/portal\/sisu20132\/pagina-inicial\/coluna2\/\">Coluna2 - Informa\u00e7\u00f5es<\/a><\/h4><div class=\"post_excerpt\">Informa\u00e7\u00f5es 02\/09\/2013 &#8211; Edital N\u00ba 07\/2013 &#8211; Segunda Chamada Lista de Espera Campus Santa In\u00eas (NOVO) 09\/08\/2013 &#8211; Edital N\u00ba 07\/2013 &#8211; Segunda Chamada Lista de Espera Campus Uru\u00e7uca (NOVO) 24\/07\/2013 &#8211; Edital N\u00ba 95 &#8211; Lista de Espera (NOVO) &hellip; <a href=\"https:\/\/concurso.ifbaiano.edu.br\/portal\/sisu20132\/pagina-inicial\/coluna2\/\">Continue lendo <span class=\"meta-nav\">&rarr;<\/span><\/a><\/div><\/div><!-- .post_content  --><\/div><!-- .child_page-container --><\/div><!-- #child_page-9\" -->\n<\/div>\n","protected":false},"excerpt":{"rendered":"","protected":false},"author":1,"featured_media":0,"parent":0,"menu_order":0,"comment_status":"closed","ping_status":"open","template":"","meta":[],"_links":{"self":[{"href":"https:\/\/concurso.ifbaiano.edu.br\/portal\/sisu20132\/wp-json\/wp\/v2\/pages\/7"}],"collection":[{"href":"https:\/\/concurso.ifbaiano.edu.br\/portal\/sisu20132\/wp-json\/wp\/v2\/pages"}],"about":[{"href":"https:\/\/concurso.ifbaiano.edu.br\/portal\/sisu20132\/wp-json\/wp\/v2\/types\/page"}],"author":[{"embeddable":true,"href":"https:\/\/concurso.ifbaiano.edu.br\/portal\/sisu20132\/wp-json\/wp\/v2\/users\/1"}],"replies":[{"embeddable":true,"href":"https:\/\/concurso.ifbaiano.edu.br\/portal\/sisu20132\/wp-json\/wp\/v2\/comments?post=7"}],"version-history":[{"count":1,"href":"https:\/\/concurso.ifbaiano.edu.br\/portal\/sisu20132\/wp-json\/wp\/v2\/pages\/7\/revisions"}],"predecessor-version":[{"id":602,"href":"https:\/\/concurso.ifbaiano.edu.br\/portal\/sisu20132\/wp-json\/wp\/v2\/pages\/7\/revisions\/602"}],"wp:attachment":[{"href":"https:\/\/concurso.ifbaiano.edu.br\/portal\/sisu20132\/wp-json\/wp\/v2\/media?parent=7"}],"curies":[{"name":"wp","href":"https:\/\/api.w.org\/{rel}","templated":true}]}}