{"id":486,"date":"2011-12-26T15:07:17","date_gmt":"2011-12-26T18:07:17","guid":{"rendered":"http:\/\/www.ifbaiano.edu.br\/concursos\/portal\/sisu2012\/?page_id=486"},"modified":"2013-06-10T13:44:34","modified_gmt":"2013-06-10T16:44:34","slug":"endereco-locais-de-oferta","status":"publish","type":"page","link":"https:\/\/concurso.ifbaiano.edu.br\/portal\/sisu20132\/endereco-locais-de-oferta\/","title":{"rendered":"Endere\u00e7o Locais de Oferta"},"content":{"rendered":"<p>1 &#8211; Local de Oferta: <strong>IF BAIANO &#8211; CAMPUS Santa In\u00eas<\/strong><\/p>\n<p>C\u00f3digo: 1046341<\/p>\n<p>Endere\u00e7o: Rodovia BR 420 KM 2,5 , S\/N<\/p>\n<p>Complemento:Estrada Santa In\u00eas\/Uba\u00edra<\/p>\n<p>Bairro: Zona Rural<\/p>\n<p>Munic\u00edpio &#8211; UF: Santa In\u00eas-BA<\/p>\n<p>CEP: 45320-000<\/p>\n<p>Telefone: \u00a0\u00a0\u00a0\u00a0\u00a0\u00a0\u00a0\u00a0\u00a0\u00a0\u00a0\u00a0(73) 3536-1210<\/p>\n<p>&nbsp;<\/p>\n<p>2 &#8211; Local de Oferta: <strong>IF BAIANO &#8211; CAMPUS Uru\u00e7uca<\/strong><\/p>\n<p>C\u00f3digo: 1056760<\/p>\n<p>Endere\u00e7o: Rua Doutor Jo\u00e3o Nascimento, S\/N<\/p>\n<p>Complemento:<\/p>\n<p>Bairro: Centro<\/p>\n<p>Munic\u00edpio &#8211; UF: Uru\u00e7uca-BA<\/p>\n<p>CEP: 45680-000<\/p>\n<p>Telefone: \u00a0\u00a0\u00a0\u00a0\u00a0\u00a0\u00a0\u00a0\u00a0\u00a0\u00a0\u00a0(73) 3239-2123<\/p>\n<p>&nbsp;<\/p>\n","protected":false},"excerpt":{"rendered":"<p>1 &#8211; Local de Oferta: IF BAIANO &#8211; CAMPUS Santa In\u00eas C\u00f3digo: 1046341 Endere\u00e7o: Rodovia BR 420 KM 2,5 , S\/N Complemento:Estrada Santa In\u00eas\/Uba\u00edra Bairro: Zona Rural Munic\u00edpio &#8211; UF: Santa In\u00eas-BA CEP: 45320-000 Telefone: \u00a0\u00a0\u00a0\u00a0\u00a0\u00a0\u00a0\u00a0\u00a0\u00a0\u00a0\u00a0(73) 3536-1210 &nbsp; 2 &#8211; &hellip; <a href=\"https:\/\/concurso.ifbaiano.edu.br\/portal\/sisu20132\/endereco-locais-de-oferta\/\">Continue lendo <span class=\"meta-nav\">&rarr;<\/span><\/a><\/p>\n","protected":false},"author":1,"featured_media":0,"parent":0,"menu_order":0,"comment_status":"closed","ping_status":"closed","template":"","meta":[],"_links":{"self":[{"href":"https:\/\/concurso.ifbaiano.edu.br\/portal\/sisu20132\/wp-json\/wp\/v2\/pages\/486"}],"collection":[{"href":"https:\/\/concurso.ifbaiano.edu.br\/portal\/sisu20132\/wp-json\/wp\/v2\/pages"}],"about":[{"href":"https:\/\/concurso.ifbaiano.edu.br\/portal\/sisu20132\/wp-json\/wp\/v2\/types\/page"}],"author":[{"embeddable":true,"href":"https:\/\/concurso.ifbaiano.edu.br\/portal\/sisu20132\/wp-json\/wp\/v2\/users\/1"}],"replies":[{"embeddable":true,"href":"https:\/\/concurso.ifbaiano.edu.br\/portal\/sisu20132\/wp-json\/wp\/v2\/comments?post=486"}],"version-history":[{"count":2,"href":"https:\/\/concurso.ifbaiano.edu.br\/portal\/sisu20132\/wp-json\/wp\/v2\/pages\/486\/revisions"}],"predecessor-version":[{"id":632,"href":"https:\/\/concurso.ifbaiano.edu.br\/portal\/sisu20132\/wp-json\/wp\/v2\/pages\/486\/revisions\/632"}],"wp:attachment":[{"href":"https:\/\/concurso.ifbaiano.edu.br\/portal\/sisu20132\/wp-json\/wp\/v2\/media?parent=486"}],"curies":[{"name":"wp","href":"https:\/\/api.w.org\/{rel}","templated":true}]}}