{"id":480,"date":"2011-12-26T15:02:47","date_gmt":"2011-12-26T18:02:47","guid":{"rendered":"http:\/\/www.ifbaiano.edu.br\/concursos\/portal\/sisu2012\/?page_id=480"},"modified":"2013-06-10T13:37:40","modified_gmt":"2013-06-10T16:37:40","slug":"documentos-para-matricula-2","status":"publish","type":"page","link":"https:\/\/concurso.ifbaiano.edu.br\/portal\/sisu20132\/documentos-para-matricula-2\/","title":{"rendered":"Documentos para Matr\u00edcula"},"content":{"rendered":"<p><span style=\"font-family: Arial, sans-serif\"><span style=\"font-size: x-small\"><strong>Documentos para matr\u00edcula e para comprova\u00e7\u00e3o das pol\u00edticas de a\u00e7\u00f5es afirmativas<\/strong><\/span><\/span><\/p>\n<p><span style=\"font-family: Arial, sans-serif\"><span style=\"font-size: medium\"><span style=\"text-decoration: underline\">Ampla concorr\u00eancia:<\/span><\/span><\/span><\/p>\n<p><strong>Documentos para matr\u00edcula<\/strong><\/p>\n<p>Apresenta\u00e7\u00e3o, no ato da matr\u00edcula:<br \/>\na)Carteira de Identidade;<br \/>\nb) CPF;<br \/>\nc) 01 foto 3&#215;4;<br \/>\nd)Certificado de Quita\u00e7\u00e3o do Servi\u00e7o Militar,<br \/>\ne) Quita\u00e7\u00e3o da Justi\u00e7a Eletoral;<br \/>\nf) Certificado de Conclus\u00e3o e Hist\u00f3rico Escolar do Ensino M\u00e9dio;<br \/>\ng) Diploma e Hist\u00f3rico Escolar expedidos por Institui\u00e7\u00e3o de Ensino Superior devidamente credenciada pelo Minist\u00e9rio da Educa\u00e7\u00e3o, para graduados em<br \/>\nCurso Superior;<br \/>\nh) Os documentos constantes nas al\u00edneas a,b,d,e,f e g, ser\u00e3o entregues em fotoc\u00f3pias leg\u00edveis a serem autenticadas por servidor \u00e1 vista dos originais, no<br \/>\nato da matr\u00edcula, e os mencionados nas al\u00edneas f e g, dever\u00e3o estar revalidados quando oriundos de pa\u00edses estrangeiros e devidamente acompanhados<br \/>\ndas respectivas tradu\u00e7\u00f5es juramentadas.<\/p>\n<p><span style=\"font-family: Arial, sans-serif\"><span style=\"font-size: medium\"><span style=\"text-decoration: underline\">Vagas reservadas &#8211; Lei n\u00ba 12.711\/2012:<\/span><\/span><\/span><\/p>\n<p><strong>Candidatos com renda familiar bruta per capita igual ou inferior a 1,5 sal\u00e1rio m\u00ednimo que tenham cursado integralmente o ensino m\u00e9dio em escolas p\u00fablicas (Lei n\u00ba 12.711\/2012).<\/strong><\/p>\n<p>Apresenta\u00e7\u00e3o, no ato da matr\u00edcula, dos mesmos documentos solicitados aos candidatos concorrentes \u00e0s vagas destinadas a ampla concorr\u00eancia e do\u00a0original e c\u00f3pia do Hist\u00f3rico Escolar, ou Certificado de Conclus\u00e3o, ou Declara\u00e7\u00e3o de conclus\u00e3o de todo o Ensino M\u00e9dio em escola p\u00fablica.<\/p>\n<p>Para a comprova\u00e7\u00e3o de Renda Familiar Bruta per capita para os trabalhadores Assalariados: contracheques dos tr\u00eas \u00faltimos meses de 2012 ou Extratos\u00a0Banc\u00e1rios dos \u00faltimos tr\u00eas meses de 2012.<\/p>\n<p>Para a comprova\u00e7\u00e3o de Renda Familiar Bruta per capita para os trabalhadores que desenvolvem Atividade Rural: Quaisquer Declara\u00e7\u00f5es Tribut\u00e1rias\u00a0referentes \u00e0s Pessoas Jur\u00eddicas vinculadas ao candidato ou a membros da fam\u00edlia ou Extratos Banc\u00e1rios dos \u00faltimos tr\u00eas meses.<\/p>\n<p>Para a comprova\u00e7\u00e3o de Renda Familiar Bruta per capita para Aposentados e Pensionistas: Extrato mais recente do pagamento de benef\u00edcio ou Extratos\u00a0Banc\u00e1rios dos \u00faltimos tr\u00eas meses.<\/p>\n<p>Para a comprova\u00e7\u00e3o de Renda Familiar Bruta per capita para os Aut\u00f4nomos e Profissionais Liberais: Quaisquer Declara\u00e7\u00f5es Tribut\u00e1rias referentes a\u00a0Pessoas Jur\u00eddicas vinculadas ao candidato ou a membros da fam\u00edlia ou Extratos Banc\u00e1rios dos \u00faltimos tr\u00eas meses.<\/p>\n<p>Para a comprova\u00e7\u00e3o de Renda Familiar Bruta per capita, referentes a Rendimentos Aluguel ou Arrendamento de Bens M\u00f3veis e Im\u00f3veis: Extratos\u00a0Banc\u00e1rios dos \u00faltimos tr\u00eas meses e Contrato de Loca\u00e7\u00e3o ou Arrendamento devidamente registrado em Cart\u00f3rio, acompanhado dos tr\u00eas \u00faltimos\u00a0comprovantes de recebimentos.<\/p>\n<p><strong>Candidatos autodeclarados pretos, pardos ou ind\u00edgenas, com renda familiar bruta per capita igual ou inferior a 1,5 sal\u00e1rio m\u00ednimo e que tenham cursado integralmente o ensino m\u00e9dio em escolas p\u00fablicas (Lei n\u00ba 12.711\/2012).<\/strong><\/p>\n<p>Apresenta\u00e7\u00e3o, no ato da matr\u00edcula, dos mesmos documentos solicitados aos candidatos concorrentes \u00e0s vagas destinadas a ampla concorr\u00eancia e do\u00a0original e c\u00f3pia do Hist\u00f3rico Escolar, ou Certificado de Conclus\u00e3o, ou Declara\u00e7\u00e3o de conclus\u00e3o de todo o Ensino M\u00e9dio em escola p\u00fablica.<\/p>\n<p>Entrega do formul\u00e1rio de Autodeclara\u00e7\u00e3o \u00c9tnico-Racial disponibilizado em concursos.ifbaiano.edu.br<\/p>\n<p>Para a comprova\u00e7\u00e3o de Renda Familiar Bruta per capita para os trabalhadores Assalariados: contracheques dos tr\u00eas \u00faltimos meses de 2012 ou Extratos\u00a0Banc\u00e1rios dos \u00faltimos tr\u00eas meses de 2012.<\/p>\n<p>Para a comprova\u00e7\u00e3o de Renda Familiar Bruta per capita para os trabalhadores que desenvolvem Atividade Rural: Quaisquer Declara\u00e7\u00f5es Tribut\u00e1rias\u00a0referentes \u00e0s Pessoas Jur\u00eddicas vinculadas ao candidato ou a membros da fam\u00edlia ou Extratos Banc\u00e1rios dos \u00faltimos tr\u00eas meses.<\/p>\n<p>Para a comprova\u00e7\u00e3o de Renda Familiar Bruta per capita para Aposentados e Pensionistas: Extrato mais recente do pagamento de benef\u00edcio ou Extratos\u00a0Banc\u00e1rios dos \u00faltimos tr\u00eas meses.<\/p>\n<p>Para a comprova\u00e7\u00e3o de Renda Familiar Bruta per capita para os Aut\u00f4nomos e Profissionais Liberais: Quaisquer Declara\u00e7\u00f5es Tribut\u00e1rias referentes a\u00a0Pessoas Jur\u00eddicas vinculadas ao candidato ou a membros da fam\u00edlia ou Extratos Banc\u00e1rios dos \u00faltimos tr\u00eas meses.<\/p>\n<p>Para a comprova\u00e7\u00e3o de Renda Familiar Bruta per capita, referentes a Rendimentos Aluguel ou Arrendamento de Bens M\u00f3veis e Im\u00f3veis: Extratos\u00a0Banc\u00e1rios dos \u00faltimos tr\u00eas meses e Contrato de Loca\u00e7\u00e3o ou Arrendamento devidamente registrado em Cart\u00f3rio, acompanhado dos tr\u00eas \u00faltimos\u00a0comprovantes de recebimentos.<\/p>\n<p><strong>Candidatos que, independentemente da renda (art. 14, II, Portaria Normativa n\u00ba 18\/2012), tenham cursado integralmente o ensino m\u00e9dio em escolas p\u00fablicas (Lei n\u00ba 12.711\/2012).<\/strong><\/p>\n<p>&nbsp;<\/p>\n<p>Apresenta\u00e7\u00e3o, no ato da matr\u00edcula, dos mesmos documentos solicitados aos candidatos concorrentes \u00e0s vagas destinadas a ampla concorr\u00eancia e do\u00a0original e c\u00f3pia do Hist\u00f3rico Escolar, ou Certificado de Conclus\u00e3o, ou Declara\u00e7\u00e3o de conclus\u00e3o de todo o Ensino M\u00e9dio em escola p\u00fablica.<\/p>\n<p><span style=\"font-family: Arial, sans-serif\">\u00a0<\/span><\/p>\n<p><strong>Candidatos autodeclarados pretos, pardos ou ind\u00edgenas que, independentemente da renda (art. 14, II, Portaria Normativa n\u00ba 18\/2012), tenham cursado integralmente o ensino m\u00e9dio em escolas p\u00fablicas (Lei n\u00ba 12.711\/2012).<\/strong><\/p>\n<p>&nbsp;<\/p>\n<p>Apresenta\u00e7\u00e3o, no ato da matr\u00edcula, dos mesmos documentos solicitados aos candidatos concorrentes \u00e0s vagas destinadas a ampla concorr\u00eancia e do\u00a0original e c\u00f3pia do Hist\u00f3rico Escolar, ou Certificado de Conclus\u00e3o, ou Declara\u00e7\u00e3o de conclus\u00e3o de todo o Ensino M\u00e9dio em escola p\u00fablica.<\/p>\n<p>Entrega do formul\u00e1rio de Autodeclara\u00e7\u00e3o \u00c9tnico-Racial disponibilizado em concursos.ifbaiano.edu.br<\/p>\n<p><span style=\"text-decoration: underline\">A\u00e7\u00f5es afirmativas do IF Baiano:<\/span><\/p>\n<p><strong>Candidatos com defici\u00eancia.<\/strong><\/p>\n<p>No ato da matr\u00edcula, os candidatos que tenham Necessidades Educacionais Especiais, dever\u00e3o entregar laudo M\u00e9dico, atestando a esp\u00e9cie, o grau ou o\u00a0n\u00edvel de defici\u00eancia.<\/p>\n<p>&nbsp;<\/p>\n","protected":false},"excerpt":{"rendered":"<p>Documentos para matr\u00edcula e para comprova\u00e7\u00e3o das pol\u00edticas de a\u00e7\u00f5es afirmativas Ampla concorr\u00eancia: Documentos para matr\u00edcula Apresenta\u00e7\u00e3o, no ato da matr\u00edcula: a)Carteira de Identidade; b) CPF; c) 01 foto 3&#215;4; d)Certificado de Quita\u00e7\u00e3o do Servi\u00e7o Militar, e) Quita\u00e7\u00e3o da Justi\u00e7a &hellip; <a href=\"https:\/\/concurso.ifbaiano.edu.br\/portal\/sisu20132\/documentos-para-matricula-2\/\">Continue lendo <span class=\"meta-nav\">&rarr;<\/span><\/a><\/p>\n","protected":false},"author":1,"featured_media":0,"parent":0,"menu_order":0,"comment_status":"closed","ping_status":"closed","template":"","meta":[],"_links":{"self":[{"href":"https:\/\/concurso.ifbaiano.edu.br\/portal\/sisu20132\/wp-json\/wp\/v2\/pages\/480"}],"collection":[{"href":"https:\/\/concurso.ifbaiano.edu.br\/portal\/sisu20132\/wp-json\/wp\/v2\/pages"}],"about":[{"href":"https:\/\/concurso.ifbaiano.edu.br\/portal\/sisu20132\/wp-json\/wp\/v2\/types\/page"}],"author":[{"embeddable":true,"href":"https:\/\/concurso.ifbaiano.edu.br\/portal\/sisu20132\/wp-json\/wp\/v2\/users\/1"}],"replies":[{"embeddable":true,"href":"https:\/\/concurso.ifbaiano.edu.br\/portal\/sisu20132\/wp-json\/wp\/v2\/comments?post=480"}],"version-history":[{"count":4,"href":"https:\/\/concurso.ifbaiano.edu.br\/portal\/sisu20132\/wp-json\/wp\/v2\/pages\/480\/revisions"}],"predecessor-version":[{"id":629,"href":"https:\/\/concurso.ifbaiano.edu.br\/portal\/sisu20132\/wp-json\/wp\/v2\/pages\/480\/revisions\/629"}],"wp:attachment":[{"href":"https:\/\/concurso.ifbaiano.edu.br\/portal\/sisu20132\/wp-json\/wp\/v2\/media?parent=480"}],"curies":[{"name":"wp","href":"https:\/\/api.w.org\/{rel}","templated":true}]}}