{"id":20,"date":"2016-05-31T19:57:59","date_gmt":"2016-05-31T19:57:59","guid":{"rendered":"http:\/\/concurso.ifbaiano.edu.br\/portal\/sisu-2016-2\/?page_id=20"},"modified":"2016-06-03T12:19:47","modified_gmt":"2016-06-03T12:19:47","slug":"pagina-inicial","status":"publish","type":"page","link":"https:\/\/concurso.ifbaiano.edu.br\/portal\/sisu-2016-2\/","title":{"rendered":"Pagina Inicial"},"content":{"rendered":"<div class=\"child_pages child_pages-thumbnail\">\n<div id=\"child_page-14\" class=\"child_page\" style=\"width:50%;max-width:100%;\"><div class=\"child_page-container\"><div class=\"post_thumb\"><a href=\"https:\/\/concurso.ifbaiano.edu.br\/portal\/sisu-2016-2\/pagina-inicial\/coluna1-o-processo-seletivo\/\"><\/a><\/div><div class=\"post_content\"><h4><a href=\"https:\/\/concurso.ifbaiano.edu.br\/portal\/sisu-2016-2\/pagina-inicial\/coluna1-o-processo-seletivo\/\">Coluna1 - O Processo Seletivo<\/a><\/h4><div class=\"post_excerpt\">O Processo Seletivo O Reitor Substituto do Instituto Federal de Educa\u00e7\u00e3o, Ci\u00eancia e Tecnologia Baiano \u2013 IF Baiano, no uso de suas atribui\u00e7\u00f5es legais delegadas pela Portaria 377 de 21 de mar\u00e7o de 2014, publicada no Di\u00e1rio Oficial da Uni\u00e3o &hellip; <a href=\"https:\/\/concurso.ifbaiano.edu.br\/portal\/sisu-2016-2\/pagina-inicial\/coluna1-o-processo-seletivo\/\">Continue lendo <span class=\"meta-nav\">&rarr;<\/span><\/a><\/div><\/div><!-- .post_content  --><\/div><!-- .child_page-container --><\/div><!-- #child_page-14\" -->\n\n<div id=\"child_page-23\" class=\"child_page\" style=\"width:50%;max-width:100%;\"><div class=\"child_page-container\"><div class=\"post_thumb\"><a href=\"https:\/\/concurso.ifbaiano.edu.br\/portal\/sisu-2016-2\/pagina-inicial\/coluna2\/\"><\/a><\/div><div class=\"post_content\"><h4><a href=\"https:\/\/concurso.ifbaiano.edu.br\/portal\/sisu-2016-2\/pagina-inicial\/coluna2\/\">Coluna2 - Informa\u00e7\u00f5es<\/a><\/h4><div class=\"post_excerpt\">Editais e Termo de Ades\u00e3o 27\/05\/2016 &#8211; Edital de Abertura N\u00ba 39\/2016 27\/05\/2016 &#8211; Edital Retificado 10\/05\/2016 &#8211; Termo de Ades\u00e3o Autodeclara\u00e7\u00e3o \u00c9tnico-Racial 27\/05\/2016 &#8211; Formul\u00e1rio Autodeclara\u00e7\u00e3o \u00c9tnico-Racial Lista de Espera 28\/06\/2016 &#8211; Quadro Geral de Oferta de Vagas Lista &hellip; <a href=\"https:\/\/concurso.ifbaiano.edu.br\/portal\/sisu-2016-2\/pagina-inicial\/coluna2\/\">Continue lendo <span class=\"meta-nav\">&rarr;<\/span><\/a><\/div><\/div><!-- .post_content  --><\/div><!-- .child_page-container --><\/div><!-- #child_page-23\" -->\n<\/div>\n","protected":false},"excerpt":{"rendered":"","protected":false},"author":4,"featured_media":0,"parent":0,"menu_order":0,"comment_status":"closed","ping_status":"closed","template":"","meta":[],"_links":{"self":[{"href":"https:\/\/concurso.ifbaiano.edu.br\/portal\/sisu-2016-2\/wp-json\/wp\/v2\/pages\/20"}],"collection":[{"href":"https:\/\/concurso.ifbaiano.edu.br\/portal\/sisu-2016-2\/wp-json\/wp\/v2\/pages"}],"about":[{"href":"https:\/\/concurso.ifbaiano.edu.br\/portal\/sisu-2016-2\/wp-json\/wp\/v2\/types\/page"}],"author":[{"embeddable":true,"href":"https:\/\/concurso.ifbaiano.edu.br\/portal\/sisu-2016-2\/wp-json\/wp\/v2\/users\/4"}],"replies":[{"embeddable":true,"href":"https:\/\/concurso.ifbaiano.edu.br\/portal\/sisu-2016-2\/wp-json\/wp\/v2\/comments?post=20"}],"version-history":[{"count":4,"href":"https:\/\/concurso.ifbaiano.edu.br\/portal\/sisu-2016-2\/wp-json\/wp\/v2\/pages\/20\/revisions"}],"predecessor-version":[{"id":25,"href":"https:\/\/concurso.ifbaiano.edu.br\/portal\/sisu-2016-2\/wp-json\/wp\/v2\/pages\/20\/revisions\/25"}],"wp:attachment":[{"href":"https:\/\/concurso.ifbaiano.edu.br\/portal\/sisu-2016-2\/wp-json\/wp\/v2\/media?parent=20"}],"curies":[{"name":"wp","href":"https:\/\/api.w.org\/{rel}","templated":true}]}}