{"id":14,"date":"2016-05-31T19:49:50","date_gmt":"2016-05-31T19:49:50","guid":{"rendered":"http:\/\/concurso.ifbaiano.edu.br\/portal\/sisu-2016-2\/?page_id=14"},"modified":"2016-05-31T19:58:21","modified_gmt":"2016-05-31T19:58:21","slug":"coluna1-o-processo-seletivo","status":"publish","type":"page","link":"https:\/\/concurso.ifbaiano.edu.br\/portal\/sisu-2016-2\/pagina-inicial\/coluna1-o-processo-seletivo\/","title":{"rendered":"Coluna1 &#8211; O Processo Seletivo"},"content":{"rendered":"<p><strong>O Processo Seletivo<\/strong><\/p>\n<p>O Reitor Substituto do Instituto Federal de Educa\u00e7\u00e3o, Ci\u00eancia e Tecnologia Baiano \u2013 IF Baiano, no uso de suas atribui\u00e7\u00f5es legais delegadas pela Portaria 377 de 21 de mar\u00e7o de 2014, publicada no Di\u00e1rio Oficial da Uni\u00e3o em 24 de mar\u00e7o de 2014, considerando o disposto na Portaria Normativa MEC n\u00ba 21, de 5 de novembro de 2012, no Edital n\u00ba 44, de 25 de abril de 2016, da Secretaria de Educa\u00e7\u00e3o Superior \u2013 SESU, e no Edital n\u00ba 60, de 23 de maio de 2016, da Secretaria de Educa\u00e7\u00e3o Superior \u2013 SESU, torna p\u00fablico que a sele\u00e7\u00e3o de estudantes para provimento de vagas nos cursos de gradua\u00e7\u00e3o ofertadas pelo Instituto Federal de Educa\u00e7\u00e3o Ci\u00eancia e Tecnologia Baiano, para ingresso no 2\u00ba semestre de 2016, utilizar\u00e1 o Sistema de Sele\u00e7\u00e3o Unificada (SiSU).<\/p>\n<p><strong>Das Vagas<\/strong><\/p>\n<table border=\"0\" cellspacing=\"0\" cellpadding=\"0\">\n<tbody>\n<tr>\n<td width=\"45\">\n<p align=\"center\"><b>CAMPUS<\/b><\/p>\n<\/td>\n<td width=\"48\">\n<p align=\"center\"><b>CURSO<\/b><\/p>\n<\/td>\n<td width=\"36\">\n<p align=\"center\"><b>TOTAL<\/b><\/p>\n<\/td>\n<\/tr>\n<tr>\n<td width=\"45\">Santa In\u00eas<\/td>\n<td width=\"48\">Biologia<\/td>\n<td width=\"36\">\n<p align=\"center\">40<\/p>\n<\/td>\n<\/tr>\n<tr>\n<td width=\"45\">Santa In\u00eas<\/td>\n<td width=\"48\">Geografia<\/td>\n<td width=\"36\">\n<p align=\"center\">40<\/p>\n<\/td>\n<\/tr>\n<tr>\n<td width=\"45\">Santa In\u00eas<\/td>\n<td width=\"48\">Zootecnia<\/td>\n<td width=\"36\">\n<p align=\"center\">40<\/p>\n<\/td>\n<\/tr>\n<tr>\n<td width=\"45\">Bom Jesus da Lapa<\/td>\n<td width=\"48\">Engenharia Agron\u00f4mica<\/td>\n<td width=\"36\">\n<p align=\"center\">20<\/p>\n<\/td>\n<\/tr>\n<tr>\n<td width=\"45\"><\/td>\n<td width=\"48\"><\/td>\n<td width=\"36\"><\/td>\n<\/tr>\n<tr>\n<td colspan=\"2\" width=\"93\">\n<p align=\"center\"><strong>TOTAL<\/strong><\/p>\n<\/td>\n<td width=\"36\">\n<p align=\"center\"><strong>140<\/strong><\/p>\n<\/td>\n<\/tr>\n<\/tbody>\n<\/table>\n","protected":false},"excerpt":{"rendered":"<p>O Processo Seletivo O Reitor Substituto do Instituto Federal de Educa\u00e7\u00e3o, Ci\u00eancia e Tecnologia Baiano \u2013 IF Baiano, no uso de suas atribui\u00e7\u00f5es legais delegadas pela Portaria 377 de 21 de mar\u00e7o de 2014, publicada no Di\u00e1rio Oficial da Uni\u00e3o &hellip; <a href=\"https:\/\/concurso.ifbaiano.edu.br\/portal\/sisu-2016-2\/pagina-inicial\/coluna1-o-processo-seletivo\/\">Continue lendo <span class=\"meta-nav\">&rarr;<\/span><\/a><\/p>\n","protected":false},"author":4,"featured_media":0,"parent":20,"menu_order":1,"comment_status":"open","ping_status":"open","template":"","meta":[],"_links":{"self":[{"href":"https:\/\/concurso.ifbaiano.edu.br\/portal\/sisu-2016-2\/wp-json\/wp\/v2\/pages\/14"}],"collection":[{"href":"https:\/\/concurso.ifbaiano.edu.br\/portal\/sisu-2016-2\/wp-json\/wp\/v2\/pages"}],"about":[{"href":"https:\/\/concurso.ifbaiano.edu.br\/portal\/sisu-2016-2\/wp-json\/wp\/v2\/types\/page"}],"author":[{"embeddable":true,"href":"https:\/\/concurso.ifbaiano.edu.br\/portal\/sisu-2016-2\/wp-json\/wp\/v2\/users\/4"}],"replies":[{"embeddable":true,"href":"https:\/\/concurso.ifbaiano.edu.br\/portal\/sisu-2016-2\/wp-json\/wp\/v2\/comments?post=14"}],"version-history":[{"count":5,"href":"https:\/\/concurso.ifbaiano.edu.br\/portal\/sisu-2016-2\/wp-json\/wp\/v2\/pages\/14\/revisions"}],"predecessor-version":[{"id":16,"href":"https:\/\/concurso.ifbaiano.edu.br\/portal\/sisu-2016-2\/wp-json\/wp\/v2\/pages\/14\/revisions\/16"}],"up":[{"embeddable":true,"href":"https:\/\/concurso.ifbaiano.edu.br\/portal\/sisu-2016-2\/wp-json\/wp\/v2\/pages\/20"}],"wp:attachment":[{"href":"https:\/\/concurso.ifbaiano.edu.br\/portal\/sisu-2016-2\/wp-json\/wp\/v2\/media?parent=14"}],"curies":[{"name":"wp","href":"https:\/\/api.w.org\/{rel}","templated":true}]}}