{"id":8,"date":"2016-06-03T12:16:50","date_gmt":"2016-06-03T12:16:50","guid":{"rendered":"http:\/\/concurso.ifbaiano.edu.br\/portal\/remocao20161\/?page_id=8"},"modified":"2016-09-08T17:16:48","modified_gmt":"2016-09-08T20:16:48","slug":"pagina-inicial","status":"publish","type":"page","link":"https:\/\/concurso.ifbaiano.edu.br\/portal\/remocao20162\/","title":{"rendered":"P\u00e1gina Inicial"},"content":{"rendered":"<div class=\"child_pages child_pages-thumbnail\">\n<div id=\"child_page-12\" class=\"child_page\" style=\"width:50%;max-width:100%;\"><div class=\"child_page-container\"><div class=\"post_thumb\"><a href=\"https:\/\/concurso.ifbaiano.edu.br\/portal\/remocao20162\/pagina-inicial\/coluna1-o-processo-seletivo\/\"><\/a><\/div><div class=\"post_content\"><h4><a href=\"https:\/\/concurso.ifbaiano.edu.br\/portal\/remocao20162\/pagina-inicial\/coluna1-o-processo-seletivo\/\">O Processo Seletivo<\/a><\/h4><div class=\"post_excerpt\">Processo Seletivo O SUBSTITUTO DO REITOR DO INSTITUTO FEDERAL DE EDUCA\u00c7\u00c3O, CI\u00caNCIA E TECNOLOGIA BAIANO, no uso das suas atribui\u00e7\u00f5es delegadas pela Portaria n&#8221; 377 de 21\/03\/2014. publicada 110 D.O.U. de 24\/03\/2014, Se\u00e7\u00e3o 2, p\u00e1gina 20, e de acordo com &hellip; <a href=\"https:\/\/concurso.ifbaiano.edu.br\/portal\/remocao20162\/pagina-inicial\/coluna1-o-processo-seletivo\/\">Continue lendo <span class=\"meta-nav\">&rarr;<\/span><\/a><\/div><\/div><!-- .post_content  --><\/div><!-- .child_page-container --><\/div><!-- #child_page-12\" -->\n\n<div id=\"child_page-15\" class=\"child_page\" style=\"width:50%;max-width:100%;\"><div class=\"child_page-container\"><div class=\"post_thumb\"><a href=\"https:\/\/concurso.ifbaiano.edu.br\/portal\/remocao20162\/pagina-inicial\/coluna2-informacoes\/\"><\/a><\/div><div class=\"post_content\"><h4><a href=\"https:\/\/concurso.ifbaiano.edu.br\/portal\/remocao20162\/pagina-inicial\/coluna2-informacoes\/\">Informa\u00e7\u00f5es<\/a><\/h4><div class=\"post_excerpt\">Editais e Documentos 26\/08\/2016 &#8211; Edital N\u00ba 68\/2016 01\/09\/2016 &#8211; Retifica\u00e7\u00e3o 01: Edital N\u00ba 68\/2016 02\/09\/2016 &#8211; Retifica\u00e7\u00e3o 02: Edital N\u00ba 68\/2016 16\/09\/2016 &#8211; Homologa\u00e7\u00e3o das Inscri\u00e7\u00f5es: Edital N\u00ba 68\/2016 &#8211; Remo\u00e7\u00e3o 16\/09\/2016 &#8211; Homologa\u00e7\u00e3o das Inscri\u00e7\u00f5es: Edital N\u00ba 68\/2016 &hellip; <a href=\"https:\/\/concurso.ifbaiano.edu.br\/portal\/remocao20162\/pagina-inicial\/coluna2-informacoes\/\">Continue lendo <span class=\"meta-nav\">&rarr;<\/span><\/a><\/div><\/div><!-- .post_content  --><\/div><!-- .child_page-container --><\/div><!-- #child_page-15\" -->\n<\/div>\n","protected":false},"excerpt":{"rendered":"","protected":false},"author":37,"featured_media":0,"parent":0,"menu_order":0,"comment_status":"closed","ping_status":"closed","template":"","meta":[],"_links":{"self":[{"href":"https:\/\/concurso.ifbaiano.edu.br\/portal\/remocao20162\/wp-json\/wp\/v2\/pages\/8"}],"collection":[{"href":"https:\/\/concurso.ifbaiano.edu.br\/portal\/remocao20162\/wp-json\/wp\/v2\/pages"}],"about":[{"href":"https:\/\/concurso.ifbaiano.edu.br\/portal\/remocao20162\/wp-json\/wp\/v2\/types\/page"}],"author":[{"embeddable":true,"href":"https:\/\/concurso.ifbaiano.edu.br\/portal\/remocao20162\/wp-json\/wp\/v2\/users\/37"}],"replies":[{"embeddable":true,"href":"https:\/\/concurso.ifbaiano.edu.br\/portal\/remocao20162\/wp-json\/wp\/v2\/comments?post=8"}],"version-history":[{"count":8,"href":"https:\/\/concurso.ifbaiano.edu.br\/portal\/remocao20162\/wp-json\/wp\/v2\/pages\/8\/revisions"}],"predecessor-version":[{"id":121,"href":"https:\/\/concurso.ifbaiano.edu.br\/portal\/remocao20162\/wp-json\/wp\/v2\/pages\/8\/revisions\/121"}],"wp:attachment":[{"href":"https:\/\/concurso.ifbaiano.edu.br\/portal\/remocao20162\/wp-json\/wp\/v2\/media?parent=8"}],"curies":[{"name":"wp","href":"https:\/\/api.w.org\/{rel}","templated":true}]}}