{"id":49,"date":"2016-06-09T19:15:00","date_gmt":"2016-06-09T19:15:00","guid":{"rendered":"http:\/\/concurso.ifbaiano.edu.br\/portal\/remocao20161\/?page_id=49"},"modified":"2016-06-09T19:15:00","modified_gmt":"2016-06-09T19:15:00","slug":"contato","status":"publish","type":"page","link":"https:\/\/concurso.ifbaiano.edu.br\/portal\/remocao20162\/contato\/","title":{"rendered":"Contato"},"content":{"rendered":"<p><strong>Comiss\u00e3o Permanente de Remo\u00e7\u00e3o do IFBAIANO<\/strong><\/p>\n<p><strong>E-mail:<\/strong>\u00a0cpr@ifbaiano.edu.br<\/p>\n","protected":false},"excerpt":{"rendered":"<p>Comiss\u00e3o Permanente de Remo\u00e7\u00e3o do IFBAIANO E-mail:\u00a0cpr@ifbaiano.edu.br<\/p>\n","protected":false},"author":37,"featured_media":0,"parent":0,"menu_order":0,"comment_status":"closed","ping_status":"closed","template":"","meta":[],"_links":{"self":[{"href":"https:\/\/concurso.ifbaiano.edu.br\/portal\/remocao20162\/wp-json\/wp\/v2\/pages\/49"}],"collection":[{"href":"https:\/\/concurso.ifbaiano.edu.br\/portal\/remocao20162\/wp-json\/wp\/v2\/pages"}],"about":[{"href":"https:\/\/concurso.ifbaiano.edu.br\/portal\/remocao20162\/wp-json\/wp\/v2\/types\/page"}],"author":[{"embeddable":true,"href":"https:\/\/concurso.ifbaiano.edu.br\/portal\/remocao20162\/wp-json\/wp\/v2\/users\/37"}],"replies":[{"embeddable":true,"href":"https:\/\/concurso.ifbaiano.edu.br\/portal\/remocao20162\/wp-json\/wp\/v2\/comments?post=49"}],"version-history":[{"count":0,"href":"https:\/\/concurso.ifbaiano.edu.br\/portal\/remocao20162\/wp-json\/wp\/v2\/pages\/49\/revisions"}],"wp:attachment":[{"href":"https:\/\/concurso.ifbaiano.edu.br\/portal\/remocao20162\/wp-json\/wp\/v2\/media?parent=49"}],"curies":[{"name":"wp","href":"https:\/\/api.w.org\/{rel}","templated":true}]}}