{"id":45,"date":"2016-06-09T19:13:30","date_gmt":"2016-06-09T19:13:30","guid":{"rendered":"http:\/\/concurso.ifbaiano.edu.br\/portal\/remocao20161\/?page_id=45"},"modified":"2016-09-01T16:10:30","modified_gmt":"2016-09-01T19:10:30","slug":"inscricoes","status":"publish","type":"page","link":"https:\/\/concurso.ifbaiano.edu.br\/portal\/remocao20162\/inscricoes\/","title":{"rendered":"Inscri\u00e7\u00f5es"},"content":{"rendered":"<p>A inscri\u00e7\u00e3o do(a) servidor(a) somente ser\u00e1 efetuada atrav\u00e9s de formul\u00e1rio de solicita\u00e7\u00e3o de remo\u00e7\u00e3o devidamente preenchido pelo link <a href=\"https:\/\/sistemas.ifbaiano.edu.br\/ADM\/open.do?sys=SAD\"> https:\/\/sistemas.ifbaiano.edu.br\/ADM\/open.do?sys=SAD <\/a><strong>no per\u00edodo de\u00a001\/09\/2016(a partir das 17 horas) a 08\/09\/2016<\/strong><\/p>\n<p>Demais informa\u00e7\u00f5es para inscri\u00e7\u00e3o est\u00e3o presentes no item 3 do <a href=\"http:\/\/concurso.ifbaiano.edu.br\/portal\/remocao20162\/wp-content\/uploads\/sites\/41\/2016\/08\/edital_remocao_68.2016.pdf\">Edital<\/a><\/p>\n","protected":false},"excerpt":{"rendered":"<p>A inscri\u00e7\u00e3o do(a) servidor(a) somente ser\u00e1 efetuada atrav\u00e9s de formul\u00e1rio de solicita\u00e7\u00e3o de remo\u00e7\u00e3o devidamente preenchido pelo link https:\/\/sistemas.ifbaiano.edu.br\/ADM\/open.do?sys=SAD no per\u00edodo de\u00a001\/09\/2016(a partir das 17 horas) a 08\/09\/2016 Demais informa\u00e7\u00f5es para inscri\u00e7\u00e3o est\u00e3o presentes no item 3 do Edital<\/p>\n","protected":false},"author":37,"featured_media":0,"parent":0,"menu_order":0,"comment_status":"closed","ping_status":"closed","template":"","meta":[],"_links":{"self":[{"href":"https:\/\/concurso.ifbaiano.edu.br\/portal\/remocao20162\/wp-json\/wp\/v2\/pages\/45"}],"collection":[{"href":"https:\/\/concurso.ifbaiano.edu.br\/portal\/remocao20162\/wp-json\/wp\/v2\/pages"}],"about":[{"href":"https:\/\/concurso.ifbaiano.edu.br\/portal\/remocao20162\/wp-json\/wp\/v2\/types\/page"}],"author":[{"embeddable":true,"href":"https:\/\/concurso.ifbaiano.edu.br\/portal\/remocao20162\/wp-json\/wp\/v2\/users\/37"}],"replies":[{"embeddable":true,"href":"https:\/\/concurso.ifbaiano.edu.br\/portal\/remocao20162\/wp-json\/wp\/v2\/comments?post=45"}],"version-history":[{"count":11,"href":"https:\/\/concurso.ifbaiano.edu.br\/portal\/remocao20162\/wp-json\/wp\/v2\/pages\/45\/revisions"}],"predecessor-version":[{"id":88,"href":"https:\/\/concurso.ifbaiano.edu.br\/portal\/remocao20162\/wp-json\/wp\/v2\/pages\/45\/revisions\/88"}],"wp:attachment":[{"href":"https:\/\/concurso.ifbaiano.edu.br\/portal\/remocao20162\/wp-json\/wp\/v2\/media?parent=45"}],"curies":[{"name":"wp","href":"https:\/\/api.w.org\/{rel}","templated":true}]}}