{"id":15,"date":"2016-06-03T12:21:53","date_gmt":"2016-06-03T12:21:53","guid":{"rendered":"http:\/\/concurso.ifbaiano.edu.br\/portal\/remocao20161\/?page_id=15"},"modified":"2017-06-28T14:53:24","modified_gmt":"2017-06-28T17:53:24","slug":"coluna2-informacoes","status":"publish","type":"page","link":"https:\/\/concurso.ifbaiano.edu.br\/portal\/remocao20162\/pagina-inicial\/coluna2-informacoes\/","title":{"rendered":"Informa\u00e7\u00f5es"},"content":{"rendered":"<p class=\"inicial-titulo\" style=\"text-align: left;\">Editais e Documentos<\/p>\n<p>26\/08\/2016 &#8211; <a href=\"http:\/\/concurso.ifbaiano.edu.br\/portal\/remocao20162\/wp-content\/uploads\/sites\/41\/2016\/08\/edital_remocao_68.2016.pdf\" target=\"_blank\">Edital N\u00ba 68\/2016<\/a><\/p>\n<p>01\/09\/2016 &#8211; <a href=\"http:\/\/concurso.ifbaiano.edu.br\/portal\/remocao20162\/wp-content\/uploads\/sites\/41\/2016\/09\/retificacao01-remocao68-2016.pdf\" target=\"_blank\">Retifica\u00e7\u00e3o 01: Edital N\u00ba 68\/2016<\/a><\/p>\n<p>02\/09\/2016 &#8211; <a href=\"http:\/\/concurso.ifbaiano.edu.br\/portal\/remocao20162\/wp-content\/uploads\/sites\/41\/2016\/09\/retificacao02.68-2016.pdf\" target=\"_blank\">Retifica\u00e7\u00e3o 02: Edital N\u00ba 68\/2016<\/a><\/p>\n<p>16\/09\/2016 &#8211; <a href=\"http:\/\/concurso.ifbaiano.edu.br\/portal\/remocao20162\/wp-content\/uploads\/sites\/41\/2016\/09\/homologacao.inscricoes.remocao-edital682016.pdf\" target=\"_blank\">Homologa\u00e7\u00e3o das Inscri\u00e7\u00f5es: Edital N\u00ba 68\/2016 &#8211; Remo\u00e7\u00e3o<\/a><\/p>\n<p>16\/09\/2016 &#8211; <a href=\"http:\/\/concurso.ifbaiano.edu.br\/portal\/remocao20162\/wp-content\/uploads\/sites\/41\/2016\/09\/homologacao.inscricoes.intencaoremocao-edital682016.pdf\" target=\"_blank\">Homologa\u00e7\u00e3o das Inscri\u00e7\u00f5es: Edital N\u00ba 68\/2016 &#8211; Inten\u00e7\u00e3o de Remo\u00e7\u00e3o<\/a><\/p>\n<p>16\/09\/2016 &#8211; <a href=\"http:\/\/concurso.ifbaiano.edu.br\/portal\/remocao20162\/wp-content\/uploads\/sites\/41\/2016\/09\/resultado-preliminar.inscricoes.remocao-edital682016.pdf\" target=\"_blank\">Resultado Preliminar: Edital N\u00ba 68\/2016 &#8211; Remo\u00e7\u00e3o<\/a><\/p>\n<p>16\/09\/2016 &#8211; <a href=\"http:\/\/concurso.ifbaiano.edu.br\/portal\/remocao20162\/wp-content\/uploads\/sites\/41\/2016\/09\/resultado-preliminar.inscricoes.intencaoremocao-edital682016.pdf\" target=\"_blank\">Resultado Preliminar: Edital N\u00ba 68\/2016 &#8211; Inten\u00e7\u00e3o de Remo\u00e7\u00e3o<\/a><\/p>\n<p>22\/09\/2016 &#8211; <a href=\"http:\/\/concurso.ifbaiano.edu.br\/portal\/remocao20162\/wp-content\/uploads\/sites\/41\/2016\/09\/homologacao_inscricoes_intencao_remocao_pos_recurso_edital_68-2016.pdf\" target=\"_blank\">Homologa\u00e7\u00e3o das Inscri\u00e7\u00f5es: Edital N\u00ba 68\/2016 &#8211; Inten\u00e7\u00e3o de Remo\u00e7\u00e3o &#8211; P\u00f3s-recurso<\/a><\/p>\n<p>22\/09\/2016 &#8211; <a href=\"http:\/\/concurso.ifbaiano.edu.br\/portal\/remocao20162\/wp-content\/uploads\/sites\/41\/2016\/09\/resultado_final_remocao_edital_68-2016.pdf\" target=\"_blank\">Resultado Final: Edital N\u00ba 68\/2016 &#8211; Remo\u00e7\u00e3o<\/a><\/p>\n<p>22\/09\/2016 &#8211; <a href=\"http:\/\/concurso.ifbaiano.edu.br\/portal\/remocao20162\/wp-content\/uploads\/sites\/41\/2016\/09\/resultado_final_intencao_remocao_edital_68-2016.pdf\" target=\"_blank\">Resultado Final: Edital N\u00ba 68\/2016 &#8211; Inten\u00e7\u00e3o de Remo\u00e7\u00e3o<\/a><\/p>\n<p>27\/06\/2017 &#8211; <a href=\"http:\/\/concurso.ifbaiano.edu.br\/portal\/remocao20162\/wp-content\/uploads\/sites\/41\/2016\/06\/Retifica\u00e7\u00e3o-03-do-Edital-de-remocao-68-2017.pdf\" target=\"_blank\">Retifica\u00e7\u00e3o do Edital N\u00ba 68\/2016 &#8211; Prorroga\u00e7\u00e3o de validade<\/a><\/p>\n","protected":false},"excerpt":{"rendered":"<p>Editais e Documentos 26\/08\/2016 &#8211; Edital N\u00ba 68\/2016 01\/09\/2016 &#8211; Retifica\u00e7\u00e3o 01: Edital N\u00ba 68\/2016 02\/09\/2016 &#8211; Retifica\u00e7\u00e3o 02: Edital N\u00ba 68\/2016 16\/09\/2016 &#8211; Homologa\u00e7\u00e3o das Inscri\u00e7\u00f5es: Edital N\u00ba 68\/2016 &#8211; Remo\u00e7\u00e3o 16\/09\/2016 &#8211; Homologa\u00e7\u00e3o das Inscri\u00e7\u00f5es: Edital N\u00ba 68\/2016 &hellip; <a href=\"https:\/\/concurso.ifbaiano.edu.br\/portal\/remocao20162\/pagina-inicial\/coluna2-informacoes\/\">Continue lendo <span class=\"meta-nav\">&rarr;<\/span><\/a><\/p>\n","protected":false},"author":37,"featured_media":0,"parent":8,"menu_order":2,"comment_status":"closed","ping_status":"closed","template":"","meta":[],"_links":{"self":[{"href":"https:\/\/concurso.ifbaiano.edu.br\/portal\/remocao20162\/wp-json\/wp\/v2\/pages\/15"}],"collection":[{"href":"https:\/\/concurso.ifbaiano.edu.br\/portal\/remocao20162\/wp-json\/wp\/v2\/pages"}],"about":[{"href":"https:\/\/concurso.ifbaiano.edu.br\/portal\/remocao20162\/wp-json\/wp\/v2\/types\/page"}],"author":[{"embeddable":true,"href":"https:\/\/concurso.ifbaiano.edu.br\/portal\/remocao20162\/wp-json\/wp\/v2\/users\/37"}],"replies":[{"embeddable":true,"href":"https:\/\/concurso.ifbaiano.edu.br\/portal\/remocao20162\/wp-json\/wp\/v2\/comments?post=15"}],"version-history":[{"count":28,"href":"https:\/\/concurso.ifbaiano.edu.br\/portal\/remocao20162\/wp-json\/wp\/v2\/pages\/15\/revisions"}],"predecessor-version":[{"id":145,"href":"https:\/\/concurso.ifbaiano.edu.br\/portal\/remocao20162\/wp-json\/wp\/v2\/pages\/15\/revisions\/145"}],"up":[{"embeddable":true,"href":"https:\/\/concurso.ifbaiano.edu.br\/portal\/remocao20162\/wp-json\/wp\/v2\/pages\/8"}],"wp:attachment":[{"href":"https:\/\/concurso.ifbaiano.edu.br\/portal\/remocao20162\/wp-json\/wp\/v2\/media?parent=15"}],"curies":[{"name":"wp","href":"https:\/\/api.w.org\/{rel}","templated":true}]}}