{"id":12,"date":"2016-06-03T12:20:37","date_gmt":"2016-06-03T12:20:37","guid":{"rendered":"http:\/\/concurso.ifbaiano.edu.br\/portal\/remocao20161\/?page_id=12"},"modified":"2016-09-17T09:47:32","modified_gmt":"2016-09-17T12:47:32","slug":"coluna1-o-processo-seletivo","status":"publish","type":"page","link":"https:\/\/concurso.ifbaiano.edu.br\/portal\/remocao20162\/pagina-inicial\/coluna1-o-processo-seletivo\/","title":{"rendered":"O Processo Seletivo"},"content":{"rendered":"<p class=\"inicial-titulo\" style=\"text-align: left;\">Processo Seletivo<\/p>\n<p style=\"text-align: justify;\">O <strong>SUBSTITUTO DO REITOR DO INSTITUTO FEDERAL DE EDUCA\u00c7\u00c3O, CI\u00caNCIA E TECNOLOGIA BAIANO<\/strong>, no uso das suas atribui\u00e7\u00f5es delegadas pela Portaria n&#8221; 377 de 21\/03\/2014. publicada 110 D.O.U. de 24\/03\/2014, Se\u00e7\u00e3o 2, p\u00e1gina 20, e de acordo com as disposi\u00e7\u00f5es contidas na Lei n\u00ba 11.892, de 29\/12\/2008 e Lei n\u00ba 8.112\/90, visando atender aos termos do art. 36. par\u00e1grafo \u00fanico, inciso TI, alinea c, da Lei n\u00b0 8.112, de 11 de dezembro de 1990, e a Resolu\u00e7\u00e3o n\u00ba 18. de 14 de outubro de 2014, aprovada &#8220;ad referendum&#8221;, ratificada pela Resolu\u00e7\u00e3o n\u00ba\u00a038. de 16 de dezembro de 2014. alterada pela Resolu\u00e7\u00e3o n\u00ba 28, de 24 de novembro de 2015, pelo Presidente do Conselho Superior (CONSUP) do Instituto Federal de Educa\u00e7\u00e3o. Ci\u00eancia e Tecnologia Baiano &#8211; IF Baiano, torna p\u00fablico a abertura do processo seletivo de remo\u00e7\u00e3o, a pedido, de servidores(as) ocupantes de cargo efetivo de Professor(a) do Ensino B\u00e1sico T\u00e9cnico e Tecnol\u00f3gico no \u00e2mbito deste Instituto.<\/p>\n<p><strong>CRONOGRAMA<\/strong><\/p>\n<table border=\"0\" cellspacing=\"0\" cellpadding=\"0\">\n<tbody>\n<tr>\n<td width=\"45\">\n<p align=\"center\"><b>ATIVIDADE<\/b><\/p>\n<\/td>\n<td width=\"48\">\n<p align=\"center\"><b>DATA\/PER\u00cdODO<\/b><\/p>\n<\/td>\n<\/tr>\n<tr>\n<td width=\"45\">PUBLICA\u00c7\u00c3O DO EDITAL<\/td>\n<td width=\"48\">26\/08\/2016<\/td>\n<\/tr>\n<tr>\n<td width=\"45\">RECURSO DA PUBLICA\u00c7\u00c3O DO EDITAL<\/td>\n<td width=\"48\">29 e 30\/08\/2016<\/td>\n<\/tr>\n<tr>\n<td width=\"45\">AN\u00c1LISE DOS RECURSOS<\/td>\n<td width=\"48\">31\/08\/2016 e 01\/09\/2016<\/td>\n<\/tr>\n<tr>\n<td width=\"45\">RESULTADO DA AN\u00c1LISE DOS RECURSOS<\/td>\n<td width=\"48\">01\/09\/2016, a partir das 17 horas<\/td>\n<\/tr>\n<tr>\n<td width=\"45\">PER\u00cdODO DE INSCRI\u00c7\u00c3O<\/td>\n<td width=\"48\">02\/09\/2016 a 08\/09\/2016<\/td>\n<\/tr>\n<tr>\n<td width=\"45\">HOMOLOGA\u00c7\u00c3O DAS INSCRI\u00c7\u00d5ES<\/td>\n<td width=\"48\">09\/09\/2016 a 15\/09\/2016<\/td>\n<\/tr>\n<tr>\n<td width=\"45\">RESULTADO PRELIMINAR<\/td>\n<td width=\"48\">16\/09\/2016, a partir das 17 horas<\/td>\n<\/tr>\n<tr>\n<td width=\"45\">INTERPOSI\u00c7\u00c3O DE RECURSOS<\/td>\n<td width=\"48\">19 e 20\/09\/2016<\/td>\n<\/tr>\n<tr>\n<td width=\"45\">AN\u00c1LISE DOS RECURSOS<\/td>\n<td width=\"48\">21 e 22\/09\/2016<\/td>\n<\/tr>\n<tr>\n<td width=\"45\">RESULTADO DA AN\u00c1LISE DOS RECURSOS<\/td>\n<td width=\"48\">22\/09\/2016<\/td>\n<\/tr>\n<tr>\n<td width=\"45\">HOMOLOGA\u00c7\u00c3O DO RESULTADO FINAL<\/td>\n<td width=\"48\">22\/09\/2016<\/td>\n<\/tr>\n<tr>\n<td width=\"45\"><\/td>\n<td width=\"48\"><\/td>\n<\/tr>\n<\/tbody>\n<\/table>\n","protected":false},"excerpt":{"rendered":"<p>Processo Seletivo O SUBSTITUTO DO REITOR DO INSTITUTO FEDERAL DE EDUCA\u00c7\u00c3O, CI\u00caNCIA E TECNOLOGIA BAIANO, no uso das suas atribui\u00e7\u00f5es delegadas pela Portaria n&#8221; 377 de 21\/03\/2014. publicada 110 D.O.U. de 24\/03\/2014, Se\u00e7\u00e3o 2, p\u00e1gina 20, e de acordo com &hellip; <a href=\"https:\/\/concurso.ifbaiano.edu.br\/portal\/remocao20162\/pagina-inicial\/coluna1-o-processo-seletivo\/\">Continue lendo <span class=\"meta-nav\">&rarr;<\/span><\/a><\/p>\n","protected":false},"author":37,"featured_media":0,"parent":8,"menu_order":1,"comment_status":"closed","ping_status":"closed","template":"","meta":[],"_links":{"self":[{"href":"https:\/\/concurso.ifbaiano.edu.br\/portal\/remocao20162\/wp-json\/wp\/v2\/pages\/12"}],"collection":[{"href":"https:\/\/concurso.ifbaiano.edu.br\/portal\/remocao20162\/wp-json\/wp\/v2\/pages"}],"about":[{"href":"https:\/\/concurso.ifbaiano.edu.br\/portal\/remocao20162\/wp-json\/wp\/v2\/types\/page"}],"author":[{"embeddable":true,"href":"https:\/\/concurso.ifbaiano.edu.br\/portal\/remocao20162\/wp-json\/wp\/v2\/users\/37"}],"replies":[{"embeddable":true,"href":"https:\/\/concurso.ifbaiano.edu.br\/portal\/remocao20162\/wp-json\/wp\/v2\/comments?post=12"}],"version-history":[{"count":18,"href":"https:\/\/concurso.ifbaiano.edu.br\/portal\/remocao20162\/wp-json\/wp\/v2\/pages\/12\/revisions"}],"predecessor-version":[{"id":136,"href":"https:\/\/concurso.ifbaiano.edu.br\/portal\/remocao20162\/wp-json\/wp\/v2\/pages\/12\/revisions\/136"}],"up":[{"embeddable":true,"href":"https:\/\/concurso.ifbaiano.edu.br\/portal\/remocao20162\/wp-json\/wp\/v2\/pages\/8"}],"wp:attachment":[{"href":"https:\/\/concurso.ifbaiano.edu.br\/portal\/remocao20162\/wp-json\/wp\/v2\/media?parent=12"}],"curies":[{"name":"wp","href":"https:\/\/api.w.org\/{rel}","templated":true}]}}