{"id":8,"date":"2016-06-03T12:16:50","date_gmt":"2016-06-03T12:16:50","guid":{"rendered":"http:\/\/concurso.ifbaiano.edu.br\/portal\/remocao20161\/?page_id=8"},"modified":"2016-06-08T19:26:35","modified_gmt":"2016-06-08T19:26:35","slug":"pagina-inicial","status":"publish","type":"page","link":"https:\/\/concurso.ifbaiano.edu.br\/portal\/remocao20161\/","title":{"rendered":"P\u00e1gina Inicial"},"content":{"rendered":"<div class=\"child_pages child_pages-thumbnail\">\n<div id=\"child_page-12\" class=\"child_page\" style=\"width:50%;max-width:100%;\"><div class=\"child_page-container\"><div class=\"post_thumb\"><a href=\"https:\/\/concurso.ifbaiano.edu.br\/portal\/remocao20161\/pagina-inicial\/coluna1-o-processo-seletivo\/\"><\/a><\/div><div class=\"post_content\"><h4><a href=\"https:\/\/concurso.ifbaiano.edu.br\/portal\/remocao20161\/pagina-inicial\/coluna1-o-processo-seletivo\/\">Coluna1 \u2013 O Processo Seletivo<\/a><\/h4><div class=\"post_excerpt\">O Processo Seletivo O REITOR DO INSTITUTO FEDERAL DE EDUCA\u00c7\u00c3O, CI\u00caNCIA E TECNOLOGIA BAIANO, no uso da compet\u00eancia delegada pelo Decreto de 13 de mar\u00e7o de 2014, publicado no D.O.U. de 14 de mar\u00e7o de 2014, Se\u00e7\u00e3o 2, p\u00e1gina 1, &hellip; <a href=\"https:\/\/concurso.ifbaiano.edu.br\/portal\/remocao20161\/pagina-inicial\/coluna1-o-processo-seletivo\/\">Continue lendo <span class=\"meta-nav\">&rarr;<\/span><\/a><\/div><\/div><!-- .post_content  --><\/div><!-- .child_page-container --><\/div><!-- #child_page-12\" -->\n\n<div id=\"child_page-15\" class=\"child_page\" style=\"width:50%;max-width:100%;\"><div class=\"child_page-container\"><div class=\"post_thumb\"><a href=\"https:\/\/concurso.ifbaiano.edu.br\/portal\/remocao20161\/pagina-inicial\/coluna2-informacoes\/\"><\/a><\/div><div class=\"post_content\"><h4><a href=\"https:\/\/concurso.ifbaiano.edu.br\/portal\/remocao20161\/pagina-inicial\/coluna2-informacoes\/\">Coluna2 \u2013 Informa\u00e7\u00f5es<\/a><\/h4><div class=\"post_excerpt\">Editais e Documentos 19\/12\/2016 &#8211; Retifica\u00e7\u00e3o do Edital de Remo\u00e7\u00e3o N\u00ba 41\/2016 28\/06\/2016 &#8211; Resultado Final &#8211; Remo\u00e7\u00e3o 28\/06\/2016 &#8211;\u00a0Resultado Final\u00a0&#8211; Inten\u00e7\u00e3o de Remo\u00e7\u00e3o 28\/06\/2016 &#8211;\u00a0Resultado Preliminar\u00a0&#8211; Inten\u00e7\u00e3o de Remo\u00e7\u00e3o &#8211; P\u00f3s-recurso 21\/06\/2016 &#8211;\u00a0Resultado Preliminar &#8211; Remo\u00e7\u00e3o 21\/06\/2016 &#8211;\u00a0Resultado Preliminar\u00a0&#8211; &hellip; <a href=\"https:\/\/concurso.ifbaiano.edu.br\/portal\/remocao20161\/pagina-inicial\/coluna2-informacoes\/\">Continue lendo <span class=\"meta-nav\">&rarr;<\/span><\/a><\/div><\/div><!-- .post_content  --><\/div><!-- .child_page-container --><\/div><!-- #child_page-15\" -->\n<\/div>\n","protected":false},"excerpt":{"rendered":"","protected":false},"author":31,"featured_media":0,"parent":0,"menu_order":0,"comment_status":"closed","ping_status":"closed","template":"","meta":[],"_links":{"self":[{"href":"https:\/\/concurso.ifbaiano.edu.br\/portal\/remocao20161\/wp-json\/wp\/v2\/pages\/8"}],"collection":[{"href":"https:\/\/concurso.ifbaiano.edu.br\/portal\/remocao20161\/wp-json\/wp\/v2\/pages"}],"about":[{"href":"https:\/\/concurso.ifbaiano.edu.br\/portal\/remocao20161\/wp-json\/wp\/v2\/types\/page"}],"author":[{"embeddable":true,"href":"https:\/\/concurso.ifbaiano.edu.br\/portal\/remocao20161\/wp-json\/wp\/v2\/users\/31"}],"replies":[{"embeddable":true,"href":"https:\/\/concurso.ifbaiano.edu.br\/portal\/remocao20161\/wp-json\/wp\/v2\/comments?post=8"}],"version-history":[{"count":4,"href":"https:\/\/concurso.ifbaiano.edu.br\/portal\/remocao20161\/wp-json\/wp\/v2\/pages\/8\/revisions"}],"predecessor-version":[{"id":112,"href":"https:\/\/concurso.ifbaiano.edu.br\/portal\/remocao20161\/wp-json\/wp\/v2\/pages\/8\/revisions\/112"}],"wp:attachment":[{"href":"https:\/\/concurso.ifbaiano.edu.br\/portal\/remocao20161\/wp-json\/wp\/v2\/media?parent=8"}],"curies":[{"name":"wp","href":"https:\/\/api.w.org\/{rel}","templated":true}]}}