{"id":45,"date":"2016-06-09T19:13:30","date_gmt":"2016-06-09T19:13:30","guid":{"rendered":"http:\/\/concurso.ifbaiano.edu.br\/portal\/remocao20161\/?page_id=45"},"modified":"2016-06-09T20:15:35","modified_gmt":"2016-06-09T20:15:35","slug":"inscricoes","status":"publish","type":"page","link":"https:\/\/concurso.ifbaiano.edu.br\/portal\/remocao20161\/inscricoes\/","title":{"rendered":"Inscri\u00e7\u00f5es"},"content":{"rendered":"<p>A inscri\u00e7\u00e3o do(a) servidor(a) somente ser\u00e1 efetuada atrav\u00e9s de formul\u00e1rio de solicita\u00e7\u00e3o de remo\u00e7\u00e3o devidamente preenchido pelo link <a href=\"https:\/\/sistemas.ifbaiano.edu.br\/ADM\/open.do?sys=SAD\">https:\/\/sistemas.ifbaiano.edu.br\/ADM\/open.do?sys=SAD<\/a> no per\u00edodo de\u00a009\/06\/2016(a partir das 17 horas) a 14\/06\/2016<\/p>\n<p>Demais informa\u00e7\u00f5es para inscri\u00e7\u00e3o est\u00e3o presentes no item 3 do <a href=\"\/\/concurso.ifbaiano.edu.br\/portal\/remocao20161\/wp-content\/uploads\/sites\/34\/2016\/06\/Edital-41-2016-Remo%C3%A7%C3%A3o-de-T%C3%A9cnico-Administrativos.pdf&quot;&gt;\">Edital<\/a><\/p>\n","protected":false},"excerpt":{"rendered":"<p>A inscri\u00e7\u00e3o do(a) servidor(a) somente ser\u00e1 efetuada atrav\u00e9s de formul\u00e1rio de solicita\u00e7\u00e3o de remo\u00e7\u00e3o devidamente preenchido pelo link https:\/\/sistemas.ifbaiano.edu.br\/ADM\/open.do?sys=SAD no per\u00edodo de\u00a009\/06\/2016(a partir das 17 horas) a 14\/06\/2016 Demais informa\u00e7\u00f5es para inscri\u00e7\u00e3o est\u00e3o presentes no item 3 do Edital<\/p>\n","protected":false},"author":30,"featured_media":0,"parent":0,"menu_order":0,"comment_status":"closed","ping_status":"closed","template":"","meta":[],"_links":{"self":[{"href":"https:\/\/concurso.ifbaiano.edu.br\/portal\/remocao20161\/wp-json\/wp\/v2\/pages\/45"}],"collection":[{"href":"https:\/\/concurso.ifbaiano.edu.br\/portal\/remocao20161\/wp-json\/wp\/v2\/pages"}],"about":[{"href":"https:\/\/concurso.ifbaiano.edu.br\/portal\/remocao20161\/wp-json\/wp\/v2\/types\/page"}],"author":[{"embeddable":true,"href":"https:\/\/concurso.ifbaiano.edu.br\/portal\/remocao20161\/wp-json\/wp\/v2\/users\/30"}],"replies":[{"embeddable":true,"href":"https:\/\/concurso.ifbaiano.edu.br\/portal\/remocao20161\/wp-json\/wp\/v2\/comments?post=45"}],"version-history":[{"count":6,"href":"https:\/\/concurso.ifbaiano.edu.br\/portal\/remocao20161\/wp-json\/wp\/v2\/pages\/45\/revisions"}],"predecessor-version":[{"id":70,"href":"https:\/\/concurso.ifbaiano.edu.br\/portal\/remocao20161\/wp-json\/wp\/v2\/pages\/45\/revisions\/70"}],"wp:attachment":[{"href":"https:\/\/concurso.ifbaiano.edu.br\/portal\/remocao20161\/wp-json\/wp\/v2\/media?parent=45"}],"curies":[{"name":"wp","href":"https:\/\/api.w.org\/{rel}","templated":true}]}}