{"id":15,"date":"2016-06-03T12:21:53","date_gmt":"2016-06-03T12:21:53","guid":{"rendered":"http:\/\/concurso.ifbaiano.edu.br\/portal\/remocao20161\/?page_id=15"},"modified":"2016-12-19T18:34:10","modified_gmt":"2016-12-19T18:34:10","slug":"coluna2-informacoes","status":"publish","type":"page","link":"https:\/\/concurso.ifbaiano.edu.br\/portal\/remocao20161\/pagina-inicial\/coluna2-informacoes\/","title":{"rendered":"Coluna2 \u2013 Informa\u00e7\u00f5es"},"content":{"rendered":"<p class=\"inicial-titulo\" style=\"text-align: left;\">Editais e Documentos<\/p>\n<p>19\/12\/2016 &#8211; <a title=\"Resultado Final - Remo\u00e7\u00e3o\" href=\"http:\/\/concurso.ifbaiano.edu.br\/portal\/remocao20161\/wp-content\/uploads\/sites\/34\/2016\/12\/retificacao_edital_41-2016.pdf\" target=\"_blank\">Retifica\u00e7\u00e3o do Edital de Remo\u00e7\u00e3o N\u00ba 41\/2016<\/a><br \/>\n<br \/><\/br><br \/>\n28\/06\/2016 &#8211; <a title=\"Resultado Final - Remo\u00e7\u00e3o\" href=\"http:\/\/concurso.ifbaiano.edu.br\/portal\/remocao20161\/wp-content\/uploads\/sites\/34\/2016\/06\/resultado_final_remocao.pdf\" target=\"_blank\">Resultado Final &#8211; Remo\u00e7\u00e3o<\/a><br \/>\n<br \/><\/br><br \/>\n28\/06\/2016 &#8211;\u00a0<a title=\"Resultado Final - Inten\u00e7\u00e3o de Remo\u00e7\u00e3o\" href=\"http:\/\/concurso.ifbaiano.edu.br\/portal\/remocao20161\/wp-content\/uploads\/sites\/34\/2016\/06\/resultado_final_item_remocao.pdf\" target=\"_blank\">Resultado Final\u00a0&#8211; Inten\u00e7\u00e3o de Remo\u00e7\u00e3o<\/a><br \/>\n<br \/><\/br><br \/>\n28\/06\/2016 &#8211;\u00a0<a title=\"Resultado Preliminar - Inten\u00e7\u00e3o de Remo\u00e7\u00e3o - P\u00f3s-recurso\" href=\"http:\/\/concurso.ifbaiano.edu.br\/portal\/remocao20161\/wp-content\/uploads\/sites\/34\/2016\/06\/homologa\u00e7\u00e3o_inscri\u00e7\u00f5es_intencao_pos-recurso.pdf\" target=\"_blank\">Resultado Preliminar\u00a0&#8211; Inten\u00e7\u00e3o de Remo\u00e7\u00e3o &#8211; P\u00f3s-recurso<\/a><br \/>\n<br \/><\/br><br \/>\n21\/06\/2016 &#8211;\u00a0<a href=\"http:\/\/concurso.ifbaiano.edu.br\/portal\/remocao20161\/wp-content\/uploads\/sites\/34\/2016\/06\/Resultado-Preliminar-REMOCAO-21062016.pdf\" target=\"_blank\">Resultado Preliminar &#8211; Remo\u00e7\u00e3o<\/a><br \/>\n<br \/><\/br><br \/>\n21\/06\/2016 &#8211;\u00a0<a href=\"http:\/\/concurso.ifbaiano.edu.br\/portal\/remocao20161\/wp-content\/uploads\/sites\/34\/2016\/06\/Resultado-Preliminar-INTENCAO-DE-REMOCAO-21062016.pdf\" target=\"_blank\">Resultado Preliminar\u00a0&#8211; Inten\u00e7\u00e3o de Remo\u00e7\u00e3o<\/a><br \/>\n<br \/><\/br><br \/>\n21\/06\/2016 &#8211; <a href=\"http:\/\/concurso.ifbaiano.edu.br\/portal\/remocao20161\/wp-content\/uploads\/sites\/34\/2016\/06\/Homologacao-inscricoes-Remocao.pdf\" target=\"_blank\">Homologa\u00e7\u00e3o &#8211; Remo\u00e7\u00e3o<\/a><br \/>\n<br \/><\/br><br \/>\n21\/06\/2016 &#8211; <a href=\"http:\/\/concurso.ifbaiano.edu.br\/portal\/remocao20161\/wp-content\/uploads\/sites\/34\/2016\/06\/Homologacao-inscricoes-Intencao-Remocao.pdf\" target=\"_blank\">Homologa\u00e7\u00e3o &#8211; Inten\u00e7\u00e3o de Remo\u00e7\u00e3o<\/a><br \/>\n<br \/><\/br><br \/>\n20\/06\/2016 &#8211;\u00a0<a title=\"RETIFICA\u00c7\u00c3O N\u00ba 02 DO EDITAL DE REMO\u00c7\u00c3O n\u00ba 41, de 24 de maio de 2016\" href=\"http:\/\/concurso.ifbaiano.edu.br\/portal\/wp-content\/uploads\/2016\/06\/Retificacao-02-Edital-41_2016-Assinada.pdf\" target=\"_blank\">Retifica\u00e7\u00e3o 02 &#8211; Cronograma<\/a><br \/>\n<br \/><\/br><br \/>\n10\/06\/2016 &#8211; <a title=\"RETIFICA\u00c7\u00c3O N\u00ba 01 DO EDITAL DE REMO\u00c7\u00c3O n\u00ba 41, de 24 de maio de 2016\" href=\"http:\/\/concurso.ifbaiano.edu.br\/portal\/remocao20161\/wp-content\/uploads\/sites\/34\/2016\/06\/retificacao01-Edital-41_2016.pdf\" target=\"_blank\">Retifica\u00e7\u00e3o 01 &#8211; Anexo IV<\/a><br \/>\n<br \/><\/br><br \/>\n03\/06\/2016 &#8211; <a href=\"http:\/\/concurso.ifbaiano.edu.br\/portal\/remocao20161\/wp-content\/uploads\/sites\/34\/2016\/06\/Edital-41-2016-Remo\u00e7\u00e3o-de-T\u00e9cnico-Administrativos.pdf\">Edital N\u00ba 41\/2016<\/a><\/p>\n","protected":false},"excerpt":{"rendered":"<p>Editais e Documentos 19\/12\/2016 &#8211; Retifica\u00e7\u00e3o do Edital de Remo\u00e7\u00e3o N\u00ba 41\/2016 28\/06\/2016 &#8211; Resultado Final &#8211; Remo\u00e7\u00e3o 28\/06\/2016 &#8211;\u00a0Resultado Final\u00a0&#8211; Inten\u00e7\u00e3o de Remo\u00e7\u00e3o 28\/06\/2016 &#8211;\u00a0Resultado Preliminar\u00a0&#8211; Inten\u00e7\u00e3o de Remo\u00e7\u00e3o &#8211; P\u00f3s-recurso 21\/06\/2016 &#8211;\u00a0Resultado Preliminar &#8211; Remo\u00e7\u00e3o 21\/06\/2016 &#8211;\u00a0Resultado Preliminar\u00a0&#8211; &hellip; <a href=\"https:\/\/concurso.ifbaiano.edu.br\/portal\/remocao20161\/pagina-inicial\/coluna2-informacoes\/\">Continue lendo <span class=\"meta-nav\">&rarr;<\/span><\/a><\/p>\n","protected":false},"author":31,"featured_media":0,"parent":8,"menu_order":2,"comment_status":"closed","ping_status":"closed","template":"","meta":[],"_links":{"self":[{"href":"https:\/\/concurso.ifbaiano.edu.br\/portal\/remocao20161\/wp-json\/wp\/v2\/pages\/15"}],"collection":[{"href":"https:\/\/concurso.ifbaiano.edu.br\/portal\/remocao20161\/wp-json\/wp\/v2\/pages"}],"about":[{"href":"https:\/\/concurso.ifbaiano.edu.br\/portal\/remocao20161\/wp-json\/wp\/v2\/types\/page"}],"author":[{"embeddable":true,"href":"https:\/\/concurso.ifbaiano.edu.br\/portal\/remocao20161\/wp-json\/wp\/v2\/users\/31"}],"replies":[{"embeddable":true,"href":"https:\/\/concurso.ifbaiano.edu.br\/portal\/remocao20161\/wp-json\/wp\/v2\/comments?post=15"}],"version-history":[{"count":33,"href":"https:\/\/concurso.ifbaiano.edu.br\/portal\/remocao20161\/wp-json\/wp\/v2\/pages\/15\/revisions"}],"predecessor-version":[{"id":123,"href":"https:\/\/concurso.ifbaiano.edu.br\/portal\/remocao20161\/wp-json\/wp\/v2\/pages\/15\/revisions\/123"}],"up":[{"embeddable":true,"href":"https:\/\/concurso.ifbaiano.edu.br\/portal\/remocao20161\/wp-json\/wp\/v2\/pages\/8"}],"wp:attachment":[{"href":"https:\/\/concurso.ifbaiano.edu.br\/portal\/remocao20161\/wp-json\/wp\/v2\/media?parent=15"}],"curies":[{"name":"wp","href":"https:\/\/api.w.org\/{rel}","templated":true}]}}