{"id":25,"date":"2011-04-18T14:52:47","date_gmt":"2011-04-18T14:52:47","guid":{"rendered":"http:\/\/www.ifbaiano.edu.br\/portal\/discente20112\/?page_id=20"},"modified":"2015-12-10T18:19:36","modified_gmt":"2015-12-10T18:19:36","slug":"perguntas-frequentes","status":"publish","type":"page","link":"https:\/\/concurso.ifbaiano.edu.br\/portal\/remocao20151\/perguntas-frequentes\/","title":{"rendered":"Perguntas Frequentes"},"content":{"rendered":"<li><a style='color:red;font-weight:bold;'>A quest\u00e3o referente \u00e0 gradua\u00e7\u00e3o para TAE n\u00e3o est\u00e1 dispon\u00edvel para preenchimento no sistema<\/a><\/li>\n<p>Este problema est\u00e1 relacionado \u00e0 uma limita\u00e7\u00e3o na ferramenta de desenvolvimento que, eventualmente, n\u00e3o exibe corretamente o \u00faltimo registro da grade.<\/p>\n<p>Para alcan\u00e7ar o \u00faltimo registro da grade, realize os seguintes passos:<br \/>\n1- Clique em um registro da grade, deixando-o selecionado;<br \/>\n2- Com um registro selecionado, pressione a seta para baixo (teclado) at\u00e9 atingir o \u00faltimo registro oculto.<\/p>\n<p>O v\u00eddeo a seguir mostra como realizar o procedimento:<br \/>\n<iframe loading=\"lazy\" width=\"640\" height=\"360\" src=\"https:\/\/www.youtube.com\/embed\/n_8Ma7b5PmE?feature=oembed\" frameborder=\"0\" allowfullscreen><\/iframe><\/p>\n","protected":false},"excerpt":{"rendered":"<p>A quest\u00e3o referente \u00e0 gradua\u00e7\u00e3o para TAE n\u00e3o est\u00e1 dispon\u00edvel para preenchimento no sistema Este problema est\u00e1 relacionado \u00e0 uma limita\u00e7\u00e3o na ferramenta de desenvolvimento que, eventualmente, n\u00e3o exibe corretamente o \u00faltimo registro da grade. Para alcan\u00e7ar o \u00faltimo registro &hellip; <a href=\"https:\/\/concurso.ifbaiano.edu.br\/portal\/remocao20151\/perguntas-frequentes\/\">Continue lendo <span class=\"meta-nav\">&rarr;<\/span><\/a><\/p>\n","protected":false},"author":5,"featured_media":0,"parent":0,"menu_order":2,"comment_status":"closed","ping_status":"closed","template":"","meta":[],"_links":{"self":[{"href":"https:\/\/concurso.ifbaiano.edu.br\/portal\/remocao20151\/wp-json\/wp\/v2\/pages\/25"}],"collection":[{"href":"https:\/\/concurso.ifbaiano.edu.br\/portal\/remocao20151\/wp-json\/wp\/v2\/pages"}],"about":[{"href":"https:\/\/concurso.ifbaiano.edu.br\/portal\/remocao20151\/wp-json\/wp\/v2\/types\/page"}],"author":[{"embeddable":true,"href":"https:\/\/concurso.ifbaiano.edu.br\/portal\/remocao20151\/wp-json\/wp\/v2\/users\/5"}],"replies":[{"embeddable":true,"href":"https:\/\/concurso.ifbaiano.edu.br\/portal\/remocao20151\/wp-json\/wp\/v2\/comments?post=25"}],"version-history":[{"count":2,"href":"https:\/\/concurso.ifbaiano.edu.br\/portal\/remocao20151\/wp-json\/wp\/v2\/pages\/25\/revisions"}],"predecessor-version":[{"id":492,"href":"https:\/\/concurso.ifbaiano.edu.br\/portal\/remocao20151\/wp-json\/wp\/v2\/pages\/25\/revisions\/492"}],"wp:attachment":[{"href":"https:\/\/concurso.ifbaiano.edu.br\/portal\/remocao20151\/wp-json\/wp\/v2\/media?parent=25"}],"curies":[{"name":"wp","href":"https:\/\/api.w.org\/{rel}","templated":true}]}}