{"id":18,"date":"2011-04-18T14:49:31","date_gmt":"2011-04-18T14:49:31","guid":{"rendered":"http:\/\/www.ifbaiano.edu.br\/portal\/discente20112\/?page_id=18"},"modified":"2011-04-18T14:49:31","modified_gmt":"2011-04-18T14:49:31","slug":"instrucoes","status":"publish","type":"page","link":"https:\/\/concurso.ifbaiano.edu.br\/portal\/remocao20151\/instrucoes\/","title":{"rendered":"Instru\u00e7\u00f5es"},"content":{"rendered":"<p>Para solicitar a cria\u00e7\u00e3o de usu\u00e1rio no SIGA \u00e9 necess\u00e1rio encaminhar solicita\u00e7\u00e3o por e-mail, <strong>do chefe imediato<\/strong>, para sigaadm@ifbaiano.edu.br, no e-mail deve constar:<\/p>\n<ol>\n<li>Nome completo do servidor<\/li>\n<li>CPF do servidor<\/li>\n<li>SIAPE do servidor<\/li>\n<li>E-mail institucional do servidor\n<ol>\n<li>Caso n\u00e3o haja e-mail, solicitar \u00e0 unidade local de TI<\/li>\n<\/ol>\n<\/li>\n<li>Nome do setor e SIGLA ao qual o servidor ser\u00e1 vinculado\n<ol>\n<li>A lista de setores\/SIGLAS existentes est\u00e1 dispon\u00edvel <strong><a href=\"http:\/\/concurso.ifbaiano.edu.br\/portal\/remocao\/wp-content\/uploads\/sites\/12\/2014\/10\/IFBaianoHierarquiaSetores.pdf\">aqui<\/a><\/strong>.<\/li>\n<li>A cria\u00e7\u00e3o de novos setores est\u00e1 suspensa devido a reformula\u00e7\u00e3o do organograma.<\/li>\n<\/ol>\n<\/li>\n<\/ol>\n","protected":false},"excerpt":{"rendered":"<p>Para solicitar a cria\u00e7\u00e3o de usu\u00e1rio no SIGA \u00e9 necess\u00e1rio encaminhar solicita\u00e7\u00e3o por e-mail, do chefe imediato, para sigaadm@ifbaiano.edu.br, no e-mail deve constar: Nome completo do servidor CPF do servidor SIAPE do servidor E-mail institucional do servidor Caso n\u00e3o haja &hellip; <a href=\"https:\/\/concurso.ifbaiano.edu.br\/portal\/remocao20151\/instrucoes\/\">Continue lendo <span class=\"meta-nav\">&rarr;<\/span><\/a><\/p>\n","protected":false},"author":5,"featured_media":0,"parent":0,"menu_order":0,"comment_status":"closed","ping_status":"closed","template":"","meta":[],"_links":{"self":[{"href":"https:\/\/concurso.ifbaiano.edu.br\/portal\/remocao20151\/wp-json\/wp\/v2\/pages\/18"}],"collection":[{"href":"https:\/\/concurso.ifbaiano.edu.br\/portal\/remocao20151\/wp-json\/wp\/v2\/pages"}],"about":[{"href":"https:\/\/concurso.ifbaiano.edu.br\/portal\/remocao20151\/wp-json\/wp\/v2\/types\/page"}],"author":[{"embeddable":true,"href":"https:\/\/concurso.ifbaiano.edu.br\/portal\/remocao20151\/wp-json\/wp\/v2\/users\/5"}],"replies":[{"embeddable":true,"href":"https:\/\/concurso.ifbaiano.edu.br\/portal\/remocao20151\/wp-json\/wp\/v2\/comments?post=18"}],"version-history":[{"count":0,"href":"https:\/\/concurso.ifbaiano.edu.br\/portal\/remocao20151\/wp-json\/wp\/v2\/pages\/18\/revisions"}],"wp:attachment":[{"href":"https:\/\/concurso.ifbaiano.edu.br\/portal\/remocao20151\/wp-json\/wp\/v2\/media?parent=18"}],"curies":[{"name":"wp","href":"https:\/\/api.w.org\/{rel}","templated":true}]}}