{"id":10,"date":"2011-04-18T14:47:01","date_gmt":"2011-04-18T17:47:01","guid":{"rendered":"http:\/\/www.ifbaiano.edu.br\/portal\/discente20112\/?page_id=9"},"modified":"2015-12-28T16:25:52","modified_gmt":"2015-12-28T16:25:52","slug":"coluna2","status":"publish","type":"page","link":"https:\/\/concurso.ifbaiano.edu.br\/portal\/remocao20151\/pagina-inicial\/coluna2\/","title":{"rendered":"Coluna 2 &#8211; Informa\u00e7\u00f5es"},"content":{"rendered":"<p class=\"inicial-titulo\" style=\"text-align: left;\">Processo Geral<\/p>\n<p><span style=\"font-size: 10px;\">20\/04\/2015 &#8211;\u00a0<\/span><a title=\"Resolu\u00e7\u00e3o 18\" href=\"http:\/\/concurso.ifbaiano.edu.br\/portal\/remocao20151\/wp-content\/uploads\/sites\/20\/2015\/04\/resolucao_18.pdf\" target=\"_blank\">RESOLU\u00c7\u00c3O N\u00ba. 18, DE 14 DE OUTUBRO DE 2014<\/a><\/p>\n<address>\u00a0\u00a0<\/address>\n<p><span style=\"font-size: 10px;\">20\/04\/2015 &#8211;\u00a0<\/span><a title=\"Resolu\u00e7\u00e3o 38\" href=\"http:\/\/concurso.ifbaiano.edu.br\/portal\/remocao20151\/wp-content\/uploads\/sites\/20\/2015\/04\/resolucao_38.pdf\" target=\"_blank\">RESOLU\u00c7\u00c3O N\u00ba. 38, DE 16 DE DEZEMBRO DE 2014<\/a><\/p>\n<address>\u00a0\u00a0<\/address>\n<p><span style=\"font-size: 10px;\">20\/04\/2015 &#8211;\u00a0<\/span><a title=\"Edital de Remo\u00e7\u00e3o 32\/2015 \" href=\"http:\/\/concurso.ifbaiano.edu.br\/portal\/remocao20151\/wp-content\/uploads\/sites\/20\/2015\/04\/edital_remocao_322015_revisado.pdf\" target=\"_blank\">EDITAL DE REMO\u00c7\u00c3O N\u00ba 32, de 14 de ABRIL de 2015<\/a><\/p>\n<address>\u00a0<\/address>\n<p><span style=\"font-size: 10px;\">24\/04\/2015 &#8211; <\/span><a title=\"Retifica\u00e7\u00e3o do Edital de Remo\u00e7\u00e3o 32\/2015 \" href=\"http:\/\/concurso.ifbaiano.edu.br\/portal\/remocao20151\/wp-content\/uploads\/sites\/20\/2015\/04\/retificacao_-n01_edital_n_322015.pdf\" target=\"_blank\">RETIFICA\u00c7\u00c3O N\u00ba 01 DO EDITAL DE REMO\u00c7\u00c3O N\u00ba 32, de 14 de ABRIL de 2015<\/a><\/p>\n<address>\u00a0<\/address>\n<p><span style=\"font-size: 10px;\">11\/05\/2015 &#8211; <\/span><a title=\"Homologa\u00e7\u00e3o das Inscri\u00e7\u00f5es\" href=\"http:\/\/concurso.ifbaiano.edu.br\/portal\/remocao20151\/wp-content\/uploads\/sites\/20\/2015\/05\/homologacao_inscricoes.pdf\" target=\"_blank\">HOMOLOGA\u00c7\u00c3O DAS INSCRI\u00c7\u00d5ES<\/a><\/p>\n<address>\u00a0<\/address>\n<p><span style=\"font-size: 10px;\">12\/05\/2015 &#8211; <\/span><a title=\"Retifica\u00e7\u00e3o n\u00ba 02 - Edital n\u00ba 32-2015\" href=\"http:\/\/concurso.ifbaiano.edu.br\/portal\/remocao20151\/wp-content\/uploads\/sites\/20\/2015\/05\/retificacao_n02_edital_n_32-2015.pdf\" target=\"_blank\">RETIFICA\u00c7\u00c3O N\u00ba 02 DO EDITAL DE REMO\u00c7\u00c3O N\u00ba 32, de 14 de ABRIL de 2015<\/a><\/p>\n<address>\u00a0<\/address>\n<p><span style=\"font-size: 10px;\">15\/05\/2015 &#8211; <\/span><a title=\"Resultado Preliminar - Edital n\u00ba 32-2015\" href=\"http:\/\/concurso.ifbaiano.edu.br\/portal\/remocao20151\/wp-content\/uploads\/sites\/20\/2015\/05\/resultado-preliminar.pdf\" target=\"_blank\">RESULTADO PRELIMINAR DO EDITAL DE REMO\u00c7\u00c3O N\u00ba 32, de 14 de ABRIL de 2015<\/a><\/p>\n<address>\u00a0<\/address>\n<address>\u00a0<\/address>\n<p><span style=\"font-size: 10px;\">21\/05\/2015 &#8211; <\/span><a title=\"Resultado Final - Edital n\u00ba 32-2015\" href=\"http:\/\/concurso.ifbaiano.edu.br\/portal\/remocao20151\/wp-content\/uploads\/sites\/20\/2015\/05\/resultado-final.pdf\" target=\"_blank\">RESULTADO FINAL DO EDITAL DE REMO\u00c7\u00c3O N\u00ba 32, de 14 de ABRIL de 2015<\/a><\/p>\n<p>&nbsp;<\/p>\n<p class=\"inicial-titulo\" style=\"text-align: left;\">Processo Serrinha<\/p>\n<address>\u00a0<\/address>\n<p><span style=\"font-size: 10px;\">01\/12\/2015 &#8211; <\/span><a title=\"Edital n\u00ba 90 de 26 de novembro de 2015\" href=\"http:\/\/concurso.ifbaiano.edu.br\/portal\/remocao20151\/wp-content\/uploads\/sites\/20\/2015\/12\/edital-90-2015.pdf\" target=\"_blank\">Edital n\u00ba 90\/2015 de 26 de novembro de 2015<\/a><\/p>\n<address>\u00a0<\/address>\n<p><span style=\"font-size: 10px;\">01\/12\/2015 &#8211; <\/span><a title=\"Resolu\u00e7\u00e3o n\u00ba 28 de 24 de novembro de 2015\" href=\"http:\/\/concurso.ifbaiano.edu.br\/portal\/remocao20151\/wp-content\/uploads\/sites\/20\/2015\/12\/resolucao-28-2015.pdf\" target=\"_blank\">Resolu\u00e7\u00e3o n\u00ba 28 de 24 de novembro de 2015<\/a><\/p>\n<address>\u00a0<\/address>\n<p><span style=\"font-size: 10px;\">04\/12\/2015 &#8211; <\/span><a title=\"Retifica\u00e7\u00e3o n\u00ba 01 do Edital n\u00ba 90\/2015\" href=\"http:\/\/concurso.ifbaiano.edu.br\/portal\/remocao20151\/wp-content\/uploads\/sites\/20\/2015\/12\/ret01-edital90.pdf\" target=\"_blank\">Retifica\u00e7\u00e3o n\u00ba 01 do Edital n\u00ba 90\/2015<\/a><\/p>\n<address>\u00a0<\/address>\n<p><span style=\"font-size: 10px;\">07\/12\/2015 &#8211; <\/span><a title=\"Retifica\u00e7\u00e3o n\u00ba 02 do Edital n\u00ba 90\/2015\" href=\"http:\/\/concurso.ifbaiano.edu.br\/portal\/remocao20151\/wp-content\/uploads\/sites\/20\/2015\/12\/ret-02-edital-90-2015.pdf\" target=\"_blank\">Retifica\u00e7\u00e3o n\u00ba 02 do Edital n\u00ba 90\/2015<\/a><\/p>\n<address>\u00a0<\/address>\n<p><span style=\"font-size: 10px;\">07\/12\/2015 &#8211; <\/span><a title=\"Retifica\u00e7\u00e3o n\u00ba 03 do Edital n\u00ba 90\/2015\" href=\"http:\/\/concurso.ifbaiano.edu.br\/portal\/remocao20151\/wp-content\/uploads\/sites\/20\/2015\/12\/ret-03-edital-90-2015.pdf\" target=\"_blank\">Retifica\u00e7\u00e3o n\u00ba 03 do Edital n\u00ba 90\/2015<\/a><\/p>\n<address>\u00a0<\/address>\n<p><span style=\"font-size: 10px;\">07\/12\/2015 &#8211; <\/span><a title=\"Manual de Preenchimento do Formul\u00e1rio Eletr\u00f4nico\" href=\"http:\/\/concurso.ifbaiano.edu.br\/portal\/remocao20151\/wp-content\/uploads\/sites\/20\/2015\/12\/manual-preenchimento.pdf\" target=\"_blank\">Manual de Preenchimento do Formul\u00e1rio Eletr\u00f4nico<\/a><\/p>\n<address>\u00a0<\/address>\n<p><span style=\"font-size: 10px;\">10\/12\/2015 &#8211; <\/span><a title=\"Manual de Preenchimento do Formul\u00e1rio Eletr\u00f4nico (Retificado)\" href=\"http:\/\/concurso.ifbaiano.edu.br\/portal\/remocao20151\/wp-content\/uploads\/sites\/20\/2015\/12\/manual-remocao-2.pdf\" target=\"_blank\">Manual de Preenchimento do Formul\u00e1rio Eletr\u00f4nico (Retificado)<\/a><\/p>\n<address>\u00a0<\/address>\n<p><span style=\"font-size: 10px;\">18\/12\/2015 &#8211; <\/span><a title=\"Retifica\u00e7\u00e3o n\u00ba 04 do Edital n\u00ba 90\/2015\" href=\"http:\/\/concurso.ifbaiano.edu.br\/portal\/remocao20151\/wp-content\/uploads\/sites\/20\/2011\/04\/Retificacao_04_do_Edital_n_90_2015.pdf\" target=\"_blank\">Retifica\u00e7\u00e3o n\u00ba 04 do Edital n\u00ba 90\/2015<\/a><\/p>\n<address>\u00a0<\/address>\n<p><span style=\"font-size: 10px;\">22\/12\/2015 &#8211; <\/span><a title=\"Homologa\u00e7\u00e3o das Inscri\u00e7\u00f5es do Edital n\u00ba 90\/2015\" href=\"http:\/\/concurso.ifbaiano.edu.br\/portal\/remocao20151\/wp-content\/uploads\/sites\/20\/2011\/04\/Homologacao_das_inscricoes_Edital_90_2015.pdf\" target=\"_blank\">Homologa\u00e7\u00e3o das Inscri\u00e7\u00f5es do Edital n\u00ba 90\/2015<\/a><\/p>\n<address>\u00a0<\/address>\n<p><span style=\"font-size: 10px;\">22\/12\/2015 &#8211; <\/span><a title=\"Resultado Preliminar do Edital n\u00ba 90\/2015\" href=\"http:\/\/concurso.ifbaiano.edu.br\/portal\/remocao20151\/wp-content\/uploads\/sites\/20\/2011\/04\/Resultado_Preliminar_Edital_90_2015.pdf\" target=\"_blank\">Resultado Preliminar do Edital n\u00ba 90\/2015<\/a><\/p>\n<address>\u00a0<\/address>\n<p><span style=\"font-size: 10px;\">28\/12\/2015 &#8211; <\/span><a title=\"Retifica\u00e7\u00e3o 05\" href=\"http:\/\/concurso.ifbaiano.edu.br\/portal\/remocao20151\/wp-content\/uploads\/sites\/20\/2015\/12\/retificacao_05-homologacao_inscricoes.pdf\" target=\"_blank\">Retifica\u00e7\u00e3o 05<\/a><\/p>\n<address>\u00a0<\/address>\n<p><span style=\"font-size: 10px;\">28\/12\/2015 &#8211; <\/span><a title=\"Resultado Final\" href=\"http:\/\/concurso.ifbaiano.edu.br\/portal\/remocao20151\/wp-content\/uploads\/sites\/20\/2015\/12\/resultado_final-remocao_serrinha.pdf\" target=\"_blank\">Resultado Final<\/a><\/p>\n","protected":false},"excerpt":{"rendered":"<p>Processo Geral 20\/04\/2015 &#8211;\u00a0RESOLU\u00c7\u00c3O N\u00ba. 18, DE 14 DE OUTUBRO DE 2014 \u00a0\u00a0 20\/04\/2015 &#8211;\u00a0RESOLU\u00c7\u00c3O N\u00ba. 38, DE 16 DE DEZEMBRO DE 2014 \u00a0\u00a0 20\/04\/2015 &#8211;\u00a0EDITAL DE REMO\u00c7\u00c3O N\u00ba 32, de 14 de ABRIL de 2015 \u00a0 24\/04\/2015 &#8211; RETIFICA\u00c7\u00c3O &hellip; <a href=\"https:\/\/concurso.ifbaiano.edu.br\/portal\/remocao20151\/pagina-inicial\/coluna2\/\">Continue lendo <span class=\"meta-nav\">&rarr;<\/span><\/a><\/p>\n","protected":false},"author":5,"featured_media":0,"parent":9,"menu_order":2,"comment_status":"closed","ping_status":"closed","template":"","meta":[],"_links":{"self":[{"href":"https:\/\/concurso.ifbaiano.edu.br\/portal\/remocao20151\/wp-json\/wp\/v2\/pages\/10"}],"collection":[{"href":"https:\/\/concurso.ifbaiano.edu.br\/portal\/remocao20151\/wp-json\/wp\/v2\/pages"}],"about":[{"href":"https:\/\/concurso.ifbaiano.edu.br\/portal\/remocao20151\/wp-json\/wp\/v2\/types\/page"}],"author":[{"embeddable":true,"href":"https:\/\/concurso.ifbaiano.edu.br\/portal\/remocao20151\/wp-json\/wp\/v2\/users\/5"}],"replies":[{"embeddable":true,"href":"https:\/\/concurso.ifbaiano.edu.br\/portal\/remocao20151\/wp-json\/wp\/v2\/comments?post=10"}],"version-history":[{"count":65,"href":"https:\/\/concurso.ifbaiano.edu.br\/portal\/remocao20151\/wp-json\/wp\/v2\/pages\/10\/revisions"}],"predecessor-version":[{"id":407,"href":"https:\/\/concurso.ifbaiano.edu.br\/portal\/remocao20151\/wp-json\/wp\/v2\/pages\/10\/revisions\/407"}],"up":[{"embeddable":true,"href":"https:\/\/concurso.ifbaiano.edu.br\/portal\/remocao20151\/wp-json\/wp\/v2\/pages\/9"}],"wp:attachment":[{"href":"https:\/\/concurso.ifbaiano.edu.br\/portal\/remocao20151\/wp-json\/wp\/v2\/media?parent=10"}],"curies":[{"name":"wp","href":"https:\/\/api.w.org\/{rel}","templated":true}]}}