{"id":16,"date":"2011-04-18T14:48:50","date_gmt":"2011-04-18T14:48:50","guid":{"rendered":"http:\/\/www.ifbaiano.edu.br\/portal\/discente20112\/?page_id=16"},"modified":"2014-10-21T12:30:49","modified_gmt":"2014-10-21T15:30:49","slug":"inscricao","status":"publish","type":"page","link":"https:\/\/concurso.ifbaiano.edu.br\/portal\/remocao\/inscricao\/","title":{"rendered":"Inscri\u00e7\u00e3o"},"content":{"rendered":"<p>De 21 a 30 de outubro, fa\u00e7a login no <a title=\"Novo-SIGA\" href=\"https:\/\/sistemas.ifbaiano.edu.br\/ADM\/logon.jsp?sys=SAD&amp;msgKey=\">Novo-SIGA<\/a> utilizando o navegador Google Chrome, em seguida execute a &#8220;Proposta de Remo\u00e7\u00e3o&#8221; no m\u00f3dulo de Gest\u00e3o de Recursos Humanos, o m\u00f3dulo est\u00e1 acess\u00edvel pelo bot\u00e3o superior direito.<\/p>\n","protected":false},"excerpt":{"rendered":"<p>De 21 a 30 de outubro, fa\u00e7a login no Novo-SIGA utilizando o navegador Google Chrome, em seguida execute a &#8220;Proposta de Remo\u00e7\u00e3o&#8221; no m\u00f3dulo de Gest\u00e3o de Recursos Humanos, o m\u00f3dulo est\u00e1 acess\u00edvel pelo bot\u00e3o superior direito.<\/p>\n","protected":false},"author":1,"featured_media":0,"parent":0,"menu_order":1,"comment_status":"closed","ping_status":"closed","template":"","meta":[],"_links":{"self":[{"href":"https:\/\/concurso.ifbaiano.edu.br\/portal\/remocao\/wp-json\/wp\/v2\/pages\/16"}],"collection":[{"href":"https:\/\/concurso.ifbaiano.edu.br\/portal\/remocao\/wp-json\/wp\/v2\/pages"}],"about":[{"href":"https:\/\/concurso.ifbaiano.edu.br\/portal\/remocao\/wp-json\/wp\/v2\/types\/page"}],"author":[{"embeddable":true,"href":"https:\/\/concurso.ifbaiano.edu.br\/portal\/remocao\/wp-json\/wp\/v2\/users\/1"}],"replies":[{"embeddable":true,"href":"https:\/\/concurso.ifbaiano.edu.br\/portal\/remocao\/wp-json\/wp\/v2\/comments?post=16"}],"version-history":[{"count":6,"href":"https:\/\/concurso.ifbaiano.edu.br\/portal\/remocao\/wp-json\/wp\/v2\/pages\/16\/revisions"}],"predecessor-version":[{"id":395,"href":"https:\/\/concurso.ifbaiano.edu.br\/portal\/remocao\/wp-json\/wp\/v2\/pages\/16\/revisions\/395"}],"wp:attachment":[{"href":"https:\/\/concurso.ifbaiano.edu.br\/portal\/remocao\/wp-json\/wp\/v2\/media?parent=16"}],"curies":[{"name":"wp","href":"https:\/\/api.w.org\/{rel}","templated":true}]}}