{"id":14,"date":"2011-04-18T14:48:22","date_gmt":"2011-04-18T14:48:22","guid":{"rendered":"http:\/\/www.ifbaiano.edu.br\/portal\/discente20112\/?page_id=14"},"modified":"2014-10-17T10:33:34","modified_gmt":"2014-10-17T13:33:34","slug":"contato","status":"publish","type":"page","link":"https:\/\/concurso.ifbaiano.edu.br\/portal\/remocao\/contato\/","title":{"rendered":"Contato"},"content":{"rendered":"<div>\n<p><strong>Comiss\u00e3o Permanente de Remo\u00e7\u00e3o do IFBAIANO<\/strong><\/p>\n<p><strong>E-mail:<\/strong> cpr@ifbaiano.edu.br<\/p>\n<\/div>\n","protected":false},"excerpt":{"rendered":"<p>Comiss\u00e3o Permanente de Remo\u00e7\u00e3o do IFBAIANO E-mail: cpr@ifbaiano.edu.br<\/p>\n","protected":false},"author":1,"featured_media":0,"parent":0,"menu_order":3,"comment_status":"closed","ping_status":"closed","template":"","meta":[],"_links":{"self":[{"href":"https:\/\/concurso.ifbaiano.edu.br\/portal\/remocao\/wp-json\/wp\/v2\/pages\/14"}],"collection":[{"href":"https:\/\/concurso.ifbaiano.edu.br\/portal\/remocao\/wp-json\/wp\/v2\/pages"}],"about":[{"href":"https:\/\/concurso.ifbaiano.edu.br\/portal\/remocao\/wp-json\/wp\/v2\/types\/page"}],"author":[{"embeddable":true,"href":"https:\/\/concurso.ifbaiano.edu.br\/portal\/remocao\/wp-json\/wp\/v2\/users\/1"}],"replies":[{"embeddable":true,"href":"https:\/\/concurso.ifbaiano.edu.br\/portal\/remocao\/wp-json\/wp\/v2\/comments?post=14"}],"version-history":[{"count":2,"href":"https:\/\/concurso.ifbaiano.edu.br\/portal\/remocao\/wp-json\/wp\/v2\/pages\/14\/revisions"}],"predecessor-version":[{"id":397,"href":"https:\/\/concurso.ifbaiano.edu.br\/portal\/remocao\/wp-json\/wp\/v2\/pages\/14\/revisions\/397"}],"wp:attachment":[{"href":"https:\/\/concurso.ifbaiano.edu.br\/portal\/remocao\/wp-json\/wp\/v2\/media?parent=14"}],"curies":[{"name":"wp","href":"https:\/\/api.w.org\/{rel}","templated":true}]}}